{"id":993,"date":"2021-09-29T12:14:44","date_gmt":"2021-09-29T12:14:44","guid":{"rendered":"http:\/\/www.wanhasatama.fi\/?page_id=993"},"modified":"2024-11-08T11:49:56","modified_gmt":"2024-11-08T11:49:56","slug":"ohjelmapalvelut","status":"publish","type":"page","link":"https:\/\/www.wanhasatama.fi\/en\/ohjelmapalvelut\/","title":{"rendered":"Program Services"},"content":{"rendered":"<div data-elementor-type=\"wp-post\" data-elementor-id=\"993\" class=\"elementor elementor-993\" data-elementor-post-type=\"page\">\n\t\t\t\t<div class=\"elementor-element elementor-element-077a67f e-flex e-con-boxed e-con e-parent\" data-id=\"077a67f\" data-element_type=\"container\" data-e-type=\"container\" data-settings=\"{&quot;background_background&quot;:&quot;classic&quot;}\">\n\t\t\t\t\t<div class=\"e-con-inner\">\n\t\t\t\t<div class=\"elementor-element elementor-element-44cf87b elementor-widget elementor-widget-heading\" data-id=\"44cf87b\" data-element_type=\"widget\" data-e-type=\"widget\" data-widget_type=\"heading.default\">\n\t\t\t\t\t<h1 class=\"elementor-heading-title elementor-size-default\">Wanhan Sataman ohjelmapalvelut \u2013 tunnelmaa ja el\u00e4myksi\u00e4<\/h1>\t\t\t\t<\/div>\n\t\t\t\t\t<\/div>\n\t\t\t\t<\/div>\n\t\t<div class=\"elementor-element elementor-element-1e52f63 e-flex e-con-boxed e-con e-parent\" data-id=\"1e52f63\" data-element_type=\"container\" data-e-type=\"container\">\n\t\t\t\t\t<div class=\"e-con-inner\">\n\t\t\t\t<div class=\"elementor-element elementor-element-7b6dcd7 elementor-widget elementor-widget-heading\" data-id=\"7b6dcd7\" data-element_type=\"widget\" data-e-type=\"widget\" data-widget_type=\"heading.default\">\n\t\t\t\t\t<h2 class=\"elementor-heading-title elementor-size-default\">El\u00e4mykselliset ohjelmapalvelut tapahtumiin<\/h2>\t\t\t\t<\/div>\n\t\t\t\t<div class=\"elementor-element elementor-element-8e7e825 elementor-widget elementor-widget-text-editor\" data-id=\"8e7e825\" data-element_type=\"widget\" data-e-type=\"widget\" data-widget_type=\"text-editor.default\">\n\t\t\t\t\t\t\t\t\t<div>Wanhan Satama tarjoaa monipuolisia ohjelmapalveluita ja tekee tiivist\u00e4 yhteisty\u00f6t\u00e4 usean agentuurin ja taiteilijan kanssa. Luo siis tapahtumastasi viel\u00e4kin el\u00e4myksellisempi el\u00e4v\u00e4n musiikin, ammattijuontajien, stand up -komiikan tai DJ:n vauhdittamana.<\/div>\t\t\t\t\t\t\t\t<\/div>\n\t\t\t\t<div class=\"elementor-element elementor-element-bd9d9c3 elementor-widget elementor-widget-gallery\" data-id=\"bd9d9c3\" data-element_type=\"widget\" data-e-type=\"widget\" data-settings=\"{&quot;content_sequenced_animation&quot;:&quot;yes&quot;,&quot;lazyload&quot;:&quot;yes&quot;,&quot;gallery_layout&quot;:&quot;grid&quot;,&quot;columns&quot;:4,&quot;columns_tablet&quot;:2,&quot;columns_mobile&quot;:1,&quot;gap&quot;:{&quot;unit&quot;:&quot;px&quot;,&quot;size&quot;:10,&quot;sizes&quot;:[]},&quot;gap_tablet&quot;:{&quot;unit&quot;:&quot;px&quot;,&quot;size&quot;:10,&quot;sizes&quot;:[]},&quot;gap_mobile&quot;:{&quot;unit&quot;:&quot;px&quot;,&quot;size&quot;:10,&quot;sizes&quot;:[]},&quot;link_to&quot;:&quot;file&quot;,&quot;aspect_ratio&quot;:&quot;3:2&quot;,&quot;overlay_background&quot;:&quot;yes&quot;,&quot;content_hover_animation&quot;:&quot;fade-in&quot;}\" data-widget_type=\"gallery.default\">\n\t\t\t\t\t\t\t<div class=\"elementor-gallery__container\">\n\t\t\t\t\t\t\t<a class=\"e-gallery-item elementor-gallery-item elementor-animated-content\" href=\"https:\/\/www.wanhasatama.fi\/wp-content\/uploads\/2022\/02\/ohjelmapalvelut.jpg\" data-elementor-open-lightbox=\"yes\" data-elementor-lightbox-slideshow=\"bd9d9c3\" data-e-action-hash=\"#elementor-action%3Aaction%3Dlightbox%26settings%3DeyJpZCI6MTMzMywidXJsIjoiaHR0cHM6XC9cL3d3dy53YW5oYXNhdGFtYS5maVwvd3AtY29udGVudFwvdXBsb2Fkc1wvMjAyMlwvMDJcL29oamVsbWFwYWx2ZWx1dC5qcGciLCJzbGlkZXNob3ciOiJiZDlkOWMzIn0%3D\">\n\t\t\t\t\t<div class=\"e-gallery-image elementor-gallery-item__image\" data-thumbnail=\"https:\/\/www.wanhasatama.fi\/wp-content\/uploads\/2022\/02\/ohjelmapalvelut-1024x681.jpg\" data-width=\"1024\" data-height=\"681\" aria-label=\"\" role=\"img\" ><\/div>\n\t\t\t\t\t\t\t\t\t\t\t<div class=\"elementor-gallery-item__overlay\"><\/div>\n\t\t\t\t\t\t\t\t\t\t\t\t\t\t<\/a>\n\t\t\t\t\t\t\t<a class=\"e-gallery-item elementor-gallery-item elementor-animated-content\" href=\"https:\/\/www.wanhasatama.fi\/wp-content\/uploads\/2022\/04\/P5B0902.jpg\" data-elementor-open-lightbox=\"yes\" data-elementor-lightbox-slideshow=\"bd9d9c3\" data-e-action-hash=\"#elementor-action%3Aaction%3Dlightbox%26settings%3DeyJpZCI6MjI2MCwidXJsIjoiaHR0cHM6XC9cL3d3dy53YW5oYXNhdGFtYS5maVwvd3AtY29udGVudFwvdXBsb2Fkc1wvMjAyMlwvMDRcL1A1QjA5MDIuanBnIiwic2xpZGVzaG93IjoiYmQ5ZDljMyJ9\">\n\t\t\t\t\t<div class=\"e-gallery-image elementor-gallery-item__image\" data-thumbnail=\"https:\/\/www.wanhasatama.fi\/wp-content\/uploads\/2022\/04\/P5B0902-1024x682.jpg\" data-width=\"1024\" data-height=\"682\" aria-label=\"\" role=\"img\" ><\/div>\n\t\t\t\t\t\t\t\t\t\t\t<div class=\"elementor-gallery-item__overlay\"><\/div>\n\t\t\t\t\t\t\t\t\t\t\t\t\t\t<\/a>\n\t\t\t\t\t\t\t<a class=\"e-gallery-item elementor-gallery-item elementor-animated-content\" href=\"https:\/\/www.wanhasatama.fi\/wp-content\/uploads\/2022\/04\/IMG_9306-scaled.jpg\" data-elementor-open-lightbox=\"yes\" data-elementor-lightbox-slideshow=\"bd9d9c3\" data-e-action-hash=\"#elementor-action%3Aaction%3Dlightbox%26settings%3DeyJpZCI6MjMzMSwidXJsIjoiaHR0cHM6XC9cL3d3dy53YW5oYXNhdGFtYS5maVwvd3AtY29udGVudFwvdXBsb2Fkc1wvMjAyMlwvMDRcL0lNR185MzA2LXNjYWxlZC5qcGciLCJzbGlkZXNob3ciOiJiZDlkOWMzIn0%3D\">\n\t\t\t\t\t<div class=\"e-gallery-image elementor-gallery-item__image\" data-thumbnail=\"https:\/\/www.wanhasatama.fi\/wp-content\/uploads\/2022\/04\/IMG_9306-768x1024.jpg\" data-width=\"768\" data-height=\"1024\" aria-label=\"\" role=\"img\" ><\/div>\n\t\t\t\t\t\t\t\t\t\t\t<div class=\"elementor-gallery-item__overlay\"><\/div>\n\t\t\t\t\t\t\t\t\t\t\t\t\t\t<\/a>\n\t\t\t\t\t\t\t<a class=\"e-gallery-item elementor-gallery-item elementor-animated-content\" href=\"https:\/\/www.wanhasatama.fi\/wp-content\/uploads\/2024\/11\/Pro-Gaala3-scaled.jpg\" data-elementor-open-lightbox=\"yes\" data-elementor-lightbox-slideshow=\"bd9d9c3\" data-e-action-hash=\"#elementor-action%3Aaction%3Dlightbox%26settings%3DeyJpZCI6NDY5MSwidXJsIjoiaHR0cHM6XC9cL3d3dy53YW5oYXNhdGFtYS5maVwvd3AtY29udGVudFwvdXBsb2Fkc1wvMjAyNFwvMTFcL1Byby1HYWFsYTMtc2NhbGVkLmpwZyIsInNsaWRlc2hvdyI6ImJkOWQ5YzMifQ%3D%3D\">\n\t\t\t\t\t<div class=\"e-gallery-image elementor-gallery-item__image\" data-thumbnail=\"https:\/\/www.wanhasatama.fi\/wp-content\/uploads\/2024\/11\/Pro-Gaala3-1024x683.jpg\" data-width=\"1024\" data-height=\"683\" aria-label=\"\" role=\"img\" ><\/div>\n\t\t\t\t\t\t\t\t\t\t\t<div class=\"elementor-gallery-item__overlay\"><\/div>\n\t\t\t\t\t\t\t\t\t\t\t\t\t\t<\/a>\n\t\t\t\t\t\t\t<a class=\"e-gallery-item elementor-gallery-item elementor-animated-content\" href=\"https:\/\/www.wanhasatama.fi\/wp-content\/uploads\/2024\/11\/TMS-Summer-2019-TMS-Party-low-res-161.jpg\" data-elementor-open-lightbox=\"yes\" data-elementor-lightbox-slideshow=\"bd9d9c3\" data-e-action-hash=\"#elementor-action%3Aaction%3Dlightbox%26settings%3DeyJpZCI6NTAyNywidXJsIjoiaHR0cHM6XC9cL3d3dy53YW5oYXNhdGFtYS5maVwvd3AtY29udGVudFwvdXBsb2Fkc1wvMjAyNFwvMTFcL1RNUy1TdW1tZXItMjAxOS1UTVMtUGFydHktbG93LXJlcy0xNjEuanBnIiwic2xpZGVzaG93IjoiYmQ5ZDljMyJ9\">\n\t\t\t\t\t<div class=\"e-gallery-image elementor-gallery-item__image\" data-thumbnail=\"https:\/\/www.wanhasatama.fi\/wp-content\/uploads\/2024\/11\/TMS-Summer-2019-TMS-Party-low-res-161-1024x681.jpg\" data-width=\"1024\" data-height=\"681\" aria-label=\"\" role=\"img\" ><\/div>\n\t\t\t\t\t\t\t\t\t\t\t<div class=\"elementor-gallery-item__overlay\"><\/div>\n\t\t\t\t\t\t\t\t\t\t\t\t\t\t<\/a>\n\t\t\t\t\t\t\t<a class=\"e-gallery-item elementor-gallery-item elementor-animated-content\" href=\"https:\/\/www.wanhasatama.fi\/wp-content\/uploads\/2024\/11\/TMS-Summer-2019-TMS-Party-low-res-023.jpg\" data-elementor-open-lightbox=\"yes\" data-elementor-lightbox-slideshow=\"bd9d9c3\" data-e-action-hash=\"#elementor-action%3Aaction%3Dlightbox%26settings%3DeyJpZCI6NTAyOCwidXJsIjoiaHR0cHM6XC9cL3d3dy53YW5oYXNhdGFtYS5maVwvd3AtY29udGVudFwvdXBsb2Fkc1wvMjAyNFwvMTFcL1RNUy1TdW1tZXItMjAxOS1UTVMtUGFydHktbG93LXJlcy0wMjMuanBnIiwic2xpZGVzaG93IjoiYmQ5ZDljMyJ9\">\n\t\t\t\t\t<div class=\"e-gallery-image elementor-gallery-item__image\" data-thumbnail=\"https:\/\/www.wanhasatama.fi\/wp-content\/uploads\/2024\/11\/TMS-Summer-2019-TMS-Party-low-res-023-1024x681.jpg\" data-width=\"1024\" data-height=\"681\" aria-label=\"\" role=\"img\" ><\/div>\n\t\t\t\t\t\t\t\t\t\t\t<div class=\"elementor-gallery-item__overlay\"><\/div>\n\t\t\t\t\t\t\t\t\t\t\t\t\t\t<\/a>\n\t\t\t\t\t\t\t<a class=\"e-gallery-item elementor-gallery-item elementor-animated-content\" href=\"https:\/\/www.wanhasatama.fi\/wp-content\/uploads\/2024\/11\/BDAY-Band-by-George-on-January-31-2020-at-221917-scaled.jpg\" data-elementor-open-lightbox=\"yes\" data-elementor-lightbox-slideshow=\"bd9d9c3\" data-e-action-hash=\"#elementor-action%3Aaction%3Dlightbox%26settings%3DeyJpZCI6NTAyOSwidXJsIjoiaHR0cHM6XC9cL3d3dy53YW5oYXNhdGFtYS5maVwvd3AtY29udGVudFwvdXBsb2Fkc1wvMjAyNFwvMTFcL0JEQVktQmFuZC1ieS1HZW9yZ2Utb24tSmFudWFyeS0zMS0yMDIwLWF0LTIyMTkxNy1zY2FsZWQuanBnIiwic2xpZGVzaG93IjoiYmQ5ZDljMyJ9\">\n\t\t\t\t\t<div class=\"e-gallery-image elementor-gallery-item__image\" data-thumbnail=\"https:\/\/www.wanhasatama.fi\/wp-content\/uploads\/2024\/11\/BDAY-Band-by-George-on-January-31-2020-at-221917-1024x683.jpg\" data-width=\"1024\" data-height=\"683\" aria-label=\"\" role=\"img\" ><\/div>\n\t\t\t\t\t\t\t\t\t\t\t<div class=\"elementor-gallery-item__overlay\"><\/div>\n\t\t\t\t\t\t\t\t\t\t\t\t\t\t<\/a>\n\t\t\t\t\t\t\t<a class=\"e-gallery-item elementor-gallery-item elementor-animated-content\" href=\"https:\/\/www.wanhasatama.fi\/wp-content\/uploads\/2024\/11\/BDAY-Band-by-George-on-January-31-2020-at-213851-scaled.jpg\" data-elementor-open-lightbox=\"yes\" data-elementor-lightbox-slideshow=\"bd9d9c3\" data-e-action-hash=\"#elementor-action%3Aaction%3Dlightbox%26settings%3DeyJpZCI6NTAzMCwidXJsIjoiaHR0cHM6XC9cL3d3dy53YW5oYXNhdGFtYS5maVwvd3AtY29udGVudFwvdXBsb2Fkc1wvMjAyNFwvMTFcL0JEQVktQmFuZC1ieS1HZW9yZ2Utb24tSmFudWFyeS0zMS0yMDIwLWF0LTIxMzg1MS1zY2FsZWQuanBnIiwic2xpZGVzaG93IjoiYmQ5ZDljMyJ9\">\n\t\t\t\t\t<div class=\"e-gallery-image elementor-gallery-item__image\" data-thumbnail=\"https:\/\/www.wanhasatama.fi\/wp-content\/uploads\/2024\/11\/BDAY-Band-by-George-on-January-31-2020-at-213851-1024x683.jpg\" data-width=\"1024\" data-height=\"683\" aria-label=\"\" role=\"img\" ><\/div>\n\t\t\t\t\t\t\t\t\t\t\t<div class=\"elementor-gallery-item__overlay\"><\/div>\n\t\t\t\t\t\t\t\t\t\t\t\t\t\t<\/a>\n\t\t\t\t\t<\/div>\n\t\t\t\t\t<\/div>\n\t\t\t\t\t<\/div>\n\t\t\t\t<\/div>\n\t\t<div class=\"elementor-element elementor-element-9678825 e-flex e-con-boxed e-con e-parent\" data-id=\"9678825\" data-element_type=\"container\" data-e-type=\"container\">\n\t\t\t\t\t<div class=\"e-con-inner\">\n\t\t<div class=\"elementor-element elementor-element-38694b3 e-con-full e-flex e-con e-child\" data-id=\"38694b3\" data-element_type=\"container\" data-e-type=\"container\">\n\t\t\t\t<div class=\"elementor-element elementor-element-d3c768f elementor-align-center elementor-widget elementor-widget-button\" data-id=\"d3c768f\" data-element_type=\"widget\" data-e-type=\"widget\" data-widget_type=\"button.default\">\n\t\t\t\t\t\t\t\t\t\t<a class=\"elementor-button elementor-button-link elementor-size-sm\" href=\"\/en\/yhteystiedot\/\">\n\t\t\t\t\t\t<span class=\"elementor-button-content-wrapper\">\n\t\t\t\t\t\t\t\t\t<span class=\"elementor-button-text\">REQUEST A QUOTATION<\/span>\n\t\t\t\t\t<\/span>\n\t\t\t\t\t<\/a>\n\t\t\t\t\t\t\t\t<\/div>\n\t\t\t\t<\/div>\n\t\t\t\t\t<\/div>\n\t\t\t\t<\/div>\n\t\t\t\t<\/div>","protected":false},"excerpt":{"rendered":"<p>Wanhan Sataman ohjelmapalvelut \u2013 tunnelmaa ja el\u00e4myksi\u00e4 El\u00e4mykselliset ohjelmapalvelut tapahtumiin Wanhan Satama tarjoaa monipuolisia ohjelmapalveluita ja tekee tiivist\u00e4 yhteisty\u00f6t\u00e4 usean agentuurin ja taiteilijan kanssa. Luo siis tapahtumastasi viel\u00e4kin el\u00e4myksellisempi el\u00e4v\u00e4n musiikin, ammattijuontajien, stand up -komiikan tai DJ:n vauhdittamana. PYYD\u00c4 TARJOUS<\/p>","protected":false},"author":2,"featured_media":0,"parent":0,"menu_order":0,"comment_status":"closed","ping_status":"closed","template":"","meta":{"_improvement_type_select":"improve_an_existing","_thumb_yes_seoaic":false,"_frame_yes_seoaic":false,"seoaic_generate_description":"","seoaic_improve_instructions_prompt":"","seoaic_rollback_content_improvement":"","seoaic_idea_thumbnail_generator":"","thumbnail_generated":false,"thumbnail_generate_prompt":"","seoaic_article_description":"","site-sidebar-layout":"no-sidebar","site-content-layout":"page-builder","ast-site-content-layout":"default","site-content-style":"default","site-sidebar-style":"default","ast-global-header-display":"","ast-banner-title-visibility":"","ast-main-header-display":"","ast-hfb-above-header-display":"","ast-hfb-below-header-display":"","ast-hfb-mobile-header-display":"","site-post-title":"disabled","ast-breadcrumbs-content":"","ast-featured-img":"disabled","footer-sml-layout":"","ast-disable-related-posts":"","theme-transparent-header-meta":"enabled","adv-header-id-meta":"","stick-header-meta":"","header-above-stick-meta":"","header-main-stick-meta":"","header-below-stick-meta":"","astra-migrate-meta-layouts":"default","ast-page-background-enabled":"default","ast-page-background-meta":{"desktop":{"background-color":"","background-image":"","background-repeat":"repeat","background-position":"center center","background-size":"auto","background-attachment":"scroll","background-type":"","background-media":"","overlay-type":"","overlay-color":"","overlay-opacity":"","overlay-gradient":""},"tablet":{"background-color":"","background-image":"","background-repeat":"repeat","background-position":"center center","background-size":"auto","background-attachment":"scroll","background-type":"","background-media":"","overlay-type":"","overlay-color":"","overlay-opacity":"","overlay-gradient":""},"mobile":{"background-color":"","background-image":"","background-repeat":"repeat","background-position":"center center","background-size":"auto","background-attachment":"scroll","background-type":"","background-media":"","overlay-type":"","overlay-color":"","overlay-opacity":"","overlay-gradient":""}},"ast-content-background-meta":{"desktop":{"background-color":"var(--ast-global-color-5)","background-image":"","background-repeat":"repeat","background-position":"center center","background-size":"auto","background-attachment":"scroll","background-type":"","background-media":"","overlay-type":"","overlay-color":"","overlay-opacity":"","overlay-gradient":""},"tablet":{"background-color":"var(--ast-global-color-5)","background-image":"","background-repeat":"repeat","background-position":"center center","background-size":"auto","background-attachment":"scroll","background-type":"","background-media":"","overlay-type":"","overlay-color":"","overlay-opacity":"","overlay-gradient":""},"mobile":{"background-color":"var(--ast-global-color-5)","background-image":"","background-repeat":"repeat","background-position":"center center","background-size":"auto","background-attachment":"scroll","background-type":"","background-media":"","overlay-type":"","overlay-color":"","overlay-opacity":"","overlay-gradient":""}},"footnotes":""},"class_list":["post-993","page","type-page","status-publish","hentry"],"yoast_head":"<!-- This site is optimized with the Yoast SEO plugin v27.5 - https:\/\/yoast.com\/product\/yoast-seo-wordpress\/ -->\n<title>Ohjelmapalvelut - El\u00e4mysten Wanha Satama<\/title>\n<meta name=\"description\" content=\"Wanhan Satama tarjoaa erilaisia ohjelmapalveluita ja tekee tiivist\u00e4 yhteisty\u00f6t\u00e4 usean taiteilijan kanssa. Luo siis tapahtumastasi viel\u00e4kin el\u00e4myksellisempi.\" \/>\n<meta name=\"robots\" content=\"index, follow, max-snippet:-1, max-image-preview:large, max-video-preview:-1\" \/>\n<link rel=\"canonical\" href=\"https:\/\/www.wanhasatama.fi\/en\/ohjelmapalvelut\/\" \/>\n<meta property=\"og:locale\" content=\"en_US\" \/>\n<meta property=\"og:type\" content=\"article\" \/>\n<meta property=\"og:title\" content=\"Ohjelmapalvelut - El\u00e4mysten Wanha Satama\" \/>\n<meta property=\"og:description\" content=\"Wanhan Satama tarjoaa erilaisia ohjelmapalveluita ja tekee tiivist\u00e4 yhteisty\u00f6t\u00e4 usean taiteilijan kanssa. Luo siis tapahtumastasi viel\u00e4kin el\u00e4myksellisempi.\" \/>\n<meta property=\"og:url\" content=\"https:\/\/www.wanhasatama.fi\/en\/ohjelmapalvelut\/\" \/>\n<meta property=\"og:site_name\" content=\"El\u00e4mysten Wanha Satama\" \/>\n<meta property=\"article:modified_time\" content=\"2024-11-08T11:49:56+00:00\" \/>\n<meta name=\"twitter:card\" content=\"summary_large_image\" \/>\n<meta name=\"twitter:label1\" content=\"Est. reading time\" \/>\n\t<meta name=\"twitter:data1\" content=\"1 minute\" \/>\n<script type=\"application\/ld+json\" class=\"yoast-schema-graph\">{\"@context\":\"https:\\\/\\\/schema.org\",\"@graph\":[{\"@type\":\"WebPage\",\"@id\":\"https:\\\/\\\/www.wanhasatama.fi\\\/ohjelmapalvelut\\\/\",\"url\":\"https:\\\/\\\/www.wanhasatama.fi\\\/ohjelmapalvelut\\\/\",\"name\":\"Ohjelmapalvelut - El\u00e4mysten Wanha Satama\",\"isPartOf\":{\"@id\":\"https:\\\/\\\/www.wanhasatama.fi\\\/#website\"},\"datePublished\":\"2021-09-29T12:14:44+00:00\",\"dateModified\":\"2024-11-08T11:49:56+00:00\",\"description\":\"Wanhan Satama tarjoaa erilaisia ohjelmapalveluita ja tekee tiivist\u00e4 yhteisty\u00f6t\u00e4 usean taiteilijan kanssa. Luo siis tapahtumastasi viel\u00e4kin el\u00e4myksellisempi.\",\"breadcrumb\":{\"@id\":\"https:\\\/\\\/www.wanhasatama.fi\\\/ohjelmapalvelut\\\/#breadcrumb\"},\"inLanguage\":\"en-US\",\"potentialAction\":[{\"@type\":\"ReadAction\",\"target\":[\"https:\\\/\\\/www.wanhasatama.fi\\\/ohjelmapalvelut\\\/\"]}]},{\"@type\":\"BreadcrumbList\",\"@id\":\"https:\\\/\\\/www.wanhasatama.fi\\\/ohjelmapalvelut\\\/#breadcrumb\",\"itemListElement\":[{\"@type\":\"ListItem\",\"position\":1,\"name\":\"Home\",\"item\":\"https:\\\/\\\/www.wanhasatama.fi\\\/\"},{\"@type\":\"ListItem\",\"position\":2,\"name\":\"Ohjelmapalvelut\"}]},{\"@type\":\"WebSite\",\"@id\":\"https:\\\/\\\/www.wanhasatama.fi\\\/#website\",\"url\":\"https:\\\/\\\/www.wanhasatama.fi\\\/\",\"name\":\"El\u00e4mysten Wanha Satama\",\"description\":\"\",\"publisher\":{\"@id\":\"https:\\\/\\\/www.wanhasatama.fi\\\/#organization\"},\"potentialAction\":[{\"@type\":\"SearchAction\",\"target\":{\"@type\":\"EntryPoint\",\"urlTemplate\":\"https:\\\/\\\/www.wanhasatama.fi\\\/?s={search_term_string}\"},\"query-input\":{\"@type\":\"PropertyValueSpecification\",\"valueRequired\":true,\"valueName\":\"search_term_string\"}}],\"inLanguage\":\"en-US\"},{\"@type\":\"Organization\",\"@id\":\"https:\\\/\\\/www.wanhasatama.fi\\\/#organization\",\"name\":\"El\u00e4mysten Wanha Satama\",\"url\":\"https:\\\/\\\/www.wanhasatama.fi\\\/\",\"logo\":{\"@type\":\"ImageObject\",\"inLanguage\":\"en-US\",\"@id\":\"https:\\\/\\\/www.wanhasatama.fi\\\/#\\\/schema\\\/logo\\\/image\\\/\",\"url\":\"https:\\\/\\\/www.wanhasatama.fi\\\/wp-content\\\/uploads\\\/2021\\\/08\\\/logo200x200.png\",\"contentUrl\":\"https:\\\/\\\/www.wanhasatama.fi\\\/wp-content\\\/uploads\\\/2021\\\/08\\\/logo200x200.png\",\"width\":200,\"height\":200,\"caption\":\"El\u00e4mysten Wanha Satama\"},\"image\":{\"@id\":\"https:\\\/\\\/www.wanhasatama.fi\\\/#\\\/schema\\\/logo\\\/image\\\/\"}}]}<\/script>\n<!-- \/ Yoast SEO plugin. -->","yoast_head_json":{"title":"Ohjelmapalvelut - El\u00e4mysten Wanha Satama","description":"Wanhan Satama offers various program services and works closely with several artists. Make your event even more exciting.","robots":{"index":"index","follow":"follow","max-snippet":"max-snippet:-1","max-image-preview":"max-image-preview:large","max-video-preview":"max-video-preview:-1"},"canonical":"https:\/\/www.wanhasatama.fi\/en\/ohjelmapalvelut\/","og_locale":"en_US","og_type":"article","og_title":"Ohjelmapalvelut - El\u00e4mysten Wanha Satama","og_description":"Wanhan Satama tarjoaa erilaisia ohjelmapalveluita ja tekee tiivist\u00e4 yhteisty\u00f6t\u00e4 usean taiteilijan kanssa. Luo siis tapahtumastasi viel\u00e4kin el\u00e4myksellisempi.","og_url":"https:\/\/www.wanhasatama.fi\/en\/ohjelmapalvelut\/","og_site_name":"El\u00e4mysten Wanha Satama","article_modified_time":"2024-11-08T11:49:56+00:00","twitter_card":"summary_large_image","twitter_misc":{"Est. reading time":"1 minute"},"schema":{"@context":"https:\/\/schema.org","@graph":[{"@type":"WebPage","@id":"https:\/\/www.wanhasatama.fi\/ohjelmapalvelut\/","url":"https:\/\/www.wanhasatama.fi\/ohjelmapalvelut\/","name":"Ohjelmapalvelut - El\u00e4mysten Wanha Satama","isPartOf":{"@id":"https:\/\/www.wanhasatama.fi\/#website"},"datePublished":"2021-09-29T12:14:44+00:00","dateModified":"2024-11-08T11:49:56+00:00","description":"Wanhan Satama offers various program services and works closely with several artists. Make your event even more exciting.","breadcrumb":{"@id":"https:\/\/www.wanhasatama.fi\/ohjelmapalvelut\/#breadcrumb"},"inLanguage":"en-US","potentialAction":[{"@type":"ReadAction","target":["https:\/\/www.wanhasatama.fi\/ohjelmapalvelut\/"]}]},{"@type":"BreadcrumbList","@id":"https:\/\/www.wanhasatama.fi\/ohjelmapalvelut\/#breadcrumb","itemListElement":[{"@type":"ListItem","position":1,"name":"Home","item":"https:\/\/www.wanhasatama.fi\/"},{"@type":"ListItem","position":2,"name":"Ohjelmapalvelut"}]},{"@type":"WebSite","@id":"https:\/\/www.wanhasatama.fi\/#website","url":"https:\/\/www.wanhasatama.fi\/","name":"Experience Wanha Satama","description":"","publisher":{"@id":"https:\/\/www.wanhasatama.fi\/#organization"},"potentialAction":[{"@type":"SearchAction","target":{"@type":"EntryPoint","urlTemplate":"https:\/\/www.wanhasatama.fi\/?s={search_term_string}"},"query-input":{"@type":"PropertyValueSpecification","valueRequired":true,"valueName":"search_term_string"}}],"inLanguage":"en-US"},{"@type":"Organization","@id":"https:\/\/www.wanhasatama.fi\/#organization","name":"Experience Wanha Satama","url":"https:\/\/www.wanhasatama.fi\/","logo":{"@type":"ImageObject","inLanguage":"en-US","@id":"https:\/\/www.wanhasatama.fi\/#\/schema\/logo\/image\/","url":"https:\/\/www.wanhasatama.fi\/wp-content\/uploads\/2021\/08\/logo200x200.png","contentUrl":"https:\/\/www.wanhasatama.fi\/wp-content\/uploads\/2021\/08\/logo200x200.png","width":200,"height":200,"caption":"El\u00e4mysten Wanha Satama"},"image":{"@id":"https:\/\/www.wanhasatama.fi\/#\/schema\/logo\/image\/"}}]}},"_links":{"self":[{"href":"https:\/\/www.wanhasatama.fi\/en\/wp-json\/wp\/v2\/pages\/993","targetHints":{"allow":["GET"]}}],"collection":[{"href":"https:\/\/www.wanhasatama.fi\/en\/wp-json\/wp\/v2\/pages"}],"about":[{"href":"https:\/\/www.wanhasatama.fi\/en\/wp-json\/wp\/v2\/types\/page"}],"author":[{"embeddable":true,"href":"https:\/\/www.wanhasatama.fi\/en\/wp-json\/wp\/v2\/users\/2"}],"replies":[{"embeddable":true,"href":"https:\/\/www.wanhasatama.fi\/en\/wp-json\/wp\/v2\/comments?post=993"}],"version-history":[{"count":5,"href":"https:\/\/www.wanhasatama.fi\/en\/wp-json\/wp\/v2\/pages\/993\/revisions"}],"predecessor-version":[{"id":5187,"href":"https:\/\/www.wanhasatama.fi\/en\/wp-json\/wp\/v2\/pages\/993\/revisions\/5187"}],"wp:attachment":[{"href":"https:\/\/www.wanhasatama.fi\/en\/wp-json\/wp\/v2\/media?parent=993"}],"curies":[{"name":"wp","href":"https:\/\/api.w.org\/{rel}","templated":true}]}}