{"id":939,"date":"2021-09-29T11:46:58","date_gmt":"2021-09-29T11:46:58","guid":{"rendered":"http:\/\/www.wanhasatama.fi\/?page_id=939"},"modified":"2024-11-07T16:27:41","modified_gmt":"2024-11-07T16:27:41","slug":"tapahtumatuotanto","status":"publish","type":"page","link":"https:\/\/www.wanhasatama.fi\/en\/tapahtumatuotanto\/","title":{"rendered":"Event Production"},"content":{"rendered":"<div data-elementor-type=\"wp-post\" data-elementor-id=\"939\" class=\"elementor elementor-939\" data-elementor-post-type=\"page\">\n\t\t\t\t<div class=\"elementor-element elementor-element-9946a3c e-flex e-con-boxed e-con e-parent\" data-id=\"9946a3c\" data-element_type=\"container\" data-e-type=\"container\" data-settings=\"{&quot;background_background&quot;:&quot;classic&quot;}\">\n\t\t\t\t\t<div class=\"e-con-inner\">\n\t\t\t\t<div class=\"elementor-element elementor-element-60719b4 elementor-widget elementor-widget-heading\" data-id=\"60719b4\" data-element_type=\"widget\" data-e-type=\"widget\" data-widget_type=\"heading.default\">\n\t\t\t\t\t<h1 class=\"elementor-heading-title elementor-size-default\">Sujuva tapahtumatuotanto Wanhassa Satamassa<\/h1>\t\t\t\t<\/div>\n\t\t\t\t\t<\/div>\n\t\t\t\t<\/div>\n\t\t<div class=\"elementor-element elementor-element-4145c0d e-flex e-con-boxed e-con e-parent\" data-id=\"4145c0d\" data-element_type=\"container\" data-e-type=\"container\">\n\t\t\t\t\t<div class=\"e-con-inner\">\n\t\t\t\t<div class=\"elementor-element elementor-element-e165060 elementor-widget elementor-widget-text-editor\" data-id=\"e165060\" data-element_type=\"widget\" data-e-type=\"widget\" data-widget_type=\"text-editor.default\">\n\t\t\t\t\t\t\t\t\t<p>Wanha Satama tarjoaa sujuvan ja ammattitaitoisen tapahtumatuotannon, joka tekee tilaisuuksistasi ainutlaatuisia ja vaivattomia. Historiallinen ymp\u00e4rist\u00f6 yhdistettyn\u00e4 huippuluokan palveluihin luo t\u00e4ydellisen pohjan onnistuneille tapahtumille. Olipa kyseess\u00e4 pienimuotoinen juhla tai suurempi yritystapahtuma, Wanha Satama takaa, ett\u00e4 tuotanto sujuu alusta loppuun ammattimaisesti ja joustavasti.<\/p>\t\t\t\t\t\t\t\t<\/div>\n\t\t\t\t\t<\/div>\n\t\t\t\t<\/div>\n\t\t<div class=\"elementor-element elementor-element-9ed3e14 e-flex e-con-boxed e-con e-parent\" data-id=\"9ed3e14\" data-element_type=\"container\" data-e-type=\"container\">\n\t\t\t\t\t<div class=\"e-con-inner\">\n\t\t<div class=\"elementor-element elementor-element-9b24552 e-con-full e-flex e-con e-child\" data-id=\"9b24552\" data-element_type=\"container\" data-e-type=\"container\">\n\t\t\t\t<div class=\"elementor-element elementor-element-4e65249 elementor-widget elementor-widget-heading\" data-id=\"4e65249\" data-element_type=\"widget\" data-e-type=\"widget\" data-widget_type=\"heading.default\">\n\t\t\t\t\t<h2 class=\"elementor-heading-title elementor-size-default\">Kokonaisvaltainen tapahtumatuotanto ammattitaidolla<\/h2>\t\t\t\t<\/div>\n\t\t\t\t<div class=\"elementor-element elementor-element-baa7c4d elementor-widget elementor-widget-text-editor\" data-id=\"baa7c4d\" data-element_type=\"widget\" data-e-type=\"widget\" data-widget_type=\"text-editor.default\">\n\t\t\t\t\t\t\t\t\t<p>Wanha Satama tarjoaa kokonaisvaltaista tapahtumatuotantoa, joka kattaa kaiken ideoinnista toteutukseen. Kokeneet ammattilaisemme huolehtivat kaikista tapahtuman osa-alueista, varmistaen, ett\u00e4 kaikki sujuu saumattomasti ja t\u00e4sm\u00e4llisesti. Tiimimme osaa ottaa huomioon tapahtuman erityispiirteet ja tavoitteet, ja he varmistavat, ett\u00e4 tuotanto vastaa sek\u00e4 asiakkaan toiveita ett\u00e4 osallistujien odotuksia. Avaimet k\u00e4teen -periaatteella toteutettava tuotanto mahdollistaa sen, ett\u00e4 voit keskitty\u00e4 itse tapahtumaan ja sen sis\u00e4lt\u00f6\u00f6n.<\/p>\t\t\t\t\t\t\t\t<\/div>\n\t\t\t\t<\/div>\n\t\t<div class=\"elementor-element elementor-element-a3dcaea e-con-full e-flex e-con e-child\" data-id=\"a3dcaea\" data-element_type=\"container\" data-e-type=\"container\" data-settings=\"{&quot;background_background&quot;:&quot;classic&quot;}\">\n\t\t\t\t<\/div>\n\t\t\t\t\t<\/div>\n\t\t\t\t<\/div>\n\t\t<div class=\"elementor-element elementor-element-08eac97 e-flex e-con-boxed e-con e-parent\" data-id=\"08eac97\" data-element_type=\"container\" data-e-type=\"container\" data-settings=\"{&quot;background_background&quot;:&quot;classic&quot;}\">\n\t\t\t\t\t<div class=\"e-con-inner\">\n\t\t<div class=\"elementor-element elementor-element-d54e2d8 e-con-full e-flex e-con e-child\" data-id=\"d54e2d8\" data-element_type=\"container\" data-e-type=\"container\" data-settings=\"{&quot;background_background&quot;:&quot;classic&quot;}\">\n\t\t\t\t<\/div>\n\t\t<div class=\"elementor-element elementor-element-f7b0145 e-con-full e-flex e-con e-child\" data-id=\"f7b0145\" data-element_type=\"container\" data-e-type=\"container\">\n\t\t\t\t<div class=\"elementor-element elementor-element-ef41119 elementor-widget elementor-widget-heading\" data-id=\"ef41119\" data-element_type=\"widget\" data-e-type=\"widget\" data-widget_type=\"heading.default\">\n\t\t\t\t\t<h2 class=\"elementor-heading-title elementor-size-default\">Tekniikka, logistiikka ja henkil\u00f6st\u00f6 tapahtumasi tukena<\/h2>\t\t\t\t<\/div>\n\t\t\t\t<div class=\"elementor-element elementor-element-e518eff elementor-widget elementor-widget-text-editor\" data-id=\"e518eff\" data-element_type=\"widget\" data-e-type=\"widget\" data-widget_type=\"text-editor.default\">\n\t\t\t\t\t\t\t\t\t<p>Wanhan Sataman tapahtumatuotannossa hy\u00f6dynnet\u00e4\u00e4n moderneja teknisi\u00e4 ratkaisuja, jotka varmistavat tapahtuman toimivuuden. Korkealaatuinen audiovisuaalinen tekniikka, valaisu sek\u00e4 \u00e4\u00e4nentoistoj\u00e4rjestelm\u00e4t ovat k\u00e4ytett\u00e4viss\u00e4si, ja niit\u00e4 r\u00e4\u00e4t\u00e4l\u00f6id\u00e4\u00e4n aina kunkin tapahtuman tarpeisiin. Lis\u00e4ksi logistiikka ja henkil\u00f6st\u00f6n hallinta sujuvat tehokkaasti: varmistamme, ett\u00e4 kaikki tapahtuman osa-alueet \u2013 kalustuksesta kulkuj\u00e4rjestelyihin ja tilaj\u00e4rjestelyihin sek\u00e4 turvallisuuteen \u2013 ovat tarkasti suunniteltuja ja toteutettuja.<\/p>\t\t\t\t\t\t\t\t<\/div>\n\t\t\t\t<\/div>\n\t\t\t\t\t<\/div>\n\t\t\t\t<\/div>\n\t\t<div class=\"elementor-element elementor-element-d5cb19b e-flex e-con-boxed e-con e-parent\" data-id=\"d5cb19b\" data-element_type=\"container\" data-e-type=\"container\">\n\t\t\t\t\t<div class=\"e-con-inner\">\n\t\t<div class=\"elementor-element elementor-element-c9608f8 e-con-full e-flex e-con e-child\" data-id=\"c9608f8\" data-element_type=\"container\" data-e-type=\"container\">\n\t\t\t\t<div class=\"elementor-element elementor-element-b3e2775 elementor-widget elementor-widget-heading\" data-id=\"b3e2775\" data-element_type=\"widget\" data-e-type=\"widget\" data-widget_type=\"heading.default\">\n\t\t\t\t\t<h2 class=\"elementor-heading-title elementor-size-default\">Laadukas toteutus onnistuneen tapahtuman takeena<\/h2>\t\t\t\t<\/div>\n\t\t\t\t<div class=\"elementor-element elementor-element-354e8a9 elementor-widget elementor-widget-text-editor\" data-id=\"354e8a9\" data-element_type=\"widget\" data-e-type=\"widget\" data-widget_type=\"text-editor.default\">\n\t\t\t\t\t\t\t\t\t<p>Laadukas toteutus on onnistuneen tapahtuman ydin. Wanhan Sataman ammattitaitoinen tuotantotiimi keskittyy jokaiseen yksityiskohtaan, jotta tapahtumasi vastaa korkeimpia laatuvaatimuksia. Tapahtuman sujuvuus ja vierailijoiden kokemus ovat meille ensisijaisia, ja meill\u00e4 on k\u00e4yt\u00f6ss\u00e4mme kaikki tarvittavat resurssit, jotta voimme taata tapahtumasi onnistumisen. Kun tuotanto on hoidettu huolella, voit luottaa siihen, ett\u00e4 tapahtumasi j\u00e4\u00e4 osallistujien mieleen positiivisesti.<\/p>\t\t\t\t\t\t\t\t<\/div>\n\t\t\t\t<\/div>\n\t\t<div class=\"elementor-element elementor-element-309be96 e-con-full e-flex e-con e-child\" data-id=\"309be96\" data-element_type=\"container\" data-e-type=\"container\" data-settings=\"{&quot;background_background&quot;:&quot;classic&quot;}\">\n\t\t\t\t<\/div>\n\t\t\t\t\t<\/div>\n\t\t\t\t<\/div>\n\t\t<div class=\"elementor-element elementor-element-c298d20 e-flex e-con-boxed e-con e-parent\" data-id=\"c298d20\" data-element_type=\"container\" data-e-type=\"container\" data-settings=\"{&quot;background_background&quot;:&quot;classic&quot;}\">\n\t\t\t\t\t<div class=\"e-con-inner\">\n\t\t<div class=\"elementor-element elementor-element-7098069 e-con-full e-flex e-con e-child\" data-id=\"7098069\" data-element_type=\"container\" data-e-type=\"container\">\n\t\t\t\t<div class=\"elementor-element elementor-element-dec59cd elementor-widget elementor-widget-heading\" data-id=\"dec59cd\" data-element_type=\"widget\" data-e-type=\"widget\" data-widget_type=\"heading.default\">\n\t\t\t\t\t<h2 class=\"elementor-heading-title elementor-size-default\">PRE - PRODUCTION\n<\/h2>\t\t\t\t<\/div>\n\t\t\t\t<div class=\"elementor-element elementor-element-c39678d elementor-widget elementor-widget-text-editor\" data-id=\"c39678d\" data-element_type=\"widget\" data-e-type=\"widget\" data-widget_type=\"text-editor.default\">\n\t\t\t\t\t\t\t\t\t<p>Do you need help planning or producing your event? We will be happy to help you according to your needs.<\/p><p>Planning and conceptualizing an event in cooperation with the client includes:<\/p><ul><li>Content and program design<\/li><li>Scheduling and running<\/li><li>Tenders and orders from subcontractors<\/li><li>Meetings, communication and information sharing between all parties involved<\/li><li>Budgeting and cost tracking<\/li><li>Hinta: 90 \u20ac +alv\/h<\/li><\/ul>\t\t\t\t\t\t\t\t<\/div>\n\t\t\t\t<\/div>\n\t\t<div class=\"elementor-element elementor-element-d332a79 e-con-full e-flex e-con e-child\" data-id=\"d332a79\" data-element_type=\"container\" data-e-type=\"container\">\n\t\t\t\t<div class=\"elementor-element elementor-element-84ea732 elementor-widget elementor-widget-image\" data-id=\"84ea732\" data-element_type=\"widget\" data-e-type=\"widget\" data-widget_type=\"image.default\">\n\t\t\t\t\t\t\t\t\t\t\t\t\t\t\t<img fetchpriority=\"high\" decoding=\"async\" width=\"1024\" height=\"683\" src=\"https:\/\/www.wanhasatama.fi\/wp-content\/uploads\/2021\/09\/48953792241_7c6e9d3103_o-1024x683-1.jpg\" class=\"attachment-large size-large wp-image-746\" alt=\"\" srcset=\"https:\/\/www.wanhasatama.fi\/wp-content\/uploads\/2021\/09\/48953792241_7c6e9d3103_o-1024x683-1.jpg 1024w, https:\/\/www.wanhasatama.fi\/wp-content\/uploads\/2021\/09\/48953792241_7c6e9d3103_o-1024x683-1-300x200.jpg 300w, https:\/\/www.wanhasatama.fi\/wp-content\/uploads\/2021\/09\/48953792241_7c6e9d3103_o-1024x683-1-768x512.jpg 768w\" sizes=\"(max-width: 1024px) 100vw, 1024px\" \/>\t\t\t\t\t\t\t\t\t\t\t\t\t\t\t<\/div>\n\t\t\t\t<\/div>\n\t\t\t\t\t<\/div>\n\t\t\t\t<\/div>\n\t\t<div class=\"elementor-element elementor-element-7dd2465 e-flex e-con-boxed e-con e-parent\" data-id=\"7dd2465\" data-element_type=\"container\" data-e-type=\"container\">\n\t\t\t\t\t<div class=\"e-con-inner\">\n\t\t<div class=\"elementor-element elementor-element-0aafa3e e-con-full e-flex e-con e-child\" data-id=\"0aafa3e\" data-element_type=\"container\" data-e-type=\"container\">\n\t\t\t\t<div class=\"elementor-element elementor-element-3b853a9 elementor-widget elementor-widget-heading\" data-id=\"3b853a9\" data-element_type=\"widget\" data-e-type=\"widget\" data-widget_type=\"heading.default\">\n\t\t\t\t\t<h2 class=\"elementor-heading-title elementor-size-default\">On-site -tuotanto<\/h2>\t\t\t\t<\/div>\n\t\t\t\t<div class=\"elementor-element elementor-element-82c2516 elementor-widget elementor-widget-text-editor\" data-id=\"82c2516\" data-element_type=\"widget\" data-e-type=\"widget\" data-widget_type=\"text-editor.default\">\n\t\t\t\t\t\t\t\t\t<p>We take care of the running of the event from start to finish, so you can take it easy and enjoy the event itself.<\/p><p>Includes supervision of the building, demolition and during the event:<\/p><ul><li>Scheduling, running and response<\/li><li>Hinta: 60 \u20ac +alv\/h<\/li><\/ul>\t\t\t\t\t\t\t\t<\/div>\n\t\t\t\t<\/div>\n\t\t<div class=\"elementor-element elementor-element-bac7160 e-con-full e-flex e-con e-child\" data-id=\"bac7160\" data-element_type=\"container\" data-e-type=\"container\">\n\t\t\t\t<div class=\"elementor-element elementor-element-9bf11b4 elementor-widget elementor-widget-image\" data-id=\"9bf11b4\" data-element_type=\"widget\" data-e-type=\"widget\" data-widget_type=\"image.default\">\n\t\t\t\t\t\t\t\t\t\t\t\t\t\t\t<img decoding=\"async\" width=\"1024\" height=\"683\" src=\"https:\/\/www.wanhasatama.fi\/wp-content\/uploads\/2021\/09\/onsitetuotanto.jpg\" class=\"attachment-large size-large wp-image-952\" alt=\"\" srcset=\"https:\/\/www.wanhasatama.fi\/wp-content\/uploads\/2021\/09\/onsitetuotanto.jpg 1024w, https:\/\/www.wanhasatama.fi\/wp-content\/uploads\/2021\/09\/onsitetuotanto-300x200.jpg 300w, https:\/\/www.wanhasatama.fi\/wp-content\/uploads\/2021\/09\/onsitetuotanto-768x512.jpg 768w\" sizes=\"(max-width: 1024px) 100vw, 1024px\" \/>\t\t\t\t\t\t\t\t\t\t\t\t\t\t\t<\/div>\n\t\t\t\t<\/div>\n\t\t\t\t\t<\/div>\n\t\t\t\t<\/div>\n\t\t\t\t<\/div>","protected":false},"excerpt":{"rendered":"<p>Sujuva tapahtumatuotanto Wanhassa Satamassa Wanha Satama tarjoaa sujuvan ja ammattitaitoisen tapahtumatuotannon, joka tekee tilaisuuksistasi ainutlaatuisia ja vaivattomia. Historiallinen ymp\u00e4rist\u00f6 yhdistettyn\u00e4 huippuluokan palveluihin luo t\u00e4ydellisen pohjan onnistuneille tapahtumille. Olipa kyseess\u00e4 pienimuotoinen juhla tai suurempi yritystapahtuma, Wanha Satama takaa, ett\u00e4 tuotanto sujuu alusta loppuun ammattimaisesti ja joustavasti. Kokonaisvaltainen tapahtumatuotanto ammattitaidolla Wanha Satama tarjoaa kokonaisvaltaista tapahtumatuotantoa, joka kattaa [&hellip;]<\/p>\n","protected":false},"author":2,"featured_media":0,"parent":0,"menu_order":0,"comment_status":"closed","ping_status":"closed","template":"","meta":{"_improvement_type_select":"improve_an_existing","_thumb_yes_seoaic":false,"_frame_yes_seoaic":false,"seoaic_generate_description":"","seoaic_improve_instructions_prompt":"","seoaic_rollback_content_improvement":"","seoaic_idea_thumbnail_generator":"","thumbnail_generated":false,"thumbnail_generate_prompt":"","seoaic_article_description":"","site-sidebar-layout":"no-sidebar","site-content-layout":"page-builder","ast-site-content-layout":"default","site-content-style":"default","site-sidebar-style":"default","ast-global-header-display":"","ast-banner-title-visibility":"","ast-main-header-display":"","ast-hfb-above-header-display":"","ast-hfb-below-header-display":"","ast-hfb-mobile-header-display":"","site-post-title":"disabled","ast-breadcrumbs-content":"","ast-featured-img":"disabled","footer-sml-layout":"","ast-disable-related-posts":"","theme-transparent-header-meta":"enabled","adv-header-id-meta":"","stick-header-meta":"","header-above-stick-meta":"","header-main-stick-meta":"","header-below-stick-meta":"","astra-migrate-meta-layouts":"default","ast-page-background-enabled":"default","ast-page-background-meta":{"desktop":{"background-color":"","background-image":"","background-repeat":"repeat","background-position":"center center","background-size":"auto","background-attachment":"scroll","background-type":"","background-media":"","overlay-type":"","overlay-color":"","overlay-opacity":"","overlay-gradient":""},"tablet":{"background-color":"","background-image":"","background-repeat":"repeat","background-position":"center center","background-size":"auto","background-attachment":"scroll","background-type":"","background-media":"","overlay-type":"","overlay-color":"","overlay-opacity":"","overlay-gradient":""},"mobile":{"background-color":"","background-image":"","background-repeat":"repeat","background-position":"center center","background-size":"auto","background-attachment":"scroll","background-type":"","background-media":"","overlay-type":"","overlay-color":"","overlay-opacity":"","overlay-gradient":""}},"ast-content-background-meta":{"desktop":{"background-color":"var(--ast-global-color-5)","background-image":"","background-repeat":"repeat","background-position":"center center","background-size":"auto","background-attachment":"scroll","background-type":"","background-media":"","overlay-type":"","overlay-color":"","overlay-opacity":"","overlay-gradient":""},"tablet":{"background-color":"var(--ast-global-color-5)","background-image":"","background-repeat":"repeat","background-position":"center center","background-size":"auto","background-attachment":"scroll","background-type":"","background-media":"","overlay-type":"","overlay-color":"","overlay-opacity":"","overlay-gradient":""},"mobile":{"background-color":"var(--ast-global-color-5)","background-image":"","background-repeat":"repeat","background-position":"center center","background-size":"auto","background-attachment":"scroll","background-type":"","background-media":"","overlay-type":"","overlay-color":"","overlay-opacity":"","overlay-gradient":""}},"footnotes":""},"class_list":["post-939","page","type-page","status-publish","hentry"],"yoast_head":"<!-- This site is optimized with the Yoast SEO plugin v27.3 - https:\/\/yoast.com\/product\/yoast-seo-wordpress\/ -->\n<title>Tapahtumatuotanto - El\u00e4mysten Wanha Satama<\/title>\n<meta name=\"description\" content=\"Wanhan Satama auttaa sinua koko tapahtuman j\u00e4rjest\u00e4misen ajan.\" \/>\n<meta name=\"robots\" content=\"index, follow, max-snippet:-1, max-image-preview:large, max-video-preview:-1\" \/>\n<link rel=\"canonical\" href=\"https:\/\/www.wanhasatama.fi\/en\/tapahtumatuotanto\/\" \/>\n<meta property=\"og:locale\" content=\"en_US\" \/>\n<meta property=\"og:type\" content=\"article\" \/>\n<meta property=\"og:title\" content=\"Tapahtumatuotanto - El\u00e4mysten Wanha Satama\" \/>\n<meta property=\"og:description\" content=\"Wanhan Satama auttaa sinua koko tapahtuman j\u00e4rjest\u00e4misen ajan.\" \/>\n<meta property=\"og:url\" content=\"https:\/\/www.wanhasatama.fi\/en\/tapahtumatuotanto\/\" \/>\n<meta property=\"og:site_name\" content=\"El\u00e4mysten Wanha Satama\" \/>\n<meta property=\"article:modified_time\" content=\"2024-11-07T16:27:41+00:00\" \/>\n<meta property=\"og:image\" content=\"https:\/\/www.wanhasatama.fi\/wp-content\/uploads\/2021\/09\/48953792241_7c6e9d3103_o-1024x683-1.jpg\" \/>\n\t<meta property=\"og:image:width\" content=\"1024\" \/>\n\t<meta property=\"og:image:height\" content=\"683\" \/>\n\t<meta property=\"og:image:type\" content=\"image\/jpeg\" \/>\n<meta name=\"twitter:card\" content=\"summary_large_image\" \/>\n<meta name=\"twitter:label1\" content=\"Est. reading time\" \/>\n\t<meta name=\"twitter:data1\" content=\"2 minutes\" \/>\n<script type=\"application\/ld+json\" class=\"yoast-schema-graph\">{\"@context\":\"https:\\\/\\\/schema.org\",\"@graph\":[{\"@type\":\"WebPage\",\"@id\":\"https:\\\/\\\/www.wanhasatama.fi\\\/tapahtumatuotanto\\\/\",\"url\":\"https:\\\/\\\/www.wanhasatama.fi\\\/tapahtumatuotanto\\\/\",\"name\":\"Tapahtumatuotanto - El\u00e4mysten Wanha Satama\",\"isPartOf\":{\"@id\":\"https:\\\/\\\/www.wanhasatama.fi\\\/#website\"},\"primaryImageOfPage\":{\"@id\":\"https:\\\/\\\/www.wanhasatama.fi\\\/tapahtumatuotanto\\\/#primaryimage\"},\"image\":{\"@id\":\"https:\\\/\\\/www.wanhasatama.fi\\\/tapahtumatuotanto\\\/#primaryimage\"},\"thumbnailUrl\":\"https:\\\/\\\/www.wanhasatama.fi\\\/wp-content\\\/uploads\\\/2021\\\/09\\\/48953792241_7c6e9d3103_o-1024x683-1.jpg\",\"datePublished\":\"2021-09-29T11:46:58+00:00\",\"dateModified\":\"2024-11-07T16:27:41+00:00\",\"description\":\"Wanhan Satama auttaa sinua koko tapahtuman j\u00e4rjest\u00e4misen ajan.\",\"breadcrumb\":{\"@id\":\"https:\\\/\\\/www.wanhasatama.fi\\\/tapahtumatuotanto\\\/#breadcrumb\"},\"inLanguage\":\"en-US\",\"potentialAction\":[{\"@type\":\"ReadAction\",\"target\":[\"https:\\\/\\\/www.wanhasatama.fi\\\/tapahtumatuotanto\\\/\"]}]},{\"@type\":\"ImageObject\",\"inLanguage\":\"en-US\",\"@id\":\"https:\\\/\\\/www.wanhasatama.fi\\\/tapahtumatuotanto\\\/#primaryimage\",\"url\":\"https:\\\/\\\/www.wanhasatama.fi\\\/wp-content\\\/uploads\\\/2021\\\/09\\\/48953792241_7c6e9d3103_o-1024x683-1.jpg\",\"contentUrl\":\"https:\\\/\\\/www.wanhasatama.fi\\\/wp-content\\\/uploads\\\/2021\\\/09\\\/48953792241_7c6e9d3103_o-1024x683-1.jpg\"},{\"@type\":\"BreadcrumbList\",\"@id\":\"https:\\\/\\\/www.wanhasatama.fi\\\/tapahtumatuotanto\\\/#breadcrumb\",\"itemListElement\":[{\"@type\":\"ListItem\",\"position\":1,\"name\":\"Home\",\"item\":\"https:\\\/\\\/www.wanhasatama.fi\\\/\"},{\"@type\":\"ListItem\",\"position\":2,\"name\":\"Tapahtumatuotanto\"}]},{\"@type\":\"WebSite\",\"@id\":\"https:\\\/\\\/www.wanhasatama.fi\\\/#website\",\"url\":\"https:\\\/\\\/www.wanhasatama.fi\\\/\",\"name\":\"El\u00e4mysten Wanha Satama\",\"description\":\"\",\"publisher\":{\"@id\":\"https:\\\/\\\/www.wanhasatama.fi\\\/#organization\"},\"potentialAction\":[{\"@type\":\"SearchAction\",\"target\":{\"@type\":\"EntryPoint\",\"urlTemplate\":\"https:\\\/\\\/www.wanhasatama.fi\\\/?s={search_term_string}\"},\"query-input\":{\"@type\":\"PropertyValueSpecification\",\"valueRequired\":true,\"valueName\":\"search_term_string\"}}],\"inLanguage\":\"en-US\"},{\"@type\":\"Organization\",\"@id\":\"https:\\\/\\\/www.wanhasatama.fi\\\/#organization\",\"name\":\"El\u00e4mysten Wanha Satama\",\"url\":\"https:\\\/\\\/www.wanhasatama.fi\\\/\",\"logo\":{\"@type\":\"ImageObject\",\"inLanguage\":\"en-US\",\"@id\":\"https:\\\/\\\/www.wanhasatama.fi\\\/#\\\/schema\\\/logo\\\/image\\\/\",\"url\":\"https:\\\/\\\/www.wanhasatama.fi\\\/wp-content\\\/uploads\\\/2021\\\/08\\\/logo200x200.png\",\"contentUrl\":\"https:\\\/\\\/www.wanhasatama.fi\\\/wp-content\\\/uploads\\\/2021\\\/08\\\/logo200x200.png\",\"width\":200,\"height\":200,\"caption\":\"El\u00e4mysten Wanha Satama\"},\"image\":{\"@id\":\"https:\\\/\\\/www.wanhasatama.fi\\\/#\\\/schema\\\/logo\\\/image\\\/\"}}]}<\/script>\n<!-- \/ Yoast SEO plugin. -->","yoast_head_json":{"title":"Tapahtumatuotanto - El\u00e4mysten Wanha Satama","description":"Wanha Satama will help you throughout the duration of the event.","robots":{"index":"index","follow":"follow","max-snippet":"max-snippet:-1","max-image-preview":"max-image-preview:large","max-video-preview":"max-video-preview:-1"},"canonical":"https:\/\/www.wanhasatama.fi\/en\/tapahtumatuotanto\/","og_locale":"en_US","og_type":"article","og_title":"Tapahtumatuotanto - El\u00e4mysten Wanha Satama","og_description":"Wanhan Satama auttaa sinua koko tapahtuman j\u00e4rjest\u00e4misen ajan.","og_url":"https:\/\/www.wanhasatama.fi\/en\/tapahtumatuotanto\/","og_site_name":"El\u00e4mysten Wanha Satama","article_modified_time":"2024-11-07T16:27:41+00:00","og_image":[{"width":1024,"height":683,"url":"https:\/\/www.wanhasatama.fi\/wp-content\/uploads\/2021\/09\/48953792241_7c6e9d3103_o-1024x683-1.jpg","type":"image\/jpeg"}],"twitter_card":"summary_large_image","twitter_misc":{"Est. reading time":"2 minutes"},"schema":{"@context":"https:\/\/schema.org","@graph":[{"@type":"WebPage","@id":"https:\/\/www.wanhasatama.fi\/tapahtumatuotanto\/","url":"https:\/\/www.wanhasatama.fi\/tapahtumatuotanto\/","name":"Tapahtumatuotanto - El\u00e4mysten Wanha Satama","isPartOf":{"@id":"https:\/\/www.wanhasatama.fi\/#website"},"primaryImageOfPage":{"@id":"https:\/\/www.wanhasatama.fi\/tapahtumatuotanto\/#primaryimage"},"image":{"@id":"https:\/\/www.wanhasatama.fi\/tapahtumatuotanto\/#primaryimage"},"thumbnailUrl":"https:\/\/www.wanhasatama.fi\/wp-content\/uploads\/2021\/09\/48953792241_7c6e9d3103_o-1024x683-1.jpg","datePublished":"2021-09-29T11:46:58+00:00","dateModified":"2024-11-07T16:27:41+00:00","description":"Wanha Satama will help you throughout the duration of the event.","breadcrumb":{"@id":"https:\/\/www.wanhasatama.fi\/tapahtumatuotanto\/#breadcrumb"},"inLanguage":"en-US","potentialAction":[{"@type":"ReadAction","target":["https:\/\/www.wanhasatama.fi\/tapahtumatuotanto\/"]}]},{"@type":"ImageObject","inLanguage":"en-US","@id":"https:\/\/www.wanhasatama.fi\/tapahtumatuotanto\/#primaryimage","url":"https:\/\/www.wanhasatama.fi\/wp-content\/uploads\/2021\/09\/48953792241_7c6e9d3103_o-1024x683-1.jpg","contentUrl":"https:\/\/www.wanhasatama.fi\/wp-content\/uploads\/2021\/09\/48953792241_7c6e9d3103_o-1024x683-1.jpg"},{"@type":"BreadcrumbList","@id":"https:\/\/www.wanhasatama.fi\/tapahtumatuotanto\/#breadcrumb","itemListElement":[{"@type":"ListItem","position":1,"name":"Home","item":"https:\/\/www.wanhasatama.fi\/"},{"@type":"ListItem","position":2,"name":"Tapahtumatuotanto"}]},{"@type":"WebSite","@id":"https:\/\/www.wanhasatama.fi\/#website","url":"https:\/\/www.wanhasatama.fi\/","name":"Experience Wanha Satama","description":"","publisher":{"@id":"https:\/\/www.wanhasatama.fi\/#organization"},"potentialAction":[{"@type":"SearchAction","target":{"@type":"EntryPoint","urlTemplate":"https:\/\/www.wanhasatama.fi\/?s={search_term_string}"},"query-input":{"@type":"PropertyValueSpecification","valueRequired":true,"valueName":"search_term_string"}}],"inLanguage":"en-US"},{"@type":"Organization","@id":"https:\/\/www.wanhasatama.fi\/#organization","name":"Experience Wanha Satama","url":"https:\/\/www.wanhasatama.fi\/","logo":{"@type":"ImageObject","inLanguage":"en-US","@id":"https:\/\/www.wanhasatama.fi\/#\/schema\/logo\/image\/","url":"https:\/\/www.wanhasatama.fi\/wp-content\/uploads\/2021\/08\/logo200x200.png","contentUrl":"https:\/\/www.wanhasatama.fi\/wp-content\/uploads\/2021\/08\/logo200x200.png","width":200,"height":200,"caption":"El\u00e4mysten Wanha Satama"},"image":{"@id":"https:\/\/www.wanhasatama.fi\/#\/schema\/logo\/image\/"}}]}},"_links":{"self":[{"href":"https:\/\/www.wanhasatama.fi\/en\/wp-json\/wp\/v2\/pages\/939","targetHints":{"allow":["GET"]}}],"collection":[{"href":"https:\/\/www.wanhasatama.fi\/en\/wp-json\/wp\/v2\/pages"}],"about":[{"href":"https:\/\/www.wanhasatama.fi\/en\/wp-json\/wp\/v2\/types\/page"}],"author":[{"embeddable":true,"href":"https:\/\/www.wanhasatama.fi\/en\/wp-json\/wp\/v2\/users\/2"}],"replies":[{"embeddable":true,"href":"https:\/\/www.wanhasatama.fi\/en\/wp-json\/wp\/v2\/comments?post=939"}],"version-history":[{"count":5,"href":"https:\/\/www.wanhasatama.fi\/en\/wp-json\/wp\/v2\/pages\/939\/revisions"}],"predecessor-version":[{"id":5129,"href":"https:\/\/www.wanhasatama.fi\/en\/wp-json\/wp\/v2\/pages\/939\/revisions\/5129"}],"wp:attachment":[{"href":"https:\/\/www.wanhasatama.fi\/en\/wp-json\/wp\/v2\/media?parent=939"}],"curies":[{"name":"wp","href":"https:\/\/api.w.org\/{rel}","templated":true}]}}