{"id":761,"date":"2021-09-29T07:25:09","date_gmt":"2021-09-29T07:25:09","guid":{"rendered":"http:\/\/www.wanhasatama.fi\/?page_id=761"},"modified":"2023-04-12T07:09:22","modified_gmt":"2023-04-12T07:09:22","slug":"soima","status":"publish","type":"page","link":"https:\/\/www.wanhasatama.fi\/en\/soima\/","title":{"rendered":"Soima"},"content":{"rendered":"<div data-elementor-type=\"wp-post\" data-elementor-id=\"761\" class=\"elementor elementor-761\" data-elementor-post-type=\"page\">\n\t\t\t\t\t\t<section class=\"elementor-section elementor-top-section elementor-element elementor-element-33a79095 elementor-section-boxed elementor-section-height-default elementor-section-height-default\" data-id=\"33a79095\" data-element_type=\"section\" data-e-type=\"section\" data-settings=\"{&quot;background_background&quot;:&quot;classic&quot;}\">\n\t\t\t\t\t\t\t<div class=\"elementor-background-overlay\"><\/div>\n\t\t\t\t\t\t\t<div class=\"elementor-container elementor-column-gap-default\">\n\t\t\t\t\t<div class=\"elementor-column elementor-col-33 elementor-top-column elementor-element elementor-element-b7194dc\" data-id=\"b7194dc\" data-element_type=\"column\" data-e-type=\"column\">\n\t\t\t<div class=\"elementor-widget-wrap\">\n\t\t\t\t\t\t\t<\/div>\n\t\t<\/div>\n\t\t\t\t<div class=\"elementor-column elementor-col-33 elementor-top-column elementor-element elementor-element-3706530d\" data-id=\"3706530d\" data-element_type=\"column\" data-e-type=\"column\">\n\t\t\t<div class=\"elementor-widget-wrap elementor-element-populated\">\n\t\t\t\t\t\t<div class=\"elementor-element elementor-element-537de1f elementor-widget elementor-widget-heading\" data-id=\"537de1f\" data-element_type=\"widget\" data-e-type=\"widget\" data-widget_type=\"heading.default\">\n\t\t\t\t\t<h1 class=\"elementor-heading-title elementor-size-default\">Tilausravintola Soima<\/h1>\t\t\t\t<\/div>\n\t\t\t\t\t<\/div>\n\t\t<\/div>\n\t\t\t\t<div class=\"elementor-column elementor-col-33 elementor-top-column elementor-element elementor-element-4788e5dc\" data-id=\"4788e5dc\" data-element_type=\"column\" data-e-type=\"column\">\n\t\t\t<div class=\"elementor-widget-wrap\">\n\t\t\t\t\t\t\t<\/div>\n\t\t<\/div>\n\t\t\t\t\t<\/div>\n\t\t<\/section>\n\t\t\t\t<section class=\"elementor-section elementor-top-section elementor-element elementor-element-2dbed9a elementor-section-boxed elementor-section-height-default elementor-section-height-default\" data-id=\"2dbed9a\" data-element_type=\"section\" data-e-type=\"section\">\n\t\t\t\t\t\t<div class=\"elementor-container elementor-column-gap-default\">\n\t\t\t\t\t<div class=\"elementor-column elementor-col-33 elementor-top-column elementor-element elementor-element-c54645a\" data-id=\"c54645a\" data-element_type=\"column\" data-e-type=\"column\">\n\t\t\t<div class=\"elementor-widget-wrap\">\n\t\t\t\t\t\t\t<\/div>\n\t\t<\/div>\n\t\t\t\t<div class=\"elementor-column elementor-col-33 elementor-top-column elementor-element elementor-element-1ca627b\" data-id=\"1ca627b\" data-element_type=\"column\" data-e-type=\"column\">\n\t\t\t<div class=\"elementor-widget-wrap elementor-element-populated\">\n\t\t\t\t\t\t<div class=\"elementor-element elementor-element-42fd904 elementor-widget elementor-widget-heading\" data-id=\"42fd904\" data-element_type=\"widget\" data-e-type=\"widget\" data-widget_type=\"heading.default\">\n\t\t\t\t\t<h2 class=\"elementor-heading-title elementor-size-default\">TILAUSRAVINTOLA SOIMA<\/h2>\t\t\t\t<\/div>\n\t\t\t\t<div class=\"elementor-element elementor-element-432499d elementor-widget-divider--view-line elementor-widget elementor-widget-divider\" data-id=\"432499d\" data-element_type=\"widget\" data-e-type=\"widget\" data-widget_type=\"divider.default\">\n\t\t\t\t\t\t\t<div class=\"elementor-divider\">\n\t\t\t<span class=\"elementor-divider-separator\">\n\t\t\t\t\t\t<\/span>\n\t\t<\/div>\n\t\t\t\t\t\t<\/div>\n\t\t\t\t<div class=\"elementor-element elementor-element-8dff22f elementor-widget elementor-widget-text-editor\" data-id=\"8dff22f\" data-element_type=\"widget\" data-e-type=\"widget\" data-widget_type=\"text-editor.default\">\n\t\t\t\t\t\t\t\t\t<div class=\"g-cols wpb_row type_default valign_middle vc_inner\"><div class=\"vc_col-sm-8 wpb_column vc_column_container\"><div class=\"vc_column-inner\"><div class=\"wpb_wrapper\"><div class=\"wpb_text_column\"><div class=\"wpb_wrapper\"><p><strong>Soima on<\/strong> Wanhassa Satamassa toimiva <strong>tilausravintola<\/strong>, jonka kapasiteetti mahdollistaa maksimissaan 100 hengen istuvan- tai 150 hengen cocktailtilaisuuden.<\/p><p><strong>P\u00e4iv\u00e4tilaisuuksissa<\/strong> tila on k\u00e4yt\u00f6ss\u00e4nne <strong>klo 11:00 -15:00<\/strong> minimiveloituksen ollessa 1000,00\u20ac<\/p><p><strong>Iltatilaisuuksissa<\/strong> tila on k\u00e4yt\u00f6ss\u00e4nne <strong>klo 18:00 &#8211; 23:00<\/strong> minimiveloituksen ollessa 3500,00\u20ac<\/p><p><strong>Pyh\u00e4p\u00e4ivin\u00e4 ja juhlapyhin\u00e4 veloitamme lis\u00e4ksi erillisen\u00a0 tilavuokran<\/strong>.\u00a0<\/p><p>\u00a0<\/p><p><strong>Tila on varattavissa aina kalenterikuukausi eteenp\u00e4in. <\/strong>Hein\u00e4kuussa olemme suljettu.<\/p><p><strong>TUTUSTU ALLA OLEVASTA LINKIST\u00c4 TARJONTAMME<\/strong><\/p><p><a href=\"https:\/\/www.wanhasatama.fi\/en\/tapahtuma-catering\/\">https:\/\/www.wanhasatama.fi\/tapahtuma-catering\/<\/a><\/p><p><strong>Tarjouspyynn\u00f6t<\/strong> jussi@wanhasatama.fi<\/p><\/div><\/div><\/div><\/div><\/div><\/div>\t\t\t\t\t\t\t\t<\/div>\n\t\t\t\t<div class=\"elementor-element elementor-element-d6e55f8 elementor-align-center elementor-widget elementor-widget-button\" data-id=\"d6e55f8\" data-element_type=\"widget\" data-e-type=\"widget\" data-widget_type=\"button.default\">\n\t\t\t\t\t\t\t\t\t\t<a class=\"elementor-button elementor-button-link elementor-size-sm\" href=\"#lounaslista\">\n\t\t\t\t\t\t<span class=\"elementor-button-content-wrapper\">\n\t\t\t\t\t\t\t\t\t<span class=\"elementor-button-text\">WANHAN SATAMAN ARKILOUNAS<\/span>\n\t\t\t\t\t<\/span>\n\t\t\t\t\t<\/a>\n\t\t\t\t\t\t\t\t<\/div>\n\t\t\t\t\t<\/div>\n\t\t<\/div>\n\t\t\t\t<div class=\"elementor-column elementor-col-33 elementor-top-column elementor-element elementor-element-92a5c23\" data-id=\"92a5c23\" data-element_type=\"column\" data-e-type=\"column\">\n\t\t\t<div class=\"elementor-widget-wrap\">\n\t\t\t\t\t\t\t<\/div>\n\t\t<\/div>\n\t\t\t\t\t<\/div>\n\t\t<\/section>\n\t\t\t\t<section class=\"elementor-section elementor-top-section elementor-element elementor-element-3d8b111 elementor-section-boxed elementor-section-height-default elementor-section-height-default\" data-id=\"3d8b111\" data-element_type=\"section\" data-e-type=\"section\" data-settings=\"{&quot;background_background&quot;:&quot;classic&quot;}\">\n\t\t\t\t\t\t<div class=\"elementor-container elementor-column-gap-default\">\n\t\t\t\t\t<div class=\"elementor-column elementor-col-100 elementor-top-column elementor-element elementor-element-147e31a\" data-id=\"147e31a\" data-element_type=\"column\" data-e-type=\"column\">\n\t\t\t<div class=\"elementor-widget-wrap elementor-element-populated\">\n\t\t\t\t\t\t<div class=\"elementor-element elementor-element-90fd9b7 elementor-widget elementor-widget-heading\" data-id=\"90fd9b7\" data-element_type=\"widget\" data-e-type=\"widget\" data-widget_type=\"heading.default\">\n\t\t\t\t\t<h3 class=\"elementor-heading-title elementor-size-default\">SOIMA<\/h3>\t\t\t\t<\/div>\n\t\t\t\t<div class=\"elementor-element elementor-element-11b4f09 elementor-widget elementor-widget-text-editor\" data-id=\"11b4f09\" data-element_type=\"widget\" data-e-type=\"widget\" data-widget_type=\"text-editor.default\">\n\t\t\t\t\t\t\t\t\t<div class=\"vc_col-sm-8 wpb_column vc_column_container\"><div class=\"vc_column-inner\"><div class=\"wpb_wrapper\"><div class=\"g-cols wpb_row  type_default valign_middle vc_inner  vc_custom_1534227354282\"><div class=\"vc_col-sm-12 wpb_column vc_column_container\"><div class=\"vc_column-inner\"><div class=\"wpb_wrapper\"><div class=\"wpb_text_column\"><div class=\"wpb_wrapper\"><p>The name Soima derives from the 8\u201315-meter lapstrake ships that carried cargo from the shores of Lake Ladoga to St. Petersburg. They carried mostly of timber to the capital of the empire, but also fish and agricultural products, especially butter were transported. On the return trip, the ships transported luxury goods back to Finland. As its role model, Restaurant Soima wants to offer guests delicacies from both near and far.<\/p><\/div><\/div><\/div><\/div><\/div><\/div><\/div><\/div><\/div>\t\t\t\t\t\t\t\t<\/div>\n\t\t\t\t<div class=\"elementor-element elementor-element-e23469a elementor-widget elementor-widget-heading\" data-id=\"e23469a\" data-element_type=\"widget\" data-e-type=\"widget\" data-widget_type=\"heading.default\">\n\t\t\t\t\t<h3 class=\"elementor-heading-title elementor-size-default\">PRO RAVINTOLAT OY\n<\/h3>\t\t\t\t<\/div>\n\t\t\t\t<div class=\"elementor-element elementor-element-2ced3cf elementor-widget elementor-widget-text-editor\" data-id=\"2ced3cf\" data-element_type=\"widget\" data-e-type=\"widget\" data-widget_type=\"text-editor.default\">\n\t\t\t\t\t\t\t\t\t<p>Pro Ravintolat Oy is a joint project of three experienced, ambitious and quality-conscious professionals who have gained experience in the country's leading food and catering restaurants. Piia J\u00e4rvenm\u00e4ki is responsible for kitchen operations, Petri Tikkanen for administrative matters and Jussi Laakso, who has twice been elected Head Waiter of the Year, is responsible for the sale and service of restaurant operations.<\/p>\t\t\t\t\t\t\t\t<\/div>\n\t\t\t\t<div class=\"elementor-element elementor-element-e66f402 elementor-widget elementor-widget-heading\" data-id=\"e66f402\" data-element_type=\"widget\" data-e-type=\"widget\" data-widget_type=\"heading.default\">\n\t\t\t\t\t<h3 class=\"elementor-heading-title elementor-size-default\">WANHAN SATAMAN MESSUT JA TAPAHTUMAT<\/h3>\t\t\t\t<\/div>\n\t\t\t\t<div class=\"elementor-element elementor-element-d9f2014 elementor-widget elementor-widget-text-editor\" data-id=\"d9f2014\" data-element_type=\"widget\" data-e-type=\"widget\" data-widget_type=\"text-editor.default\">\n\t\t\t\t\t\t\t\t\t<p>Pro Ravintolat Oy vastaa tarjoiluista Wanhan Sataman messujen ja tapahtumien yhteydess\u00e4.<\/p>\t\t\t\t\t\t\t\t<\/div>\n\t\t\t\t\t<\/div>\n\t\t<\/div>\n\t\t\t\t\t<\/div>\n\t\t<\/section>\n\t\t\t\t<section class=\"elementor-section elementor-top-section elementor-element elementor-element-c46c47b elementor-section-boxed elementor-section-height-default elementor-section-height-default\" data-id=\"c46c47b\" data-element_type=\"section\" data-e-type=\"section\">\n\t\t\t\t\t\t<div class=\"elementor-container elementor-column-gap-default\">\n\t\t\t\t\t<div class=\"elementor-column elementor-col-33 elementor-top-column elementor-element elementor-element-cf2775f\" data-id=\"cf2775f\" data-element_type=\"column\" data-e-type=\"column\">\n\t\t\t<div class=\"elementor-widget-wrap\">\n\t\t\t\t\t\t\t<\/div>\n\t\t<\/div>\n\t\t\t\t<div class=\"elementor-column elementor-col-33 elementor-top-column elementor-element elementor-element-2dcd1cf\" data-id=\"2dcd1cf\" data-element_type=\"column\" data-e-type=\"column\">\n\t\t\t<div class=\"elementor-widget-wrap elementor-element-populated\">\n\t\t\t\t\t\t<div class=\"elementor-element elementor-element-156eae5 elementor-widget elementor-widget-menu-anchor\" data-id=\"156eae5\" data-element_type=\"widget\" data-e-type=\"widget\" data-widget_type=\"menu-anchor.default\">\n\t\t\t\t\t\t\t<div class=\"elementor-menu-anchor\" id=\"lounaslista\"><\/div>\n\t\t\t\t\t\t<\/div>\n\t\t\t\t<section class=\"elementor-section elementor-inner-section elementor-element elementor-element-36d268e elementor-section-boxed elementor-section-height-default elementor-section-height-default\" data-id=\"36d268e\" data-element_type=\"section\" data-e-type=\"section\">\n\t\t\t\t\t\t<div class=\"elementor-container elementor-column-gap-default\">\n\t\t\t\t\t<div class=\"elementor-column elementor-col-50 elementor-inner-column elementor-element elementor-element-880297b\" data-id=\"880297b\" data-element_type=\"column\" data-e-type=\"column\">\n\t\t\t<div class=\"elementor-widget-wrap elementor-element-populated\">\n\t\t\t\t\t\t<div class=\"elementor-element elementor-element-6244167 elementor-widget elementor-widget-heading\" data-id=\"6244167\" data-element_type=\"widget\" data-e-type=\"widget\" data-widget_type=\"heading.default\">\n\t\t\t\t\t<h2 class=\"elementor-heading-title elementor-size-default\">ARKILOUNAS\nBY JUGANG<\/h2>\t\t\t\t<\/div>\n\t\t\t\t\t<\/div>\n\t\t<\/div>\n\t\t\t\t<div class=\"elementor-column elementor-col-50 elementor-inner-column elementor-element elementor-element-68b8f3b\" data-id=\"68b8f3b\" data-element_type=\"column\" data-e-type=\"column\">\n\t\t\t<div class=\"elementor-widget-wrap elementor-element-populated\">\n\t\t\t\t\t\t\t<\/div>\n\t\t<\/div>\n\t\t\t\t\t<\/div>\n\t\t<\/section>\n\t\t\t\t<div class=\"elementor-element elementor-element-adb4685 elementor-widget-divider--view-line elementor-widget elementor-widget-divider\" data-id=\"adb4685\" data-element_type=\"widget\" data-e-type=\"widget\" data-widget_type=\"divider.default\">\n\t\t\t\t\t\t\t<div class=\"elementor-divider\">\n\t\t\t<span class=\"elementor-divider-separator\">\n\t\t\t\t\t\t<\/span>\n\t\t<\/div>\n\t\t\t\t\t\t<\/div>\n\t\t\t\t<div class=\"elementor-element elementor-element-d3ee004 elementor-widget elementor-widget-text-editor\" data-id=\"d3ee004\" data-element_type=\"widget\" data-e-type=\"widget\" data-widget_type=\"text-editor.default\">\n\t\t\t\t\t\t\t\t\t<div><div><div><div><div><div><p>Wanhassa Satamassa <strong>arkilounasta tarjoilee ravintola Jugang<\/strong><span style=\"font-size: 16px; font-style: normal; font-weight: 400;\">, joka sijaitsee <\/span><span style=\"font-size: 16px;\">kiinteist\u00f6n Kanavakadun ja Mastokadun kulmassa (Viking Line sataman p\u00e4\u00e4ty).<\/span><\/p><p><span style=\"font-size: 16px;\">TUTUSTU ALLA OLEVASTA LINKIST\u00c4 VIIKON LOUNASTARJONTAAN\u00a0<\/span><\/p><p><strong><a href=\"http:\/\/www.wanhasatama.fi\/en\/valfreyja\/\">www.juganghelsinki.com<\/a><\/strong><\/p><p>\u00a0<\/p><\/div><\/div><\/div><\/div><\/div><\/div>\t\t\t\t\t\t\t\t<\/div>\n\t\t\t\t\t<\/div>\n\t\t<\/div>\n\t\t\t\t<div class=\"elementor-column elementor-col-33 elementor-top-column elementor-element elementor-element-2ade782\" data-id=\"2ade782\" data-element_type=\"column\" data-e-type=\"column\">\n\t\t\t<div class=\"elementor-widget-wrap\">\n\t\t\t\t\t\t\t<\/div>\n\t\t<\/div>\n\t\t\t\t\t<\/div>\n\t\t<\/section>\n\t\t\t\t<\/div>","protected":false},"excerpt":{"rendered":"<p>Tilausravintola Soima TILAUSRAVINTOLA SOIMA Soima on Wanhassa Satamassa toimiva tilausravintola, jonka kapasiteetti mahdollistaa maksimissaan 100 hengen istuvan- tai 150 hengen cocktailtilaisuuden. P\u00e4iv\u00e4tilaisuuksissa tila on k\u00e4yt\u00f6ss\u00e4nne klo 11:00 -15:00 minimiveloituksen ollessa 1000,00\u20ac Iltatilaisuuksissa tila on k\u00e4yt\u00f6ss\u00e4nne klo 18:00 &#8211; 23:00 minimiveloituksen ollessa 3500,00\u20ac Pyh\u00e4p\u00e4ivin\u00e4 ja juhlapyhin\u00e4 veloitamme lis\u00e4ksi erillisen\u00a0 tilavuokran.\u00a0 \u00a0 Tila on varattavissa aina kalenterikuukausi [&hellip;]<\/p>\n","protected":false},"author":2,"featured_media":0,"parent":0,"menu_order":0,"comment_status":"closed","ping_status":"closed","template":"","meta":{"_improvement_type_select":"improve_an_existing","_thumb_yes_seoaic":false,"_frame_yes_seoaic":false,"seoaic_generate_description":"","seoaic_improve_instructions_prompt":"","seoaic_rollback_content_improvement":"","seoaic_idea_thumbnail_generator":"","thumbnail_generated":false,"thumbnail_generate_prompt":"","seoaic_article_description":"","site-sidebar-layout":"no-sidebar","site-content-layout":"page-builder","ast-site-content-layout":"default","site-content-style":"default","site-sidebar-style":"default","ast-global-header-display":"","ast-banner-title-visibility":"","ast-main-header-display":"","ast-hfb-above-header-display":"","ast-hfb-below-header-display":"","ast-hfb-mobile-header-display":"","site-post-title":"disabled","ast-breadcrumbs-content":"","ast-featured-img":"disabled","footer-sml-layout":"","ast-disable-related-posts":"","theme-transparent-header-meta":"enabled","adv-header-id-meta":"","stick-header-meta":"","header-above-stick-meta":"","header-main-stick-meta":"","header-below-stick-meta":"","astra-migrate-meta-layouts":"default","ast-page-background-enabled":"default","ast-page-background-meta":{"desktop":{"background-color":"","background-image":"","background-repeat":"repeat","background-position":"center center","background-size":"auto","background-attachment":"scroll","background-type":"","background-media":"","overlay-type":"","overlay-color":"","overlay-opacity":"","overlay-gradient":""},"tablet":{"background-color":"","background-image":"","background-repeat":"repeat","background-position":"center center","background-size":"auto","background-attachment":"scroll","background-type":"","background-media":"","overlay-type":"","overlay-color":"","overlay-opacity":"","overlay-gradient":""},"mobile":{"background-color":"","background-image":"","background-repeat":"repeat","background-position":"center center","background-size":"auto","background-attachment":"scroll","background-type":"","background-media":"","overlay-type":"","overlay-color":"","overlay-opacity":"","overlay-gradient":""}},"ast-content-background-meta":{"desktop":{"background-color":"var(--ast-global-color-5)","background-image":"","background-repeat":"repeat","background-position":"center center","background-size":"auto","background-attachment":"scroll","background-type":"","background-media":"","overlay-type":"","overlay-color":"","overlay-opacity":"","overlay-gradient":""},"tablet":{"background-color":"var(--ast-global-color-5)","background-image":"","background-repeat":"repeat","background-position":"center center","background-size":"auto","background-attachment":"scroll","background-type":"","background-media":"","overlay-type":"","overlay-color":"","overlay-opacity":"","overlay-gradient":""},"mobile":{"background-color":"var(--ast-global-color-5)","background-image":"","background-repeat":"repeat","background-position":"center center","background-size":"auto","background-attachment":"scroll","background-type":"","background-media":"","overlay-type":"","overlay-color":"","overlay-opacity":"","overlay-gradient":""}},"footnotes":""},"class_list":["post-761","page","type-page","status-publish","hentry"],"yoast_head":"<!-- This site is optimized with the Yoast SEO plugin v27.5 - https:\/\/yoast.com\/product\/yoast-seo-wordpress\/ -->\n<title>Soima - El\u00e4mysten Wanha Satama<\/title>\n<meta name=\"robots\" content=\"index, follow, max-snippet:-1, max-image-preview:large, max-video-preview:-1\" \/>\n<link rel=\"canonical\" href=\"https:\/\/www.wanhasatama.fi\/en\/soima\/\" \/>\n<meta property=\"og:locale\" content=\"en_US\" \/>\n<meta property=\"og:type\" content=\"article\" \/>\n<meta property=\"og:title\" content=\"Soima - El\u00e4mysten Wanha Satama\" \/>\n<meta property=\"og:description\" content=\"Tilausravintola Soima TILAUSRAVINTOLA SOIMA Soima on Wanhassa Satamassa toimiva tilausravintola, jonka kapasiteetti mahdollistaa maksimissaan 100 hengen istuvan- tai 150 hengen cocktailtilaisuuden. P\u00e4iv\u00e4tilaisuuksissa tila on k\u00e4yt\u00f6ss\u00e4nne klo 11:00 -15:00 minimiveloituksen ollessa 1000,00\u20ac Iltatilaisuuksissa tila on k\u00e4yt\u00f6ss\u00e4nne klo 18:00 &#8211; 23:00 minimiveloituksen ollessa 3500,00\u20ac Pyh\u00e4p\u00e4ivin\u00e4 ja juhlapyhin\u00e4 veloitamme lis\u00e4ksi erillisen\u00a0 tilavuokran.\u00a0 \u00a0 Tila on varattavissa aina kalenterikuukausi [&hellip;]\" \/>\n<meta property=\"og:url\" content=\"https:\/\/www.wanhasatama.fi\/en\/soima\/\" \/>\n<meta property=\"og:site_name\" content=\"El\u00e4mysten Wanha Satama\" \/>\n<meta property=\"article:modified_time\" content=\"2023-04-12T07:09:22+00:00\" \/>\n<meta name=\"twitter:card\" content=\"summary_large_image\" \/>\n<meta name=\"twitter:label1\" content=\"Est. reading time\" \/>\n\t<meta name=\"twitter:data1\" content=\"1 minute\" \/>\n<script type=\"application\/ld+json\" class=\"yoast-schema-graph\">{\"@context\":\"https:\\\/\\\/schema.org\",\"@graph\":[{\"@type\":\"WebPage\",\"@id\":\"https:\\\/\\\/www.wanhasatama.fi\\\/soima\\\/\",\"url\":\"https:\\\/\\\/www.wanhasatama.fi\\\/soima\\\/\",\"name\":\"Soima - El\u00e4mysten Wanha Satama\",\"isPartOf\":{\"@id\":\"https:\\\/\\\/www.wanhasatama.fi\\\/#website\"},\"datePublished\":\"2021-09-29T07:25:09+00:00\",\"dateModified\":\"2023-04-12T07:09:22+00:00\",\"breadcrumb\":{\"@id\":\"https:\\\/\\\/www.wanhasatama.fi\\\/soima\\\/#breadcrumb\"},\"inLanguage\":\"en-US\",\"potentialAction\":[{\"@type\":\"ReadAction\",\"target\":[\"https:\\\/\\\/www.wanhasatama.fi\\\/soima\\\/\"]}]},{\"@type\":\"BreadcrumbList\",\"@id\":\"https:\\\/\\\/www.wanhasatama.fi\\\/soima\\\/#breadcrumb\",\"itemListElement\":[{\"@type\":\"ListItem\",\"position\":1,\"name\":\"Home\",\"item\":\"https:\\\/\\\/www.wanhasatama.fi\\\/\"},{\"@type\":\"ListItem\",\"position\":2,\"name\":\"Soima\"}]},{\"@type\":\"WebSite\",\"@id\":\"https:\\\/\\\/www.wanhasatama.fi\\\/#website\",\"url\":\"https:\\\/\\\/www.wanhasatama.fi\\\/\",\"name\":\"El\u00e4mysten Wanha Satama\",\"description\":\"\",\"publisher\":{\"@id\":\"https:\\\/\\\/www.wanhasatama.fi\\\/#organization\"},\"potentialAction\":[{\"@type\":\"SearchAction\",\"target\":{\"@type\":\"EntryPoint\",\"urlTemplate\":\"https:\\\/\\\/www.wanhasatama.fi\\\/?s={search_term_string}\"},\"query-input\":{\"@type\":\"PropertyValueSpecification\",\"valueRequired\":true,\"valueName\":\"search_term_string\"}}],\"inLanguage\":\"en-US\"},{\"@type\":\"Organization\",\"@id\":\"https:\\\/\\\/www.wanhasatama.fi\\\/#organization\",\"name\":\"El\u00e4mysten Wanha Satama\",\"url\":\"https:\\\/\\\/www.wanhasatama.fi\\\/\",\"logo\":{\"@type\":\"ImageObject\",\"inLanguage\":\"en-US\",\"@id\":\"https:\\\/\\\/www.wanhasatama.fi\\\/#\\\/schema\\\/logo\\\/image\\\/\",\"url\":\"https:\\\/\\\/www.wanhasatama.fi\\\/wp-content\\\/uploads\\\/2021\\\/08\\\/logo200x200.png\",\"contentUrl\":\"https:\\\/\\\/www.wanhasatama.fi\\\/wp-content\\\/uploads\\\/2021\\\/08\\\/logo200x200.png\",\"width\":200,\"height\":200,\"caption\":\"El\u00e4mysten Wanha Satama\"},\"image\":{\"@id\":\"https:\\\/\\\/www.wanhasatama.fi\\\/#\\\/schema\\\/logo\\\/image\\\/\"}}]}<\/script>\n<!-- \/ Yoast SEO plugin. -->","yoast_head_json":{"title":"Soima - El\u00e4mysten Wanha Satama","robots":{"index":"index","follow":"follow","max-snippet":"max-snippet:-1","max-image-preview":"max-image-preview:large","max-video-preview":"max-video-preview:-1"},"canonical":"https:\/\/www.wanhasatama.fi\/en\/soima\/","og_locale":"en_US","og_type":"article","og_title":"Soima - El\u00e4mysten Wanha Satama","og_description":"Tilausravintola Soima TILAUSRAVINTOLA SOIMA Soima on Wanhassa Satamassa toimiva tilausravintola, jonka kapasiteetti mahdollistaa maksimissaan 100 hengen istuvan- tai 150 hengen cocktailtilaisuuden. P\u00e4iv\u00e4tilaisuuksissa tila on k\u00e4yt\u00f6ss\u00e4nne klo 11:00 -15:00 minimiveloituksen ollessa 1000,00\u20ac Iltatilaisuuksissa tila on k\u00e4yt\u00f6ss\u00e4nne klo 18:00 &#8211; 23:00 minimiveloituksen ollessa 3500,00\u20ac Pyh\u00e4p\u00e4ivin\u00e4 ja juhlapyhin\u00e4 veloitamme lis\u00e4ksi erillisen\u00a0 tilavuokran.\u00a0 \u00a0 Tila on varattavissa aina kalenterikuukausi [&hellip;]","og_url":"https:\/\/www.wanhasatama.fi\/en\/soima\/","og_site_name":"El\u00e4mysten Wanha Satama","article_modified_time":"2023-04-12T07:09:22+00:00","twitter_card":"summary_large_image","twitter_misc":{"Est. reading time":"1 minute"},"schema":{"@context":"https:\/\/schema.org","@graph":[{"@type":"WebPage","@id":"https:\/\/www.wanhasatama.fi\/soima\/","url":"https:\/\/www.wanhasatama.fi\/soima\/","name":"Soima - El\u00e4mysten Wanha Satama","isPartOf":{"@id":"https:\/\/www.wanhasatama.fi\/#website"},"datePublished":"2021-09-29T07:25:09+00:00","dateModified":"2023-04-12T07:09:22+00:00","breadcrumb":{"@id":"https:\/\/www.wanhasatama.fi\/soima\/#breadcrumb"},"inLanguage":"en-US","potentialAction":[{"@type":"ReadAction","target":["https:\/\/www.wanhasatama.fi\/soima\/"]}]},{"@type":"BreadcrumbList","@id":"https:\/\/www.wanhasatama.fi\/soima\/#breadcrumb","itemListElement":[{"@type":"ListItem","position":1,"name":"Home","item":"https:\/\/www.wanhasatama.fi\/"},{"@type":"ListItem","position":2,"name":"Soima"}]},{"@type":"WebSite","@id":"https:\/\/www.wanhasatama.fi\/#website","url":"https:\/\/www.wanhasatama.fi\/","name":"Experience Wanha Satama","description":"","publisher":{"@id":"https:\/\/www.wanhasatama.fi\/#organization"},"potentialAction":[{"@type":"SearchAction","target":{"@type":"EntryPoint","urlTemplate":"https:\/\/www.wanhasatama.fi\/?s={search_term_string}"},"query-input":{"@type":"PropertyValueSpecification","valueRequired":true,"valueName":"search_term_string"}}],"inLanguage":"en-US"},{"@type":"Organization","@id":"https:\/\/www.wanhasatama.fi\/#organization","name":"Experience Wanha Satama","url":"https:\/\/www.wanhasatama.fi\/","logo":{"@type":"ImageObject","inLanguage":"en-US","@id":"https:\/\/www.wanhasatama.fi\/#\/schema\/logo\/image\/","url":"https:\/\/www.wanhasatama.fi\/wp-content\/uploads\/2021\/08\/logo200x200.png","contentUrl":"https:\/\/www.wanhasatama.fi\/wp-content\/uploads\/2021\/08\/logo200x200.png","width":200,"height":200,"caption":"El\u00e4mysten Wanha Satama"},"image":{"@id":"https:\/\/www.wanhasatama.fi\/#\/schema\/logo\/image\/"}}]}},"_links":{"self":[{"href":"https:\/\/www.wanhasatama.fi\/en\/wp-json\/wp\/v2\/pages\/761","targetHints":{"allow":["GET"]}}],"collection":[{"href":"https:\/\/www.wanhasatama.fi\/en\/wp-json\/wp\/v2\/pages"}],"about":[{"href":"https:\/\/www.wanhasatama.fi\/en\/wp-json\/wp\/v2\/types\/page"}],"author":[{"embeddable":true,"href":"https:\/\/www.wanhasatama.fi\/en\/wp-json\/wp\/v2\/users\/2"}],"replies":[{"embeddable":true,"href":"https:\/\/www.wanhasatama.fi\/en\/wp-json\/wp\/v2\/comments?post=761"}],"version-history":[{"count":5,"href":"https:\/\/www.wanhasatama.fi\/en\/wp-json\/wp\/v2\/pages\/761\/revisions"}],"predecessor-version":[{"id":3021,"href":"https:\/\/www.wanhasatama.fi\/en\/wp-json\/wp\/v2\/pages\/761\/revisions\/3021"}],"wp:attachment":[{"href":"https:\/\/www.wanhasatama.fi\/en\/wp-json\/wp\/v2\/media?parent=761"}],"curies":[{"name":"wp","href":"https:\/\/api.w.org\/{rel}","templated":true}]}}