{"id":5523,"date":"2025-04-30T12:49:48","date_gmt":"2025-04-30T12:49:48","guid":{"rendered":"https:\/\/www.wanhasatama.fi\/?page_id=5523"},"modified":"2025-04-30T12:50:23","modified_gmt":"2025-04-30T12:50:23","slug":"testi2-duplicate-5476-2","status":"publish","type":"page","link":"https:\/\/www.wanhasatama.fi\/en\/testi2-duplicate-5476-2\/","title":{"rendered":"testi2 &#8211; Duplicate &#8211; [#5476]"},"content":{"rendered":"\t\t<div data-elementor-type=\"wp-page\" data-elementor-id=\"5523\" class=\"elementor elementor-5523\" data-elementor-post-type=\"page\">\n\t\t\t\t<div class=\"elementor-element elementor-element-75a1bd3 e-flex e-con-boxed e-con e-parent\" data-id=\"75a1bd3\" data-element_type=\"container\" data-e-type=\"container\">\n\t\t\t\t\t<div class=\"e-con-inner\">\n\t\t\t\t<div class=\"elementor-element elementor-element-8be1835 elementor-widget elementor-widget-wpforms\" data-id=\"8be1835\" data-element_type=\"widget\" data-e-type=\"widget\" data-widget_type=\"wpforms.default\">\n\t\t\t\t<div class=\"elementor-widget-container\">\n\t\t\t\t\t<div class=\"wpforms-container wpforms-container-full wpforms-form-abandonment wpforms-render-modern\" id=\"wpforms-5519\"><form id=\"wpforms-form-5519\" class=\"wpforms-validate wpforms-form wpforms-ajax-form\" data-formid=\"5519\" method=\"post\" enctype=\"multipart\/form-data\" action=\"\/en\/wp-json\/wp\/v2\/pages\/5523\" data-token=\"08eb9cb4b058cae8d603e84e34369c96\" data-token-time=\"1776419319\"><noscript class=\"wpforms-error-noscript\">Please enable JavaScript in your browser to complete this form.<\/noscript><div id=\"wpforms-error-noscript\" style=\"display: none;\">Please enable JavaScript in your browser to complete this form.<\/div><div class=\"wpforms-page-indicator progress\" data-indicator=\"progress\" data-indicator-color=\"#72b239\" data-scroll=\"1\" role=\"progressbar\" aria-valuenow=\"1\" aria-valuemin=\"1\" aria-valuemax=\"3\" tabindex=\"-1\"><span class=\"wpforms-page-indicator-page-title\" ><\/span><span class=\"wpforms-page-indicator-page-title-sep\" style=\"display:none;\"> - <\/span><span class=\"wpforms-page-indicator-steps\">Step <span class=\"wpforms-page-indicator-steps-current\">1<\/span> of 3<\/span><div class=\"wpforms-page-indicator-page-progress-wrap\"><div class=\"wpforms-page-indicator-page-progress\" style=\"width:33.333333333333%;background-color:#72b239\"><\/div><\/div><\/div><div class=\"wpforms-field-container\"><div class=\"wpforms-page wpforms-page-1 \" data-page=\"1\"><div id=\"wpforms-5519-field_5-container\" class=\"wpforms-field wpforms-field-pagebreak\" data-field-type=\"pagebreak\" data-field-id=\"5\"><\/div><div id=\"wpforms-5519-field_7-container\" class=\"wpforms-field wpforms-field-content\" data-field-type=\"content\" data-field-id=\"7\"><div id=\"wpforms-5519-field_7\" class=\"wpforms-field-medium wpforms-field-row\" aria-errormessage=\"wpforms-5519-field_7-error\"><p><strong>Sopii hyvin! J\u00e4t\u00e4th\u00e4n seuraavaksi alle yhteystietosi, joista tavoitamme sinut<\/strong><\/p>\n<div class=\"wpforms-field-content-display-frontend-clear\"><\/div><\/div><\/div>\t\t<div id=\"wpforms-5519-field_12-container\"\n\t\t\tclass=\"wpforms-field wpforms-field-text\"\n\t\t\tdata-field-type=\"text\"\n\t\t\tdata-field-id=\"12\"\n\t\t\t>\n\t\t\t<label class=\"wpforms-field-label\" for=\"wpforms-5519-field_12\" >T\u00e4h\u00e4n on meille?<\/label>\n\t\t\t<input type=\"text\" id=\"wpforms-5519-field_12\" class=\"wpforms-field-medium\" name=\"wpforms[fields][12]\" >\n\t\t<\/div>\n\t\t<div id=\"wpforms-5519-field_3-container\" class=\"wpforms-field wpforms-field-phone\" data-field-type=\"phone\" data-field-id=\"3\"><label class=\"wpforms-field-label\" for=\"wpforms-5519-field_3\">Puhelinnumero <span class=\"wpforms-required-label\" aria-hidden=\"true\">*<\/span><\/label><input type=\"tel\" id=\"wpforms-5519-field_3\" class=\"wpforms-field-medium wpforms-field-required\" data-rule-int-phone-field=\"true\" name=\"wpforms[fields][3]\" aria-label=\"Puhelinnumero\" aria-errormessage=\"wpforms-5519-field_3-error\" required><\/div><div id=\"wpforms-5519-field_2-container\" class=\"wpforms-field wpforms-field-email\" data-field-type=\"email\" data-field-id=\"2\"><label class=\"wpforms-field-label\" for=\"wpforms-5519-field_2\">S\u00e4hk\u00f6postiosoite <span class=\"wpforms-required-label\" aria-hidden=\"true\">*<\/span><\/label><input type=\"email\" id=\"wpforms-5519-field_2\" class=\"wpforms-field-medium wpforms-field-required\" name=\"wpforms[fields][2]\" spellcheck=\"false\" aria-errormessage=\"wpforms-5519-field_2-error\" required><\/div><div id=\"wpforms-5519-field_4-container\" class=\"wpforms-field wpforms-field-pagebreak\" data-field-type=\"pagebreak\" data-field-id=\"4\"><div class=\"wpforms-clear wpforms-pagebreak-left\"><button class=\"wpforms-page-button wpforms-page-next wpforms-disabled\"\n\t\t\t\t\tdata-action=\"next\" data-page=\"1\" data-formid=\"5519\" aria-disabled=\"true\" aria-describedby=\"wpforms-error-noscript\">Seuraava<\/button><\/div><\/div><\/div><div class=\"wpforms-page wpforms-page-2  \" data-page=\"2\" style=\"display:none;\"><div id=\"wpforms-5519-field_8-container\" class=\"wpforms-field wpforms-field-content\" data-field-type=\"content\" data-field-id=\"8\"><div id=\"wpforms-5519-field_8\" class=\"wpforms-field-medium wpforms-field-row\" aria-errormessage=\"wpforms-5519-field_8-error\"><p><strong>Olisi mukava kuulla viel\u00e4 nimesi sek\u00e4 mahdollisen edustamasi yrityksen nimi?<\/strong><\/p>\n<div class=\"wpforms-field-content-display-frontend-clear\"><\/div><\/div><\/div><div id=\"wpforms-5519-field_1-container\" class=\"wpforms-field wpforms-field-name\" data-field-type=\"name\" data-field-id=\"1\"><label class=\"wpforms-field-label\" for=\"wpforms-5519-field_1\">Nimesi<\/label><input type=\"text\" id=\"wpforms-5519-field_1\" class=\"wpforms-field-medium\" name=\"wpforms[fields][1]\" aria-errormessage=\"wpforms-5519-field_1-error\" ><\/div><div id=\"wpforms-5519-field_9-container\" class=\"wpforms-field wpforms-field-text\" data-field-type=\"text\" data-field-id=\"9\"><label class=\"wpforms-field-label\" for=\"wpforms-5519-field_9\">Yritys<\/label><input type=\"text\" id=\"wpforms-5519-field_9\" class=\"wpforms-field-medium\" name=\"wpforms[fields][9]\" aria-errormessage=\"wpforms-5519-field_9-error\" ><\/div><div id=\"wpforms-5519-field_10-container\" class=\"wpforms-field wpforms-field-pagebreak\" data-field-type=\"pagebreak\" data-field-id=\"10\"><div class=\"wpforms-clear wpforms-pagebreak-left\"><button class=\"wpforms-page-button wpforms-page-next wpforms-disabled\"\n\t\t\t\t\tdata-action=\"next\" data-page=\"2\" data-formid=\"5519\" aria-disabled=\"true\" aria-describedby=\"wpforms-error-noscript\">Seuraava<\/button><\/div><\/div><\/div><div class=\"wpforms-page wpforms-page-3 last \" data-page=\"3\" style=\"display:none;\"><div id=\"wpforms-5519-field_11-container\" class=\"wpforms-field wpforms-field-content\" data-field-type=\"content\" data-field-id=\"11\"><div id=\"wpforms-5519-field_11\" class=\"wpforms-field-medium wpforms-field-row\" aria-errormessage=\"wpforms-5519-field_11-error\"><p><strong>Onko viel\u00e4 mit\u00e4\u00e4n lis\u00e4tietoja mit\u00e4 haluaisit j\u00e4tt\u00e4\u00e4 meille?<\/strong><\/p>\n<div class=\"wpforms-field-content-display-frontend-clear\"><\/div><\/div><\/div><div id=\"wpforms-5519-field_15-container\" class=\"wpforms-field wpforms-field-radio wpforms-conditional-trigger\" data-field-type=\"radio\" data-field-id=\"15\"><fieldset><legend class=\"wpforms-field-label wpforms-label-hide\" aria-hidden=\"false\">Onko viel\u00e4 mit\u00e4\u00e4n lis\u00e4tietoja mit\u00e4 haluaisit j\u00e4tt\u00e4\u00e4 meille?<\/legend><ul id=\"wpforms-5519-field_15\"><li class=\"choice-1 depth-1\"><input type=\"radio\" id=\"wpforms-5519-field_15_1\" name=\"wpforms[fields][15]\" value=\"Kyll\u00e4\" aria-errormessage=\"wpforms-5519-field_15_1-error\"  ><label class=\"wpforms-field-label-inline\" for=\"wpforms-5519-field_15_1\">Kyll\u00e4<\/label><\/li><li class=\"choice-2 depth-1\"><input type=\"radio\" id=\"wpforms-5519-field_15_2\" name=\"wpforms[fields][15]\" value=\"Ei\" aria-errormessage=\"wpforms-5519-field_15_2-error\"  ><label class=\"wpforms-field-label-inline\" for=\"wpforms-5519-field_15_2\">Ei<\/label><\/li><\/ul><\/fieldset><\/div><div id=\"wpforms-5519-field_14-container\" class=\"wpforms-field wpforms-field-textarea wpforms-conditional-field wpforms-conditional-show\" data-field-type=\"textarea\" data-field-id=\"14\" style=\"display:none;\"><label class=\"wpforms-field-label\" for=\"wpforms-5519-field_14\">T\u00e4h\u00e4n voit j\u00e4tt\u00e4\u00e4 lis\u00e4tietoja, sana on vapaa.<\/label><textarea id=\"wpforms-5519-field_14\" class=\"wpforms-field-medium\" name=\"wpforms[fields][14]\" aria-errormessage=\"wpforms-5519-field_14-error\" ><\/textarea><\/div><div id=\"wpforms-5519-field_6-container\" class=\"wpforms-field wpforms-field-pagebreak\" data-field-type=\"pagebreak\" data-field-id=\"6\"><\/div><\/div><script>\n\t\t\t\t( function() {\n\t\t\t\t\tconst style = document.createElement( 'style' );\n\t\t\t\t\tstyle.appendChild( document.createTextNode( '#wpforms-5519-field_12-container { position: absolute !important; overflow: hidden !important; display: inline !important; height: 1px !important; width: 1px !important; z-index: -1000 !important; padding: 0 !important; } #wpforms-5519-field_12-container input { visibility: hidden; } #wpforms-conversational-form-page #wpforms-5519-field_12-container label { counter-increment: none; }' ) );\n\t\t\t\t\tdocument.head.appendChild( style );\n\t\t\t\t\tdocument.currentScript?.remove();\n\t\t\t\t} )();\n\t\t\t<\/script><\/div><!-- .wpforms-field-container --><div class=\"wpforms-submit-container\" style=\"display:none;\"><input type=\"hidden\" name=\"wpforms[id]\" value=\"5519\"><input type=\"hidden\" name=\"page_title\" value=\"\"><input type=\"hidden\" name=\"page_url\" value=\"https:\/\/www.wanhasatama.fi\/en\/wp-json\/wp\/v2\/pages\/5523\"><input type=\"hidden\" name=\"url_referer\" value=\"\"><button type=\"submit\" name=\"wpforms[submit]\" id=\"wpforms-submit-5519\" class=\"wpforms-submit\" data-alt-text=\"Sending...\" data-submit-text=\"L\u00e4het\u00e4\" aria-live=\"assertive\" value=\"wpforms-submit\">L\u00e4het\u00e4<\/button><img decoding=\"async\" src=\"https:\/\/www.wanhasatama.fi\/wp-content\/plugins\/wpforms\/assets\/images\/submit-spin.svg\" class=\"wpforms-submit-spinner\" style=\"display: none;\" width=\"26\" height=\"26\" alt=\"Loading\"><\/div><\/form><\/div>  <!-- .wpforms-container -->\t\t\t\t<\/div>\n\t\t\t\t<\/div>\n\t\t\t\t<div class=\"elementor-element elementor-element-e6b7080 elementor-widget elementor-widget-html\" data-id=\"e6b7080\" data-element_type=\"widget\" data-e-type=\"widget\" data-widget_type=\"html.default\">\n\t\t\t\t\t<script>\njQuery(document).ready(function($) {\n  \/\/ Radiovalintanapille - vain viimeinen vaihtoehto siirt\u00e4\u00e4 automaattisesti\n  $('.wpforms-field-radio input[type=\"radio\"]').on('change', function() {\n    \/\/ Tarkista onko t\u00e4m\u00e4 viimeinen vaihtoehto listalla\n    var isLastOption = $(this).closest('li').is(':last-child');\n    \n    \/\/ Siirry automaattisesti seuraavalle sivulle vain jos kyseess\u00e4 on viimeinen vaihtoehto\n    if (isLastOption) {\n      \/\/ Haetaan nykyinen sivu\n      var currentPage = $(this).closest('.wpforms-page');\n      \/\/ Etsit\u00e4\u00e4n vain t\u00e4m\u00e4n sivun \"seuraava sivu\" -painike\n      currentPage.find('.wpforms-page-next').trigger('click');\n    }\n  });\n  \n  \/\/ Alasvetovalikolle (s\u00e4ilyy ennallaan)\n  $('.wpforms-field-select select').on('change', function() {\n    \/\/ Haetaan nykyinen sivu\n    var currentPage = $(this).closest('.wpforms-page');\n    \/\/ Etsit\u00e4\u00e4n vain t\u00e4m\u00e4n sivun \"seuraava sivu\" -painike\n    currentPage.find('.wpforms-page-next').trigger('click');\n  });\n});\n<\/script>\t\t\t\t<\/div>\n\t\t\t\t\t<\/div>\n\t\t\t\t<\/div>\n\t\t\t\t<\/div>\n\t\t","protected":false},"excerpt":{"rendered":"<p>Please enable JavaScript in your browser to complete this form. &#8211; Step 1 of 3 Sopii hyvin! J\u00e4t\u00e4th\u00e4n seuraavaksi alle yhteystietosi, joista tavoitamme sinut Puhelinnumero * S\u00e4hk\u00f6postiosoite *Seuraava Olisi mukava kuulla viel\u00e4 nimesi sek\u00e4 mahdollisen edustamasi yrityksen nimi? NimesiYritysSeuraava Onko viel\u00e4 mit\u00e4\u00e4n lis\u00e4tietoja mit\u00e4 haluaisit j\u00e4tt\u00e4\u00e4 meille? Onko viel\u00e4 mit\u00e4\u00e4n lis\u00e4tietoja mit\u00e4 haluaisit j\u00e4tt\u00e4\u00e4 meille? [&hellip;]<\/p>\n","protected":false},"author":12,"featured_media":0,"parent":0,"menu_order":0,"comment_status":"closed","ping_status":"closed","template":"elementor_canvas","meta":{"_improvement_type_select":"improve_an_existing","_thumb_yes_seoaic":false,"_frame_yes_seoaic":false,"seoaic_generate_description":"","seoaic_improve_instructions_prompt":"","seoaic_rollback_content_improvement":"","seoaic_idea_thumbnail_generator":"","thumbnail_generated":false,"thumbnail_generate_prompt":"","seoaic_article_description":"","site-sidebar-layout":"default","site-content-layout":"","ast-site-content-layout":"default","site-content-style":"default","site-sidebar-style":"default","ast-global-header-display":"","ast-banner-title-visibility":"","ast-main-header-display":"","ast-hfb-above-header-display":"","ast-hfb-below-header-display":"","ast-hfb-mobile-header-display":"","site-post-title":"","ast-breadcrumbs-content":"","ast-featured-img":"","footer-sml-layout":"","ast-disable-related-posts":"","theme-transparent-header-meta":"","adv-header-id-meta":"","stick-header-meta":"","header-above-stick-meta":"","header-main-stick-meta":"","header-below-stick-meta":"","astra-migrate-meta-layouts":"default","ast-page-background-enabled":"default","ast-page-background-meta":{"desktop":{"background-color":"","background-image":"","background-repeat":"repeat","background-position":"center center","background-size":"auto","background-attachment":"scroll","background-type":"","background-media":"","overlay-type":"","overlay-color":"","overlay-opacity":"","overlay-gradient":""},"tablet":{"background-color":"","background-image":"","background-repeat":"repeat","background-position":"center center","background-size":"auto","background-attachment":"scroll","background-type":"","background-media":"","overlay-type":"","overlay-color":"","overlay-opacity":"","overlay-gradient":""},"mobile":{"background-color":"","background-image":"","background-repeat":"repeat","background-position":"center center","background-size":"auto","background-attachment":"scroll","background-type":"","background-media":"","overlay-type":"","overlay-color":"","overlay-opacity":"","overlay-gradient":""}},"ast-content-background-meta":{"desktop":{"background-color":"var(--ast-global-color-5)","background-image":"","background-repeat":"repeat","background-position":"center center","background-size":"auto","background-attachment":"scroll","background-type":"","background-media":"","overlay-type":"","overlay-color":"","overlay-opacity":"","overlay-gradient":""},"tablet":{"background-color":"var(--ast-global-color-5)","background-image":"","background-repeat":"repeat","background-position":"center center","background-size":"auto","background-attachment":"scroll","background-type":"","background-media":"","overlay-type":"","overlay-color":"","overlay-opacity":"","overlay-gradient":""},"mobile":{"background-color":"var(--ast-global-color-5)","background-image":"","background-repeat":"repeat","background-position":"center center","background-size":"auto","background-attachment":"scroll","background-type":"","background-media":"","overlay-type":"","overlay-color":"","overlay-opacity":"","overlay-gradient":""}},"footnotes":""},"class_list":["post-5523","page","type-page","status-publish","hentry"],"yoast_head":"<!-- This site is optimized with the Yoast SEO plugin v27.3 - https:\/\/yoast.com\/product\/yoast-seo-wordpress\/ -->\n<title>testi2 - Duplicate - [#5476] - El\u00e4mysten Wanha Satama<\/title>\n<meta name=\"robots\" content=\"noindex, nofollow\" \/>\n<meta property=\"og:locale\" content=\"en_US\" \/>\n<meta property=\"og:type\" content=\"article\" \/>\n<meta property=\"og:title\" content=\"testi2 - Duplicate - [#5476] - El\u00e4mysten Wanha Satama\" \/>\n<meta property=\"og:description\" content=\"Please enable JavaScript in your browser to complete this form. &#8211; Step 1 of 3 Sopii hyvin! J\u00e4t\u00e4th\u00e4n seuraavaksi alle yhteystietosi, joista tavoitamme sinut Puhelinnumero * S\u00e4hk\u00f6postiosoite *Seuraava Olisi mukava kuulla viel\u00e4 nimesi sek\u00e4 mahdollisen edustamasi yrityksen nimi? NimesiYritysSeuraava Onko viel\u00e4 mit\u00e4\u00e4n lis\u00e4tietoja mit\u00e4 haluaisit j\u00e4tt\u00e4\u00e4 meille? Onko viel\u00e4 mit\u00e4\u00e4n lis\u00e4tietoja mit\u00e4 haluaisit j\u00e4tt\u00e4\u00e4 meille? [&hellip;]\" \/>\n<meta property=\"og:url\" content=\"https:\/\/www.wanhasatama.fi\/en\/testi2-duplicate-5476-2\/\" \/>\n<meta property=\"og:site_name\" content=\"El\u00e4mysten Wanha Satama\" \/>\n<meta property=\"article:modified_time\" content=\"2025-04-30T12:50:23+00:00\" \/>\n<meta property=\"og:image\" content=\"https:\/\/www.wanhasatama.fi\/wp-content\/plugins\/wpforms\/assets\/images\/submit-spin.svg\" \/>\n<meta name=\"twitter:card\" content=\"summary_large_image\" \/>\n<meta name=\"twitter:label1\" content=\"Est. reading time\" \/>\n\t<meta name=\"twitter:data1\" content=\"1 minute\" \/>\n<script type=\"application\/ld+json\" class=\"yoast-schema-graph\">{\"@context\":\"https:\\\/\\\/schema.org\",\"@graph\":[{\"@type\":\"WebPage\",\"@id\":\"https:\\\/\\\/www.wanhasatama.fi\\\/testi2-duplicate-5476-2\\\/\",\"url\":\"https:\\\/\\\/www.wanhasatama.fi\\\/testi2-duplicate-5476-2\\\/\",\"name\":\"testi2 - Duplicate - [#5476] - El\u00e4mysten Wanha Satama\",\"isPartOf\":{\"@id\":\"https:\\\/\\\/www.wanhasatama.fi\\\/#website\"},\"primaryImageOfPage\":{\"@id\":\"https:\\\/\\\/www.wanhasatama.fi\\\/testi2-duplicate-5476-2\\\/#primaryimage\"},\"image\":{\"@id\":\"https:\\\/\\\/www.wanhasatama.fi\\\/testi2-duplicate-5476-2\\\/#primaryimage\"},\"thumbnailUrl\":\"https:\\\/\\\/www.wanhasatama.fi\\\/wp-content\\\/plugins\\\/wpforms\\\/assets\\\/images\\\/submit-spin.svg\",\"datePublished\":\"2025-04-30T12:49:48+00:00\",\"dateModified\":\"2025-04-30T12:50:23+00:00\",\"breadcrumb\":{\"@id\":\"https:\\\/\\\/www.wanhasatama.fi\\\/testi2-duplicate-5476-2\\\/#breadcrumb\"},\"inLanguage\":\"en-US\",\"potentialAction\":[{\"@type\":\"ReadAction\",\"target\":[\"https:\\\/\\\/www.wanhasatama.fi\\\/testi2-duplicate-5476-2\\\/\"]}]},{\"@type\":\"ImageObject\",\"inLanguage\":\"en-US\",\"@id\":\"https:\\\/\\\/www.wanhasatama.fi\\\/testi2-duplicate-5476-2\\\/#primaryimage\",\"url\":\"https:\\\/\\\/www.wanhasatama.fi\\\/wp-content\\\/plugins\\\/wpforms\\\/assets\\\/images\\\/submit-spin.svg\",\"contentUrl\":\"https:\\\/\\\/www.wanhasatama.fi\\\/wp-content\\\/plugins\\\/wpforms\\\/assets\\\/images\\\/submit-spin.svg\"},{\"@type\":\"BreadcrumbList\",\"@id\":\"https:\\\/\\\/www.wanhasatama.fi\\\/testi2-duplicate-5476-2\\\/#breadcrumb\",\"itemListElement\":[{\"@type\":\"ListItem\",\"position\":1,\"name\":\"Home\",\"item\":\"https:\\\/\\\/www.wanhasatama.fi\\\/\"},{\"@type\":\"ListItem\",\"position\":2,\"name\":\"testi2 &#8211; Duplicate &#8211; [#5476]\"}]},{\"@type\":\"WebSite\",\"@id\":\"https:\\\/\\\/www.wanhasatama.fi\\\/#website\",\"url\":\"https:\\\/\\\/www.wanhasatama.fi\\\/\",\"name\":\"El\u00e4mysten Wanha Satama\",\"description\":\"\",\"publisher\":{\"@id\":\"https:\\\/\\\/www.wanhasatama.fi\\\/#organization\"},\"potentialAction\":[{\"@type\":\"SearchAction\",\"target\":{\"@type\":\"EntryPoint\",\"urlTemplate\":\"https:\\\/\\\/www.wanhasatama.fi\\\/?s={search_term_string}\"},\"query-input\":{\"@type\":\"PropertyValueSpecification\",\"valueRequired\":true,\"valueName\":\"search_term_string\"}}],\"inLanguage\":\"en-US\"},{\"@type\":\"Organization\",\"@id\":\"https:\\\/\\\/www.wanhasatama.fi\\\/#organization\",\"name\":\"El\u00e4mysten Wanha Satama\",\"url\":\"https:\\\/\\\/www.wanhasatama.fi\\\/\",\"logo\":{\"@type\":\"ImageObject\",\"inLanguage\":\"en-US\",\"@id\":\"https:\\\/\\\/www.wanhasatama.fi\\\/#\\\/schema\\\/logo\\\/image\\\/\",\"url\":\"https:\\\/\\\/www.wanhasatama.fi\\\/wp-content\\\/uploads\\\/2021\\\/08\\\/logo200x200.png\",\"contentUrl\":\"https:\\\/\\\/www.wanhasatama.fi\\\/wp-content\\\/uploads\\\/2021\\\/08\\\/logo200x200.png\",\"width\":200,\"height\":200,\"caption\":\"El\u00e4mysten Wanha Satama\"},\"image\":{\"@id\":\"https:\\\/\\\/www.wanhasatama.fi\\\/#\\\/schema\\\/logo\\\/image\\\/\"}}]}<\/script>\n<!-- \/ Yoast SEO plugin. -->","yoast_head_json":{"title":"testi2 - Duplicate - [#5476] - El\u00e4mysten Wanha Satama","robots":{"index":"noindex","follow":"nofollow"},"og_locale":"en_US","og_type":"article","og_title":"testi2 - Duplicate - [#5476] - El\u00e4mysten Wanha Satama","og_description":"Please enable JavaScript in your browser to complete this form. &#8211; Step 1 of 3 Sopii hyvin! J\u00e4t\u00e4th\u00e4n seuraavaksi alle yhteystietosi, joista tavoitamme sinut Puhelinnumero * S\u00e4hk\u00f6postiosoite *Seuraava Olisi mukava kuulla viel\u00e4 nimesi sek\u00e4 mahdollisen edustamasi yrityksen nimi? NimesiYritysSeuraava Onko viel\u00e4 mit\u00e4\u00e4n lis\u00e4tietoja mit\u00e4 haluaisit j\u00e4tt\u00e4\u00e4 meille? Onko viel\u00e4 mit\u00e4\u00e4n lis\u00e4tietoja mit\u00e4 haluaisit j\u00e4tt\u00e4\u00e4 meille? [&hellip;]","og_url":"https:\/\/www.wanhasatama.fi\/en\/testi2-duplicate-5476-2\/","og_site_name":"El\u00e4mysten Wanha Satama","article_modified_time":"2025-04-30T12:50:23+00:00","og_image":[{"url":"https:\/\/www.wanhasatama.fi\/wp-content\/plugins\/wpforms\/assets\/images\/submit-spin.svg","type":"","width":"","height":""}],"twitter_card":"summary_large_image","twitter_misc":{"Est. reading time":"1 minute"},"schema":{"@context":"https:\/\/schema.org","@graph":[{"@type":"WebPage","@id":"https:\/\/www.wanhasatama.fi\/testi2-duplicate-5476-2\/","url":"https:\/\/www.wanhasatama.fi\/testi2-duplicate-5476-2\/","name":"testi2 - Duplicate - [#5476] - El\u00e4mysten Wanha Satama","isPartOf":{"@id":"https:\/\/www.wanhasatama.fi\/#website"},"primaryImageOfPage":{"@id":"https:\/\/www.wanhasatama.fi\/testi2-duplicate-5476-2\/#primaryimage"},"image":{"@id":"https:\/\/www.wanhasatama.fi\/testi2-duplicate-5476-2\/#primaryimage"},"thumbnailUrl":"https:\/\/www.wanhasatama.fi\/wp-content\/plugins\/wpforms\/assets\/images\/submit-spin.svg","datePublished":"2025-04-30T12:49:48+00:00","dateModified":"2025-04-30T12:50:23+00:00","breadcrumb":{"@id":"https:\/\/www.wanhasatama.fi\/testi2-duplicate-5476-2\/#breadcrumb"},"inLanguage":"en-US","potentialAction":[{"@type":"ReadAction","target":["https:\/\/www.wanhasatama.fi\/testi2-duplicate-5476-2\/"]}]},{"@type":"ImageObject","inLanguage":"en-US","@id":"https:\/\/www.wanhasatama.fi\/testi2-duplicate-5476-2\/#primaryimage","url":"https:\/\/www.wanhasatama.fi\/wp-content\/plugins\/wpforms\/assets\/images\/submit-spin.svg","contentUrl":"https:\/\/www.wanhasatama.fi\/wp-content\/plugins\/wpforms\/assets\/images\/submit-spin.svg"},{"@type":"BreadcrumbList","@id":"https:\/\/www.wanhasatama.fi\/testi2-duplicate-5476-2\/#breadcrumb","itemListElement":[{"@type":"ListItem","position":1,"name":"Home","item":"https:\/\/www.wanhasatama.fi\/"},{"@type":"ListItem","position":2,"name":"testi2 &#8211; Duplicate &#8211; [#5476]"}]},{"@type":"WebSite","@id":"https:\/\/www.wanhasatama.fi\/#website","url":"https:\/\/www.wanhasatama.fi\/","name":"Experience Wanha Satama","description":"","publisher":{"@id":"https:\/\/www.wanhasatama.fi\/#organization"},"potentialAction":[{"@type":"SearchAction","target":{"@type":"EntryPoint","urlTemplate":"https:\/\/www.wanhasatama.fi\/?s={search_term_string}"},"query-input":{"@type":"PropertyValueSpecification","valueRequired":true,"valueName":"search_term_string"}}],"inLanguage":"en-US"},{"@type":"Organization","@id":"https:\/\/www.wanhasatama.fi\/#organization","name":"Experience Wanha Satama","url":"https:\/\/www.wanhasatama.fi\/","logo":{"@type":"ImageObject","inLanguage":"en-US","@id":"https:\/\/www.wanhasatama.fi\/#\/schema\/logo\/image\/","url":"https:\/\/www.wanhasatama.fi\/wp-content\/uploads\/2021\/08\/logo200x200.png","contentUrl":"https:\/\/www.wanhasatama.fi\/wp-content\/uploads\/2021\/08\/logo200x200.png","width":200,"height":200,"caption":"El\u00e4mysten Wanha Satama"},"image":{"@id":"https:\/\/www.wanhasatama.fi\/#\/schema\/logo\/image\/"}}]}},"_links":{"self":[{"href":"https:\/\/www.wanhasatama.fi\/en\/wp-json\/wp\/v2\/pages\/5523","targetHints":{"allow":["GET"]}}],"collection":[{"href":"https:\/\/www.wanhasatama.fi\/en\/wp-json\/wp\/v2\/pages"}],"about":[{"href":"https:\/\/www.wanhasatama.fi\/en\/wp-json\/wp\/v2\/types\/page"}],"author":[{"embeddable":true,"href":"https:\/\/www.wanhasatama.fi\/en\/wp-json\/wp\/v2\/users\/12"}],"replies":[{"embeddable":true,"href":"https:\/\/www.wanhasatama.fi\/en\/wp-json\/wp\/v2\/comments?post=5523"}],"version-history":[{"count":5,"href":"https:\/\/www.wanhasatama.fi\/en\/wp-json\/wp\/v2\/pages\/5523\/revisions"}],"predecessor-version":[{"id":5530,"href":"https:\/\/www.wanhasatama.fi\/en\/wp-json\/wp\/v2\/pages\/5523\/revisions\/5530"}],"wp:attachment":[{"href":"https:\/\/www.wanhasatama.fi\/en\/wp-json\/wp\/v2\/media?parent=5523"}],"curies":[{"name":"wp","href":"https:\/\/api.w.org\/{rel}","templated":true}]}}