{"id":5167,"date":"2024-11-08T11:35:58","date_gmt":"2024-11-08T11:35:58","guid":{"rendered":"https:\/\/www.wanhasatama.fi\/?page_id=5167"},"modified":"2024-11-12T05:52:23","modified_gmt":"2024-11-12T05:52:23","slug":"vastuullisuussuunnitelma","status":"publish","type":"page","link":"https:\/\/www.wanhasatama.fi\/en\/vastuullisuussuunnitelma\/","title":{"rendered":"Vastuullisuussuunnitelma"},"content":{"rendered":"<div data-elementor-type=\"wp-post\" data-elementor-id=\"5167\" class=\"elementor elementor-5167\" data-elementor-post-type=\"page\">\n\t\t\t\t<div class=\"elementor-element elementor-element-9946a3c e-flex e-con-boxed e-con e-parent\" data-id=\"9946a3c\" data-element_type=\"container\" data-e-type=\"container\" data-settings=\"{&quot;background_background&quot;:&quot;classic&quot;}\">\n\t\t\t\t\t<div class=\"e-con-inner\">\n\t\t\t\t<div class=\"elementor-element elementor-element-60719b4 elementor-widget elementor-widget-heading\" data-id=\"60719b4\" data-element_type=\"widget\" data-e-type=\"widget\" data-widget_type=\"heading.default\">\n\t\t\t\t\t<h1 class=\"elementor-heading-title elementor-size-default\">Vastuullisuussuunnitelma<\/h1>\t\t\t\t<\/div>\n\t\t\t\t\t<\/div>\n\t\t\t\t<\/div>\n\t\t<div class=\"elementor-element elementor-element-9ed3e14 e-flex e-con-boxed e-con e-parent\" data-id=\"9ed3e14\" data-element_type=\"container\" data-e-type=\"container\">\n\t\t\t\t\t<div class=\"e-con-inner\">\n\t\t<div class=\"elementor-element elementor-element-9b24552 e-con-full e-flex e-con e-child\" data-id=\"9b24552\" data-element_type=\"container\" data-e-type=\"container\">\n\t\t\t\t<div class=\"elementor-element elementor-element-4e65249 elementor-widget elementor-widget-heading\" data-id=\"4e65249\" data-element_type=\"widget\" data-e-type=\"widget\" data-widget_type=\"heading.default\">\n\t\t\t\t\t<h2 class=\"elementor-heading-title elementor-size-default\">Tasa-arvo- ja yhdenvertaisuussuunnitelma<\/h2>\t\t\t\t<\/div>\n\t\t\t\t<div class=\"elementor-element elementor-element-baa7c4d elementor-widget elementor-widget-text-editor\" data-id=\"baa7c4d\" data-element_type=\"widget\" data-e-type=\"widget\" data-widget_type=\"text-editor.default\">\n\t\t\t\t\t\t\t\t\t<p>T\u00e4m\u00e4n yhdenvertaisuus- ja tasa-arvosuunnitelman tavoite on yhdenvertaisuuslain 1 \u00a7:n mukaisesti edista\u0308a\u0308 yhdenvertaisuutta, ehka\u0308ista\u0308 syrjimista\u0308 ja parantaa syrjityn oikeusturvaa WS:n henkil\u00f6st\u00f6n ja asiakkaiden sek\u00e4 sidosryhmien keskuudessa.<\/p><p>Yhdenvertaisuudella tarkoitetaan sita\u0308, etta\u0308 kaikki ihmiset ovat samanarvoisia riippumatta heida\u0308n sukupuolestaan, ia\u0308sta\u0308a\u0308n, etnisesta\u0308 tai kansallisesta alkupera\u0308sta\u0308a\u0308n, kansalaisuudestaan, kielesta\u0308a\u0308n, uskonnostaan ja vakaumuksestaan, mielipiteesta\u0308a\u0308n, vammastaan, terveydentilastaan, seksuaalisesta suuntautumisestaan tai muusta henkilo\u0308o\u0308n liittyva\u0308sta\u0308 syysta\u0308 niin WS:n edustajien ja toimitsijoiden yhteiso\u0308na\u0308 kuin tapahtumia toteuttaessa ja vieraita palveltaessa ja kohdatessa.<\/p><p>Henkil\u00f6st\u00f6n osalta vastuullisuus toteutuu vastuullisena johtamisena, jonka keski\u00f6ss\u00e4 ovat reilut ja yksi\u00f6llisten olosuhteiden mukaan soviteltavissa olevat ty\u00f6ajat, riitt\u00e4v\u00e4 henkil\u00f6st\u00f6m\u00e4\u00e4r\u00e4 ja kuormituksen s\u00e4\u00e4tely lomilla ja tauotuksella.<\/p><p>Ihmisten tulee voida aidosti vaikuttaa ty\u00f6olosuhteisiin, ja johtamisessa tulee pyrki\u00e4 siihen, ett\u00e4 ihmiset haluavat tehd\u00e4 niin, mik\u00e4 ilmenee k\u00e4yt\u00e4nn\u00f6ss\u00e4 siten, ett\u00e4 ihmisill\u00e4 on aito mahdollisuus vaikuttaa.<\/p><p>Inklusiivisuuden tulee toteutua arjen teoissa ja p\u00e4\u00e4t\u00f6ksiss\u00e4, ei vain puheissa tai suunnitelmissa. Inklusiivisuudella\u00a0tarkoitetaan\u00a0yhdenvertaista ja syrjim\u00e4t\u00f6nt\u00e4 sek\u00e4 kaikkia osallistavaa ja mukaan ottavaa toimintatapaa, jossa kaikki otetaan huomioon ket\u00e4\u00e4n syrjim\u00e4tt\u00e4.<\/p><p>WS uskoo, ett\u00e4 miellytt\u00e4v\u00e4t, hyvin suunnitellut ja j\u00e4rjestetyt sek\u00e4 innostavat tapahtumat sek\u00e4 laadukas markkinointiviestint\u00e4 ovat keskeinen osa yrityskulttuuria. Sen vaalimisessa tasa-arvoiset ja yhdenvertaiset arjen kohtaamiset ovat avainasemassa luotaessa tunnemuistiin j\u00e4\u00e4vi\u00e4 kohtaamisia.\u00a0\u00a0<\/p><p>Varmistuakseen tasa-arvon ja yhdenvertaisuuden toteutumisesta ja seuratakseen sit\u00e4, miten asia arjessa koetaan, WS tekee aika ajoin anonyymeja kyselytutkimuksia, joilla pyrit\u00e4\u00e4n selvitt\u00e4m\u00e4\u00e4n henkil\u00f6kunnan ja asiakkaiden kokemusta seuraavissa kysymyksiss\u00e4:<\/p><ul><li>Kohtaamiset<\/li><li>Sukupuolen merkitys<\/li><li>I\u00e4n merkitys<\/li><li>Varallisuuden merkitys<\/li><li>Syrjiv\u00e4 ja loukkaava kielenk\u00e4ytt\u00f6 sek\u00e4 siihen puuttuminen<\/li><li>Esteett\u00f6myys<\/li><li>Kuulluksi tuleminen<\/li><\/ul>\t\t\t\t\t\t\t\t<\/div>\n\t\t\t\t<\/div>\n\t\t\t\t\t<\/div>\n\t\t\t\t<\/div>\n\t\t<div class=\"elementor-element elementor-element-6d64496 e-flex e-con-boxed e-con e-parent\" data-id=\"6d64496\" data-element_type=\"container\" data-e-type=\"container\">\n\t\t\t\t\t<div class=\"e-con-inner\">\n\t\t<div class=\"elementor-element elementor-element-6471e2f e-con-full e-flex e-con e-child\" data-id=\"6471e2f\" data-element_type=\"container\" data-e-type=\"container\">\n\t\t\t\t<div class=\"elementor-element elementor-element-e446b1d elementor-widget elementor-widget-heading\" data-id=\"e446b1d\" data-element_type=\"widget\" data-e-type=\"widget\" data-widget_type=\"heading.default\">\n\t\t\t\t\t<h2 class=\"elementor-heading-title elementor-size-default\">Ymp\u00e4rist\u00f6vastuusuunnitelma<\/h2>\t\t\t\t<\/div>\n\t\t\t\t<div class=\"elementor-element elementor-element-aa08245 elementor-widget elementor-widget-text-editor\" data-id=\"aa08245\" data-element_type=\"widget\" data-e-type=\"widget\" data-widget_type=\"text-editor.default\">\n\t\t\t\t\t\t\t\t\t<p>WS nojaa ymp\u00e4rist\u00f6vastuun toteuttamisessa muun muassa opetushallituksen ohjeistukseen.<\/p><p>Haluamme edist\u00e4\u00e4 ymp\u00e4rist\u00f6vastuuta hankkeissa ja toimimme n\u00e4in:<\/p><ul><li>Tarjoamme ymp\u00e4rist\u00f6yst\u00e4v\u00e4llisi\u00e4 matkustustapoja.<\/li><li>Teemme ekologia valintoja tilaisuuksia j\u00e4rjest\u00e4ess\u00e4mme, esimerkiksi tarjoiluissa tulee ilman eri pyynt\u00f6\u00e4 ottaa huomioon vegaaniset vaihtoehdot, alkoholittomat juomat ja kotimaiset tuotteet (l\u00e4hiruoka) sek\u00e4 sesonkituotteet.<\/li><li>Hankkeen teemaksi voidaan valita vihreys.<\/li><li>Keskustelemme ymp\u00e4rist\u00f6vastuullisuudesta eri yhteyksiss\u00e4 henkil\u00f6st\u00f6n ja asiakkaiden kanssa.<\/li><li>Jaamme kokemuksia ja hyvi\u00e4 k\u00e4yt\u00e4nt\u00f6j\u00e4 sek\u00e4 seuraamme toimialan kehityst\u00e4.<\/li><\/ul><p>Toiminnan aiheuttama j\u00e4tem\u00e4\u00e4r\u00e4 pyrit\u00e4\u00e4n pit\u00e4m\u00e4\u00e4n mahdollisimman maltillisena muun muassa kierr\u00e4tett\u00e4vien ja kestok\u00e4ytt\u00f6isten materiaalien, kaluston ja astioiden k\u00e4ytt\u00e4misell\u00e4.<\/p><p>Pahvi, j\u00e4tepaperi, bioj\u00e4tteet, lasi, metalli ja elektroniikka kierr\u00e4tet\u00e4\u00e4n.<\/p><p>Valaisinkantaa uusitaan mahdollisuuksien mukaan.<\/p><p>Kaukol\u00e4mp\u00f6\u00e4 ja muita l\u00e4mm\u00f6nl\u00e4hteit\u00e4 s\u00e4\u00e4dell\u00e4\u00e4n tarpeen mukaan, samoin ilmanvaihtoa sek\u00e4 viilennyst\u00e4.<\/p>\t\t\t\t\t\t\t\t<\/div>\n\t\t\t\t<\/div>\n\t\t\t\t\t<\/div>\n\t\t\t\t<\/div>\n\t\t\t\t<\/div>","protected":false},"excerpt":{"rendered":"<p>Vastuullisuussuunnitelma Tasa-arvo- ja yhdenvertaisuussuunnitelma T\u00e4m\u00e4n yhdenvertaisuus- ja tasa-arvosuunnitelman tavoite on yhdenvertaisuuslain 1 \u00a7:n mukaisesti edista\u0308a\u0308 yhdenvertaisuutta, ehka\u0308ista\u0308 syrjimista\u0308 ja parantaa syrjityn oikeusturvaa WS:n henkil\u00f6st\u00f6n ja asiakkaiden sek\u00e4 sidosryhmien keskuudessa. Yhdenvertaisuudella tarkoitetaan sita\u0308, etta\u0308 kaikki ihmiset ovat samanarvoisia riippumatta heida\u0308n sukupuolestaan, ia\u0308sta\u0308a\u0308n, etnisesta\u0308 tai kansallisesta alkupera\u0308sta\u0308a\u0308n, kansalaisuudestaan, kielesta\u0308a\u0308n, uskonnostaan ja vakaumuksestaan, mielipiteesta\u0308a\u0308n, vammastaan, terveydentilastaan, seksuaalisesta suuntautumisestaan [&hellip;]<\/p>\n","protected":false},"author":14,"featured_media":0,"parent":0,"menu_order":0,"comment_status":"closed","ping_status":"closed","template":"","meta":{"_improvement_type_select":"improve_an_existing","_thumb_yes_seoaic":false,"_frame_yes_seoaic":false,"seoaic_generate_description":"","seoaic_improve_instructions_prompt":"","seoaic_rollback_content_improvement":"","seoaic_idea_thumbnail_generator":"","thumbnail_generated":false,"thumbnail_generate_prompt":"","seoaic_article_description":"","site-sidebar-layout":"no-sidebar","site-content-layout":"page-builder","ast-site-content-layout":"default","site-content-style":"default","site-sidebar-style":"default","ast-global-header-display":"","ast-banner-title-visibility":"","ast-main-header-display":"","ast-hfb-above-header-display":"","ast-hfb-below-header-display":"","ast-hfb-mobile-header-display":"","site-post-title":"disabled","ast-breadcrumbs-content":"","ast-featured-img":"disabled","footer-sml-layout":"","ast-disable-related-posts":"","theme-transparent-header-meta":"enabled","adv-header-id-meta":"","stick-header-meta":"","header-above-stick-meta":"","header-main-stick-meta":"","header-below-stick-meta":"","astra-migrate-meta-layouts":"default","ast-page-background-enabled":"default","ast-page-background-meta":{"desktop":{"background-color":"","background-image":"","background-repeat":"repeat","background-position":"center center","background-size":"auto","background-attachment":"scroll","background-type":"","background-media":"","overlay-type":"","overlay-color":"","overlay-opacity":"","overlay-gradient":""},"tablet":{"background-color":"","background-image":"","background-repeat":"repeat","background-position":"center center","background-size":"auto","background-attachment":"scroll","background-type":"","background-media":"","overlay-type":"","overlay-color":"","overlay-opacity":"","overlay-gradient":""},"mobile":{"background-color":"","background-image":"","background-repeat":"repeat","background-position":"center center","background-size":"auto","background-attachment":"scroll","background-type":"","background-media":"","overlay-type":"","overlay-color":"","overlay-opacity":"","overlay-gradient":""}},"ast-content-background-meta":{"desktop":{"background-color":"var(--ast-global-color-5)","background-image":"","background-repeat":"repeat","background-position":"center center","background-size":"auto","background-attachment":"scroll","background-type":"","background-media":"","overlay-type":"","overlay-color":"","overlay-opacity":"","overlay-gradient":""},"tablet":{"background-color":"var(--ast-global-color-5)","background-image":"","background-repeat":"repeat","background-position":"center center","background-size":"auto","background-attachment":"scroll","background-type":"","background-media":"","overlay-type":"","overlay-color":"","overlay-opacity":"","overlay-gradient":""},"mobile":{"background-color":"var(--ast-global-color-5)","background-image":"","background-repeat":"repeat","background-position":"center center","background-size":"auto","background-attachment":"scroll","background-type":"","background-media":"","overlay-type":"","overlay-color":"","overlay-opacity":"","overlay-gradient":""}},"footnotes":""},"class_list":["post-5167","page","type-page","status-publish","hentry"],"yoast_head":"<!-- This site is optimized with the Yoast SEO plugin v27.5 - https:\/\/yoast.com\/product\/yoast-seo-wordpress\/ -->\n<title>Vastuullisuussuunnitelma - El\u00e4mysten Wanha Satama<\/title>\n<meta name=\"description\" content=\"Wanhan Satama auttaa sinua koko tapahtuman j\u00e4rjest\u00e4misen ajan.\" \/>\n<meta name=\"robots\" content=\"index, follow, max-snippet:-1, max-image-preview:large, max-video-preview:-1\" \/>\n<link rel=\"canonical\" href=\"https:\/\/www.wanhasatama.fi\/en\/vastuullisuussuunnitelma\/\" \/>\n<meta property=\"og:locale\" content=\"en_US\" \/>\n<meta property=\"og:type\" content=\"article\" \/>\n<meta property=\"og:title\" content=\"Vastuullisuussuunnitelma - El\u00e4mysten Wanha Satama\" \/>\n<meta property=\"og:description\" content=\"Wanhan Satama auttaa sinua koko tapahtuman j\u00e4rjest\u00e4misen ajan.\" \/>\n<meta property=\"og:url\" content=\"https:\/\/www.wanhasatama.fi\/en\/vastuullisuussuunnitelma\/\" \/>\n<meta property=\"og:site_name\" content=\"El\u00e4mysten Wanha Satama\" \/>\n<meta property=\"article:modified_time\" content=\"2024-11-12T05:52:23+00:00\" \/>\n<meta name=\"twitter:card\" content=\"summary_large_image\" \/>\n<meta name=\"twitter:label1\" content=\"Est. reading time\" \/>\n\t<meta name=\"twitter:data1\" content=\"2 minutes\" \/>\n<script type=\"application\/ld+json\" class=\"yoast-schema-graph\">{\"@context\":\"https:\\\/\\\/schema.org\",\"@graph\":[{\"@type\":\"WebPage\",\"@id\":\"https:\\\/\\\/www.wanhasatama.fi\\\/vastuullisuussuunnitelma\\\/\",\"url\":\"https:\\\/\\\/www.wanhasatama.fi\\\/vastuullisuussuunnitelma\\\/\",\"name\":\"Vastuullisuussuunnitelma - El\u00e4mysten Wanha Satama\",\"isPartOf\":{\"@id\":\"https:\\\/\\\/www.wanhasatama.fi\\\/#website\"},\"datePublished\":\"2024-11-08T11:35:58+00:00\",\"dateModified\":\"2024-11-12T05:52:23+00:00\",\"description\":\"Wanhan Satama auttaa sinua koko tapahtuman j\u00e4rjest\u00e4misen ajan.\",\"breadcrumb\":{\"@id\":\"https:\\\/\\\/www.wanhasatama.fi\\\/vastuullisuussuunnitelma\\\/#breadcrumb\"},\"inLanguage\":\"en-US\",\"potentialAction\":[{\"@type\":\"ReadAction\",\"target\":[\"https:\\\/\\\/www.wanhasatama.fi\\\/vastuullisuussuunnitelma\\\/\"]}]},{\"@type\":\"BreadcrumbList\",\"@id\":\"https:\\\/\\\/www.wanhasatama.fi\\\/vastuullisuussuunnitelma\\\/#breadcrumb\",\"itemListElement\":[{\"@type\":\"ListItem\",\"position\":1,\"name\":\"Home\",\"item\":\"https:\\\/\\\/www.wanhasatama.fi\\\/\"},{\"@type\":\"ListItem\",\"position\":2,\"name\":\"Vastuullisuussuunnitelma\"}]},{\"@type\":\"WebSite\",\"@id\":\"https:\\\/\\\/www.wanhasatama.fi\\\/#website\",\"url\":\"https:\\\/\\\/www.wanhasatama.fi\\\/\",\"name\":\"El\u00e4mysten Wanha Satama\",\"description\":\"\",\"publisher\":{\"@id\":\"https:\\\/\\\/www.wanhasatama.fi\\\/#organization\"},\"potentialAction\":[{\"@type\":\"SearchAction\",\"target\":{\"@type\":\"EntryPoint\",\"urlTemplate\":\"https:\\\/\\\/www.wanhasatama.fi\\\/?s={search_term_string}\"},\"query-input\":{\"@type\":\"PropertyValueSpecification\",\"valueRequired\":true,\"valueName\":\"search_term_string\"}}],\"inLanguage\":\"en-US\"},{\"@type\":\"Organization\",\"@id\":\"https:\\\/\\\/www.wanhasatama.fi\\\/#organization\",\"name\":\"El\u00e4mysten Wanha Satama\",\"url\":\"https:\\\/\\\/www.wanhasatama.fi\\\/\",\"logo\":{\"@type\":\"ImageObject\",\"inLanguage\":\"en-US\",\"@id\":\"https:\\\/\\\/www.wanhasatama.fi\\\/#\\\/schema\\\/logo\\\/image\\\/\",\"url\":\"https:\\\/\\\/www.wanhasatama.fi\\\/wp-content\\\/uploads\\\/2021\\\/08\\\/logo200x200.png\",\"contentUrl\":\"https:\\\/\\\/www.wanhasatama.fi\\\/wp-content\\\/uploads\\\/2021\\\/08\\\/logo200x200.png\",\"width\":200,\"height\":200,\"caption\":\"El\u00e4mysten Wanha Satama\"},\"image\":{\"@id\":\"https:\\\/\\\/www.wanhasatama.fi\\\/#\\\/schema\\\/logo\\\/image\\\/\"}}]}<\/script>\n<!-- \/ Yoast SEO plugin. -->","yoast_head_json":{"title":"Vastuullisuussuunnitelma - El\u00e4mysten Wanha Satama","description":"Wanha Satama will help you throughout the duration of the event.","robots":{"index":"index","follow":"follow","max-snippet":"max-snippet:-1","max-image-preview":"max-image-preview:large","max-video-preview":"max-video-preview:-1"},"canonical":"https:\/\/www.wanhasatama.fi\/en\/vastuullisuussuunnitelma\/","og_locale":"en_US","og_type":"article","og_title":"Vastuullisuussuunnitelma - El\u00e4mysten Wanha Satama","og_description":"Wanhan Satama auttaa sinua koko tapahtuman j\u00e4rjest\u00e4misen ajan.","og_url":"https:\/\/www.wanhasatama.fi\/en\/vastuullisuussuunnitelma\/","og_site_name":"El\u00e4mysten Wanha Satama","article_modified_time":"2024-11-12T05:52:23+00:00","twitter_card":"summary_large_image","twitter_misc":{"Est. reading time":"2 minutes"},"schema":{"@context":"https:\/\/schema.org","@graph":[{"@type":"WebPage","@id":"https:\/\/www.wanhasatama.fi\/vastuullisuussuunnitelma\/","url":"https:\/\/www.wanhasatama.fi\/vastuullisuussuunnitelma\/","name":"Vastuullisuussuunnitelma - El\u00e4mysten Wanha Satama","isPartOf":{"@id":"https:\/\/www.wanhasatama.fi\/#website"},"datePublished":"2024-11-08T11:35:58+00:00","dateModified":"2024-11-12T05:52:23+00:00","description":"Wanha Satama will help you throughout the duration of the event.","breadcrumb":{"@id":"https:\/\/www.wanhasatama.fi\/vastuullisuussuunnitelma\/#breadcrumb"},"inLanguage":"en-US","potentialAction":[{"@type":"ReadAction","target":["https:\/\/www.wanhasatama.fi\/vastuullisuussuunnitelma\/"]}]},{"@type":"BreadcrumbList","@id":"https:\/\/www.wanhasatama.fi\/vastuullisuussuunnitelma\/#breadcrumb","itemListElement":[{"@type":"ListItem","position":1,"name":"Home","item":"https:\/\/www.wanhasatama.fi\/"},{"@type":"ListItem","position":2,"name":"Vastuullisuussuunnitelma"}]},{"@type":"WebSite","@id":"https:\/\/www.wanhasatama.fi\/#website","url":"https:\/\/www.wanhasatama.fi\/","name":"Experience Wanha Satama","description":"","publisher":{"@id":"https:\/\/www.wanhasatama.fi\/#organization"},"potentialAction":[{"@type":"SearchAction","target":{"@type":"EntryPoint","urlTemplate":"https:\/\/www.wanhasatama.fi\/?s={search_term_string}"},"query-input":{"@type":"PropertyValueSpecification","valueRequired":true,"valueName":"search_term_string"}}],"inLanguage":"en-US"},{"@type":"Organization","@id":"https:\/\/www.wanhasatama.fi\/#organization","name":"Experience Wanha Satama","url":"https:\/\/www.wanhasatama.fi\/","logo":{"@type":"ImageObject","inLanguage":"en-US","@id":"https:\/\/www.wanhasatama.fi\/#\/schema\/logo\/image\/","url":"https:\/\/www.wanhasatama.fi\/wp-content\/uploads\/2021\/08\/logo200x200.png","contentUrl":"https:\/\/www.wanhasatama.fi\/wp-content\/uploads\/2021\/08\/logo200x200.png","width":200,"height":200,"caption":"El\u00e4mysten Wanha Satama"},"image":{"@id":"https:\/\/www.wanhasatama.fi\/#\/schema\/logo\/image\/"}}]}},"_links":{"self":[{"href":"https:\/\/www.wanhasatama.fi\/en\/wp-json\/wp\/v2\/pages\/5167","targetHints":{"allow":["GET"]}}],"collection":[{"href":"https:\/\/www.wanhasatama.fi\/en\/wp-json\/wp\/v2\/pages"}],"about":[{"href":"https:\/\/www.wanhasatama.fi\/en\/wp-json\/wp\/v2\/types\/page"}],"author":[{"embeddable":true,"href":"https:\/\/www.wanhasatama.fi\/en\/wp-json\/wp\/v2\/users\/14"}],"replies":[{"embeddable":true,"href":"https:\/\/www.wanhasatama.fi\/en\/wp-json\/wp\/v2\/comments?post=5167"}],"version-history":[{"count":5,"href":"https:\/\/www.wanhasatama.fi\/en\/wp-json\/wp\/v2\/pages\/5167\/revisions"}],"predecessor-version":[{"id":5190,"href":"https:\/\/www.wanhasatama.fi\/en\/wp-json\/wp\/v2\/pages\/5167\/revisions\/5190"}],"wp:attachment":[{"href":"https:\/\/www.wanhasatama.fi\/en\/wp-json\/wp\/v2\/media?parent=5167"}],"curies":[{"name":"wp","href":"https:\/\/api.w.org\/{rel}","templated":true}]}}