{"id":5138,"date":"2024-11-07T17:04:17","date_gmt":"2024-11-07T17:04:17","guid":{"rendered":"https:\/\/www.wanhasatama.fi\/?page_id=5138"},"modified":"2024-11-07T17:05:40","modified_gmt":"2024-11-07T17:05:40","slug":"tapahtumamarkkinointi","status":"publish","type":"page","link":"https:\/\/www.wanhasatama.fi\/en\/tapahtumamarkkinointi\/","title":{"rendered":"Event Marketing"},"content":{"rendered":"<div data-elementor-type=\"wp-post\" data-elementor-id=\"5138\" class=\"elementor elementor-5138\" data-elementor-post-type=\"page\">\n\t\t\t\t<div class=\"elementor-element elementor-element-9946a3c e-flex e-con-boxed e-con e-parent\" data-id=\"9946a3c\" data-element_type=\"container\" data-e-type=\"container\" data-settings=\"{&quot;background_background&quot;:&quot;classic&quot;}\">\n\t\t\t\t\t<div class=\"e-con-inner\">\n\t\t\t\t<div class=\"elementor-element elementor-element-60719b4 elementor-widget elementor-widget-heading\" data-id=\"60719b4\" data-element_type=\"widget\" data-e-type=\"widget\" data-widget_type=\"heading.default\">\n\t\t\t\t\t<h1 class=\"elementor-heading-title elementor-size-default\">Tehokas tapahtumamarkkinointi Wanhan Sataman tukemana<\/h1>\t\t\t\t<\/div>\n\t\t\t\t\t<\/div>\n\t\t\t\t<\/div>\n\t\t<div class=\"elementor-element elementor-element-4145c0d e-flex e-con-boxed e-con e-parent\" data-id=\"4145c0d\" data-element_type=\"container\" data-e-type=\"container\">\n\t\t\t\t\t<div class=\"e-con-inner\">\n\t\t\t\t<div class=\"elementor-element elementor-element-e165060 elementor-widget elementor-widget-text-editor\" data-id=\"e165060\" data-element_type=\"widget\" data-e-type=\"widget\" data-widget_type=\"text-editor.default\">\n\t\t\t\t\t\t\t\t\t<p>Wanhan Sataman tapahtumamarkkinointipalvelut auttavat varmistamaan, ett\u00e4 tapahtumasi tavoittaa oikean yleis\u00f6n ja saa ansaitsemansa huomion. Kokeneen markkinointitiimin tuella tapahtumasi saa n\u00e4kyvyytt\u00e4 monikanavaisesti, ja r\u00e4\u00e4t\u00e4l\u00f6idyt markkinointisuunnitelmat varmistavat, ett\u00e4 viestisi tavoittaa halutun kohderyhm\u00e4n tehokkaasti ja vaikuttavasti.<\/p>\t\t\t\t\t\t\t\t<\/div>\n\t\t\t\t\t<\/div>\n\t\t\t\t<\/div>\n\t\t<div class=\"elementor-element elementor-element-9ed3e14 e-flex e-con-boxed e-con e-parent\" data-id=\"9ed3e14\" data-element_type=\"container\" data-e-type=\"container\">\n\t\t\t\t\t<div class=\"e-con-inner\">\n\t\t<div class=\"elementor-element elementor-element-9b24552 e-con-full e-flex e-con e-child\" data-id=\"9b24552\" data-element_type=\"container\" data-e-type=\"container\">\n\t\t\t\t<div class=\"elementor-element elementor-element-4e65249 elementor-widget elementor-widget-heading\" data-id=\"4e65249\" data-element_type=\"widget\" data-e-type=\"widget\" data-widget_type=\"heading.default\">\n\t\t\t\t\t<h2 class=\"elementor-heading-title elementor-size-default\">R\u00e4\u00e4t\u00e4l\u00f6idyt markkinointisuunnitelmat erilaisille tapahtumille<\/h2>\t\t\t\t<\/div>\n\t\t\t\t<div class=\"elementor-element elementor-element-baa7c4d elementor-widget elementor-widget-text-editor\" data-id=\"baa7c4d\" data-element_type=\"widget\" data-e-type=\"widget\" data-widget_type=\"text-editor.default\">\n\t\t\t\t\t\t\t\t\t<p>Jokainen tapahtuma on ainutlaatuinen, ja siksi Wanha Satama tarjoaa r\u00e4\u00e4t\u00e4l\u00f6ityj\u00e4 markkinointisuunnitelmia, jotka on suunniteltu juuri sinun tilaisuutesi tarpeisiin. Olipa kyseess\u00e4 yritystilaisuus, yleis\u00f6messut tai yksityisjuhlat, markkinointitiimimme luo viestint\u00e4strategian, joka tukee tapahtuman tavoitteita. Suunnitelmat voivat sis\u00e4lt\u00e4\u00e4 niin digitaalista kuin perinteist\u00e4 markkinointia, ja ne mukautuvat tapahtuman kohdeyleis\u00f6n, budjetin ja aikataulun mukaan.<\/p>\t\t\t\t\t\t\t\t<\/div>\n\t\t\t\t<\/div>\n\t\t<div class=\"elementor-element elementor-element-a3dcaea e-con-full e-flex e-con e-child\" data-id=\"a3dcaea\" data-element_type=\"container\" data-e-type=\"container\" data-settings=\"{&quot;background_background&quot;:&quot;classic&quot;}\">\n\t\t\t\t<\/div>\n\t\t\t\t\t<\/div>\n\t\t\t\t<\/div>\n\t\t<div class=\"elementor-element elementor-element-08eac97 e-flex e-con-boxed e-con e-parent\" data-id=\"08eac97\" data-element_type=\"container\" data-e-type=\"container\" data-settings=\"{&quot;background_background&quot;:&quot;classic&quot;}\">\n\t\t\t\t\t<div class=\"e-con-inner\">\n\t\t<div class=\"elementor-element elementor-element-d54e2d8 e-con-full e-flex e-con e-child\" data-id=\"d54e2d8\" data-element_type=\"container\" data-e-type=\"container\" data-settings=\"{&quot;background_background&quot;:&quot;classic&quot;}\">\n\t\t\t\t<div class=\"elementor-element elementor-element-35649ee elementor-widget elementor-widget-video\" data-id=\"35649ee\" data-element_type=\"widget\" data-e-type=\"widget\" data-settings=\"{&quot;video_type&quot;:&quot;hosted&quot;,&quot;controls&quot;:&quot;yes&quot;}\" data-widget_type=\"video.default\">\n\t\t\t\t\t\t\t<div class=\"e-hosted-video elementor-wrapper elementor-open-inline\">\n\t\t\t\t\t<video class=\"elementor-video\" src=\"https:\/\/www.wanhasatama.fi\/wp-content\/uploads\/2024\/11\/Koonti.mp4\" controls=\"\" preload=\"metadata\" controlslist=\"nodownload\"><\/video>\n\t\t\t\t<\/div>\n\t\t\t\t\t\t<\/div>\n\t\t\t\t<\/div>\n\t\t<div class=\"elementor-element elementor-element-f7b0145 e-con-full e-flex e-con e-child\" data-id=\"f7b0145\" data-element_type=\"container\" data-e-type=\"container\">\n\t\t\t\t<div class=\"elementor-element elementor-element-ef41119 elementor-widget elementor-widget-heading\" data-id=\"ef41119\" data-element_type=\"widget\" data-e-type=\"widget\" data-widget_type=\"heading.default\">\n\t\t\t\t\t<h2 class=\"elementor-heading-title elementor-size-default\">Monikanavainen markkinointi tavoittaa kohderyhm\u00e4si<\/h2>\t\t\t\t<\/div>\n\t\t\t\t<div class=\"elementor-element elementor-element-e518eff elementor-widget elementor-widget-text-editor\" data-id=\"e518eff\" data-element_type=\"widget\" data-e-type=\"widget\" data-widget_type=\"text-editor.default\">\n\t\t\t\t\t\t\t\t\t<p>Wanhan Sataman markkinointipalvelut hy\u00f6dynt\u00e4v\u00e4t monikanavaista l\u00e4hestymistapaa, joka varmistaa, ett\u00e4 tapahtumasi viesti tavoittaa laajan ja relevantin yleis\u00f6n. Markkinointi kattaa digitaalisen viestinn\u00e4n, kuten sosiaalisen median ja s\u00e4hk\u00f6postikampanjat, sek\u00e4 perinteiset kanavat, kuten painetut materiaalit ja tapahtumamainonnan. Monikanavainen markkinointi varmistaa, ett\u00e4 tapahtumasi n\u00e4kyy siell\u00e4, miss\u00e4 kohderyhm\u00e4si on, ja houkuttelee juuri oikeat osallistujat tapahtumaasi.<\/p>\t\t\t\t\t\t\t\t<\/div>\n\t\t\t\t<\/div>\n\t\t\t\t\t<\/div>\n\t\t\t\t<\/div>\n\t\t<div class=\"elementor-element elementor-element-d5cb19b e-flex e-con-boxed e-con e-parent\" data-id=\"d5cb19b\" data-element_type=\"container\" data-e-type=\"container\">\n\t\t\t\t\t<div class=\"e-con-inner\">\n\t\t<div class=\"elementor-element elementor-element-c9608f8 e-con-full e-flex e-con e-child\" data-id=\"c9608f8\" data-element_type=\"container\" data-e-type=\"container\">\n\t\t\t\t<div class=\"elementor-element elementor-element-b3e2775 elementor-widget elementor-widget-heading\" data-id=\"b3e2775\" data-element_type=\"widget\" data-e-type=\"widget\" data-widget_type=\"heading.default\">\n\t\t\t\t\t<h2 class=\"elementor-heading-title elementor-size-default\">Ammattitaitoinen markkinointitiimi apunasi<\/h2>\t\t\t\t<\/div>\n\t\t\t\t<div class=\"elementor-element elementor-element-354e8a9 elementor-widget elementor-widget-text-editor\" data-id=\"354e8a9\" data-element_type=\"widget\" data-e-type=\"widget\" data-widget_type=\"text-editor.default\">\n\t\t\t\t\t\t\t\t\t<p>Wanhan Sataman markkinointitiimi koostuu kokeneista ammattilaisista, jotka ymm\u00e4rt\u00e4v\u00e4t tapahtumamarkkinoinnin erityispiirteet ja osaavat suunnitella toimivia kampanjoita. Tiimimme ty\u00f6skentelee tiiviisti kanssasi koko markkinointiprosessin ajan, varmistaen, ett\u00e4 tapahtumasi saa halutun n\u00e4kyvyyden ja ett\u00e4 markkinointiviestit ovat linjassa yrityksesi br\u00e4ndin ja tapahtuman tavoitteiden kanssa. N\u00e4in varmistamme, ett\u00e4 tapahtumasi menestyy ja saavuttaa sen, mit\u00e4 olet tavoitellut.<\/p><p>Tiimiimme kuuluu graafisia suunnittelijoita, verkkosivu- ja hakukone-eksperttej\u00e4, sosiaalisen median ja sis\u00e4ll\u00f6ntuotannon ammattilaisia, valo- ja videokuvaajia, markkinoinnin strategeja ja konseptisuunnittelijoita.<\/p>\t\t\t\t\t\t\t\t<\/div>\n\t\t\t\t<\/div>\n\t\t<div class=\"elementor-element elementor-element-309be96 e-con-full e-flex e-con e-child\" data-id=\"309be96\" data-element_type=\"container\" data-e-type=\"container\" data-settings=\"{&quot;background_background&quot;:&quot;classic&quot;}\">\n\t\t\t\t<\/div>\n\t\t\t\t\t<\/div>\n\t\t\t\t<\/div>\n\t\t\t\t<\/div>","protected":false},"excerpt":{"rendered":"<p>Tehokas tapahtumamarkkinointi Wanhan Sataman tukemana Wanhan Sataman tapahtumamarkkinointipalvelut auttavat varmistamaan, ett\u00e4 tapahtumasi tavoittaa oikean yleis\u00f6n ja saa ansaitsemansa huomion. Kokeneen markkinointitiimin tuella tapahtumasi saa n\u00e4kyvyytt\u00e4 monikanavaisesti, ja r\u00e4\u00e4t\u00e4l\u00f6idyt markkinointisuunnitelmat varmistavat, ett\u00e4 viestisi tavoittaa halutun kohderyhm\u00e4n tehokkaasti ja vaikuttavasti. R\u00e4\u00e4t\u00e4l\u00f6idyt markkinointisuunnitelmat erilaisille tapahtumille Jokainen tapahtuma on ainutlaatuinen, ja siksi Wanha Satama tarjoaa r\u00e4\u00e4t\u00e4l\u00f6ityj\u00e4 markkinointisuunnitelmia, jotka on [&hellip;]<\/p>\n","protected":false},"author":14,"featured_media":0,"parent":0,"menu_order":0,"comment_status":"closed","ping_status":"closed","template":"","meta":{"_improvement_type_select":"improve_an_existing","_thumb_yes_seoaic":false,"_frame_yes_seoaic":false,"seoaic_generate_description":"","seoaic_improve_instructions_prompt":"","seoaic_rollback_content_improvement":"","seoaic_idea_thumbnail_generator":"","thumbnail_generated":false,"thumbnail_generate_prompt":"","seoaic_article_description":"","site-sidebar-layout":"no-sidebar","site-content-layout":"page-builder","ast-site-content-layout":"default","site-content-style":"default","site-sidebar-style":"default","ast-global-header-display":"","ast-banner-title-visibility":"","ast-main-header-display":"","ast-hfb-above-header-display":"","ast-hfb-below-header-display":"","ast-hfb-mobile-header-display":"","site-post-title":"disabled","ast-breadcrumbs-content":"","ast-featured-img":"disabled","footer-sml-layout":"","ast-disable-related-posts":"","theme-transparent-header-meta":"enabled","adv-header-id-meta":"","stick-header-meta":"","header-above-stick-meta":"","header-main-stick-meta":"","header-below-stick-meta":"","astra-migrate-meta-layouts":"default","ast-page-background-enabled":"default","ast-page-background-meta":{"desktop":{"background-color":"","background-image":"","background-repeat":"repeat","background-position":"center center","background-size":"auto","background-attachment":"scroll","background-type":"","background-media":"","overlay-type":"","overlay-color":"","overlay-opacity":"","overlay-gradient":""},"tablet":{"background-color":"","background-image":"","background-repeat":"repeat","background-position":"center center","background-size":"auto","background-attachment":"scroll","background-type":"","background-media":"","overlay-type":"","overlay-color":"","overlay-opacity":"","overlay-gradient":""},"mobile":{"background-color":"","background-image":"","background-repeat":"repeat","background-position":"center center","background-size":"auto","background-attachment":"scroll","background-type":"","background-media":"","overlay-type":"","overlay-color":"","overlay-opacity":"","overlay-gradient":""}},"ast-content-background-meta":{"desktop":{"background-color":"var(--ast-global-color-5)","background-image":"","background-repeat":"repeat","background-position":"center center","background-size":"auto","background-attachment":"scroll","background-type":"","background-media":"","overlay-type":"","overlay-color":"","overlay-opacity":"","overlay-gradient":""},"tablet":{"background-color":"var(--ast-global-color-5)","background-image":"","background-repeat":"repeat","background-position":"center center","background-size":"auto","background-attachment":"scroll","background-type":"","background-media":"","overlay-type":"","overlay-color":"","overlay-opacity":"","overlay-gradient":""},"mobile":{"background-color":"var(--ast-global-color-5)","background-image":"","background-repeat":"repeat","background-position":"center center","background-size":"auto","background-attachment":"scroll","background-type":"","background-media":"","overlay-type":"","overlay-color":"","overlay-opacity":"","overlay-gradient":""}},"footnotes":""},"class_list":["post-5138","page","type-page","status-publish","hentry"],"yoast_head":"<!-- This site is optimized with the Yoast SEO plugin v27.5 - https:\/\/yoast.com\/product\/yoast-seo-wordpress\/ -->\n<title>Tapahtumamarkkinointi - El\u00e4mysten Wanha Satama<\/title>\n<meta name=\"description\" content=\"Wanhan Satama auttaa sinua koko tapahtuman j\u00e4rjest\u00e4misen ajan.\" \/>\n<meta name=\"robots\" content=\"index, follow, max-snippet:-1, max-image-preview:large, max-video-preview:-1\" \/>\n<link rel=\"canonical\" href=\"https:\/\/www.wanhasatama.fi\/en\/tapahtumamarkkinointi\/\" \/>\n<meta property=\"og:locale\" content=\"en_US\" \/>\n<meta property=\"og:type\" content=\"article\" \/>\n<meta property=\"og:title\" content=\"Tapahtumamarkkinointi - El\u00e4mysten Wanha Satama\" \/>\n<meta property=\"og:description\" content=\"Wanhan Satama auttaa sinua koko tapahtuman j\u00e4rjest\u00e4misen ajan.\" \/>\n<meta property=\"og:url\" content=\"https:\/\/www.wanhasatama.fi\/en\/tapahtumamarkkinointi\/\" \/>\n<meta property=\"og:site_name\" content=\"El\u00e4mysten Wanha Satama\" \/>\n<meta property=\"article:modified_time\" content=\"2024-11-07T17:05:40+00:00\" \/>\n<meta name=\"twitter:card\" content=\"summary_large_image\" \/>\n<meta name=\"twitter:label1\" content=\"Est. reading time\" \/>\n\t<meta name=\"twitter:data1\" content=\"1 minute\" \/>\n<script type=\"application\/ld+json\" class=\"yoast-schema-graph\">{\"@context\":\"https:\\\/\\\/schema.org\",\"@graph\":[{\"@type\":\"WebPage\",\"@id\":\"https:\\\/\\\/www.wanhasatama.fi\\\/tapahtumamarkkinointi\\\/\",\"url\":\"https:\\\/\\\/www.wanhasatama.fi\\\/tapahtumamarkkinointi\\\/\",\"name\":\"Tapahtumamarkkinointi - El\u00e4mysten Wanha Satama\",\"isPartOf\":{\"@id\":\"https:\\\/\\\/www.wanhasatama.fi\\\/#website\"},\"datePublished\":\"2024-11-07T17:04:17+00:00\",\"dateModified\":\"2024-11-07T17:05:40+00:00\",\"description\":\"Wanhan Satama auttaa sinua koko tapahtuman j\u00e4rjest\u00e4misen ajan.\",\"breadcrumb\":{\"@id\":\"https:\\\/\\\/www.wanhasatama.fi\\\/tapahtumamarkkinointi\\\/#breadcrumb\"},\"inLanguage\":\"en-US\",\"potentialAction\":[{\"@type\":\"ReadAction\",\"target\":[\"https:\\\/\\\/www.wanhasatama.fi\\\/tapahtumamarkkinointi\\\/\"]}]},{\"@type\":\"BreadcrumbList\",\"@id\":\"https:\\\/\\\/www.wanhasatama.fi\\\/tapahtumamarkkinointi\\\/#breadcrumb\",\"itemListElement\":[{\"@type\":\"ListItem\",\"position\":1,\"name\":\"Home\",\"item\":\"https:\\\/\\\/www.wanhasatama.fi\\\/\"},{\"@type\":\"ListItem\",\"position\":2,\"name\":\"Tapahtumamarkkinointi\"}]},{\"@type\":\"WebSite\",\"@id\":\"https:\\\/\\\/www.wanhasatama.fi\\\/#website\",\"url\":\"https:\\\/\\\/www.wanhasatama.fi\\\/\",\"name\":\"El\u00e4mysten Wanha Satama\",\"description\":\"\",\"publisher\":{\"@id\":\"https:\\\/\\\/www.wanhasatama.fi\\\/#organization\"},\"potentialAction\":[{\"@type\":\"SearchAction\",\"target\":{\"@type\":\"EntryPoint\",\"urlTemplate\":\"https:\\\/\\\/www.wanhasatama.fi\\\/?s={search_term_string}\"},\"query-input\":{\"@type\":\"PropertyValueSpecification\",\"valueRequired\":true,\"valueName\":\"search_term_string\"}}],\"inLanguage\":\"en-US\"},{\"@type\":\"Organization\",\"@id\":\"https:\\\/\\\/www.wanhasatama.fi\\\/#organization\",\"name\":\"El\u00e4mysten Wanha Satama\",\"url\":\"https:\\\/\\\/www.wanhasatama.fi\\\/\",\"logo\":{\"@type\":\"ImageObject\",\"inLanguage\":\"en-US\",\"@id\":\"https:\\\/\\\/www.wanhasatama.fi\\\/#\\\/schema\\\/logo\\\/image\\\/\",\"url\":\"https:\\\/\\\/www.wanhasatama.fi\\\/wp-content\\\/uploads\\\/2021\\\/08\\\/logo200x200.png\",\"contentUrl\":\"https:\\\/\\\/www.wanhasatama.fi\\\/wp-content\\\/uploads\\\/2021\\\/08\\\/logo200x200.png\",\"width\":200,\"height\":200,\"caption\":\"El\u00e4mysten Wanha Satama\"},\"image\":{\"@id\":\"https:\\\/\\\/www.wanhasatama.fi\\\/#\\\/schema\\\/logo\\\/image\\\/\"}}]}<\/script>\n<!-- \/ Yoast SEO plugin. -->","yoast_head_json":{"title":"Tapahtumamarkkinointi - El\u00e4mysten Wanha Satama","description":"Wanha Satama will help you throughout the duration of the event.","robots":{"index":"index","follow":"follow","max-snippet":"max-snippet:-1","max-image-preview":"max-image-preview:large","max-video-preview":"max-video-preview:-1"},"canonical":"https:\/\/www.wanhasatama.fi\/en\/tapahtumamarkkinointi\/","og_locale":"en_US","og_type":"article","og_title":"Tapahtumamarkkinointi - El\u00e4mysten Wanha Satama","og_description":"Wanhan Satama auttaa sinua koko tapahtuman j\u00e4rjest\u00e4misen ajan.","og_url":"https:\/\/www.wanhasatama.fi\/en\/tapahtumamarkkinointi\/","og_site_name":"El\u00e4mysten Wanha Satama","article_modified_time":"2024-11-07T17:05:40+00:00","twitter_card":"summary_large_image","twitter_misc":{"Est. reading time":"1 minute"},"schema":{"@context":"https:\/\/schema.org","@graph":[{"@type":"WebPage","@id":"https:\/\/www.wanhasatama.fi\/tapahtumamarkkinointi\/","url":"https:\/\/www.wanhasatama.fi\/tapahtumamarkkinointi\/","name":"Tapahtumamarkkinointi - El\u00e4mysten Wanha Satama","isPartOf":{"@id":"https:\/\/www.wanhasatama.fi\/#website"},"datePublished":"2024-11-07T17:04:17+00:00","dateModified":"2024-11-07T17:05:40+00:00","description":"Wanha Satama will help you throughout the duration of the event.","breadcrumb":{"@id":"https:\/\/www.wanhasatama.fi\/tapahtumamarkkinointi\/#breadcrumb"},"inLanguage":"en-US","potentialAction":[{"@type":"ReadAction","target":["https:\/\/www.wanhasatama.fi\/tapahtumamarkkinointi\/"]}]},{"@type":"BreadcrumbList","@id":"https:\/\/www.wanhasatama.fi\/tapahtumamarkkinointi\/#breadcrumb","itemListElement":[{"@type":"ListItem","position":1,"name":"Home","item":"https:\/\/www.wanhasatama.fi\/"},{"@type":"ListItem","position":2,"name":"Tapahtumamarkkinointi"}]},{"@type":"WebSite","@id":"https:\/\/www.wanhasatama.fi\/#website","url":"https:\/\/www.wanhasatama.fi\/","name":"Experience Wanha Satama","description":"","publisher":{"@id":"https:\/\/www.wanhasatama.fi\/#organization"},"potentialAction":[{"@type":"SearchAction","target":{"@type":"EntryPoint","urlTemplate":"https:\/\/www.wanhasatama.fi\/?s={search_term_string}"},"query-input":{"@type":"PropertyValueSpecification","valueRequired":true,"valueName":"search_term_string"}}],"inLanguage":"en-US"},{"@type":"Organization","@id":"https:\/\/www.wanhasatama.fi\/#organization","name":"Experience Wanha Satama","url":"https:\/\/www.wanhasatama.fi\/","logo":{"@type":"ImageObject","inLanguage":"en-US","@id":"https:\/\/www.wanhasatama.fi\/#\/schema\/logo\/image\/","url":"https:\/\/www.wanhasatama.fi\/wp-content\/uploads\/2021\/08\/logo200x200.png","contentUrl":"https:\/\/www.wanhasatama.fi\/wp-content\/uploads\/2021\/08\/logo200x200.png","width":200,"height":200,"caption":"El\u00e4mysten Wanha Satama"},"image":{"@id":"https:\/\/www.wanhasatama.fi\/#\/schema\/logo\/image\/"}}]}},"_links":{"self":[{"href":"https:\/\/www.wanhasatama.fi\/en\/wp-json\/wp\/v2\/pages\/5138","targetHints":{"allow":["GET"]}}],"collection":[{"href":"https:\/\/www.wanhasatama.fi\/en\/wp-json\/wp\/v2\/pages"}],"about":[{"href":"https:\/\/www.wanhasatama.fi\/en\/wp-json\/wp\/v2\/types\/page"}],"author":[{"embeddable":true,"href":"https:\/\/www.wanhasatama.fi\/en\/wp-json\/wp\/v2\/users\/14"}],"replies":[{"embeddable":true,"href":"https:\/\/www.wanhasatama.fi\/en\/wp-json\/wp\/v2\/comments?post=5138"}],"version-history":[{"count":5,"href":"https:\/\/www.wanhasatama.fi\/en\/wp-json\/wp\/v2\/pages\/5138\/revisions"}],"predecessor-version":[{"id":5147,"href":"https:\/\/www.wanhasatama.fi\/en\/wp-json\/wp\/v2\/pages\/5138\/revisions\/5147"}],"wp:attachment":[{"href":"https:\/\/www.wanhasatama.fi\/en\/wp-json\/wp\/v2\/media?parent=5138"}],"curies":[{"name":"wp","href":"https:\/\/api.w.org\/{rel}","templated":true}]}}