{"id":5130,"date":"2024-11-07T16:33:54","date_gmt":"2024-11-07T16:33:54","guid":{"rendered":"https:\/\/www.wanhasatama.fi\/?page_id=5130"},"modified":"2024-11-07T16:38:56","modified_gmt":"2024-11-07T16:38:56","slug":"tapahtumasuunnittelu","status":"publish","type":"page","link":"https:\/\/www.wanhasatama.fi\/en\/tapahtumasuunnittelu\/","title":{"rendered":"Event Planning"},"content":{"rendered":"<div data-elementor-type=\"wp-post\" data-elementor-id=\"5130\" class=\"elementor elementor-5130\" data-elementor-post-type=\"page\">\n\t\t\t\t<div class=\"elementor-element elementor-element-9946a3c e-flex e-con-boxed e-con e-parent\" data-id=\"9946a3c\" data-element_type=\"container\" data-e-type=\"container\" data-settings=\"{&quot;background_background&quot;:&quot;classic&quot;}\">\n\t\t\t\t\t<div class=\"e-con-inner\">\n\t\t\t\t<div class=\"elementor-element elementor-element-60719b4 elementor-widget elementor-widget-heading\" data-id=\"60719b4\" data-element_type=\"widget\" data-e-type=\"widget\" data-widget_type=\"heading.default\">\n\t\t\t\t\t<h1 class=\"elementor-heading-title elementor-size-default\">Ammattitaitoinen tapahtumasuunnittelu Wanhassa Satamassa<\/h1>\t\t\t\t<\/div>\n\t\t\t\t\t<\/div>\n\t\t\t\t<\/div>\n\t\t<div class=\"elementor-element elementor-element-4145c0d e-flex e-con-boxed e-con e-parent\" data-id=\"4145c0d\" data-element_type=\"container\" data-e-type=\"container\">\n\t\t\t\t\t<div class=\"e-con-inner\">\n\t\t\t\t<div class=\"elementor-element elementor-element-e165060 elementor-widget elementor-widget-text-editor\" data-id=\"e165060\" data-element_type=\"widget\" data-e-type=\"widget\" data-widget_type=\"text-editor.default\">\n\t\t\t\t\t\t\t\t\t<p>Wanha Satama on tunnettu ainutlaatuisista puitteistaan ja laadukkaasta palvelustaan, mutta yksi suurimmista vahvuuksista on sen ammattitaitoinen tapahtumasuunnittelu. Olipa kyseess\u00e4 yritysjuhla, konferenssi, yleis\u00f6tapahtuma, h\u00e4\u00e4juhlat tai messut, Wanhan Sataman kokenut tiimi auttaa luomaan unohtumattomia tilaisuuksia alusta loppuun. Tapahtumasi on turvallisissa k\u00e4siss\u00e4, sill\u00e4 tarjoamme kattavat palvelut ja r\u00e4\u00e4t\u00e4l\u00f6idyt ratkaisut kaikkiin tarpeisiisi.<\/p>\t\t\t\t\t\t\t\t<\/div>\n\t\t\t\t\t<\/div>\n\t\t\t\t<\/div>\n\t\t<div class=\"elementor-element elementor-element-9ed3e14 e-flex e-con-boxed e-con e-parent\" data-id=\"9ed3e14\" data-element_type=\"container\" data-e-type=\"container\">\n\t\t\t\t\t<div class=\"e-con-inner\">\n\t\t<div class=\"elementor-element elementor-element-9b24552 e-con-full e-flex e-con e-child\" data-id=\"9b24552\" data-element_type=\"container\" data-e-type=\"container\">\n\t\t\t\t<div class=\"elementor-element elementor-element-4e65249 elementor-widget elementor-widget-heading\" data-id=\"4e65249\" data-element_type=\"widget\" data-e-type=\"widget\" data-widget_type=\"heading.default\">\n\t\t\t\t\t<h2 class=\"elementor-heading-title elementor-size-default\">Kokonaisvaltainen tapahtumasuunnittelu avaimet k\u00e4teen -periaatteella<\/h2>\t\t\t\t<\/div>\n\t\t\t\t<div class=\"elementor-element elementor-element-baa7c4d elementor-widget elementor-widget-text-editor\" data-id=\"baa7c4d\" data-element_type=\"widget\" data-e-type=\"widget\" data-widget_type=\"text-editor.default\">\n\t\t\t\t\t\t\t\t\t<p>Wanhassa Satamassa tapahtumasuunnittelu hoidetaan aina avaimet k\u00e4teen -periaatteella, jotta asiakkaan ei tarvitse tarpeettomasti mietti\u00e4 kaikkia yksityiskohtia. Tiimimme huolehtii kaikesta suunnittelusta toteutukseen, kattaen niin tekniset ratkaisut, tilaj\u00e4rjestelyt kuin ohjelmankin. Tapahtumaj\u00e4rjestelyt tehd\u00e4\u00e4n saumattomasti ja ammattimaisesti, jolloin asiakkaat voivat keskitty\u00e4 itse tapahtuman sis\u00e4lt\u00f6\u00f6n ja vieraiden viihtymiseen. Olipa kyseess\u00e4 suuri yritysjuhla tai pienempi seminaari, Wanha Satama varmistaa, ett\u00e4 kaikki sujuu vaivattomasti.<\/p>\t\t\t\t\t\t\t\t<\/div>\n\t\t\t\t<\/div>\n\t\t<div class=\"elementor-element elementor-element-a3dcaea e-con-full e-flex e-con e-child\" data-id=\"a3dcaea\" data-element_type=\"container\" data-e-type=\"container\" data-settings=\"{&quot;background_background&quot;:&quot;classic&quot;}\">\n\t\t\t\t<\/div>\n\t\t\t\t\t<\/div>\n\t\t\t\t<\/div>\n\t\t<div class=\"elementor-element elementor-element-08eac97 e-flex e-con-boxed e-con e-parent\" data-id=\"08eac97\" data-element_type=\"container\" data-e-type=\"container\" data-settings=\"{&quot;background_background&quot;:&quot;classic&quot;}\">\n\t\t\t\t\t<div class=\"e-con-inner\">\n\t\t<div class=\"elementor-element elementor-element-d54e2d8 e-con-full e-flex e-con e-child\" data-id=\"d54e2d8\" data-element_type=\"container\" data-e-type=\"container\" data-settings=\"{&quot;background_background&quot;:&quot;classic&quot;}\">\n\t\t\t\t<\/div>\n\t\t<div class=\"elementor-element elementor-element-f7b0145 e-con-full e-flex e-con e-child\" data-id=\"f7b0145\" data-element_type=\"container\" data-e-type=\"container\">\n\t\t\t\t<div class=\"elementor-element elementor-element-ef41119 elementor-widget elementor-widget-heading\" data-id=\"ef41119\" data-element_type=\"widget\" data-e-type=\"widget\" data-widget_type=\"heading.default\">\n\t\t\t\t\t<h2 class=\"elementor-heading-title elementor-size-default\">R\u00e4\u00e4t\u00e4l\u00f6idyt ratkaisut erilaisiin tapahtumiin<\/h2>\t\t\t\t<\/div>\n\t\t\t\t<div class=\"elementor-element elementor-element-e518eff elementor-widget elementor-widget-text-editor\" data-id=\"e518eff\" data-element_type=\"widget\" data-e-type=\"widget\" data-widget_type=\"text-editor.default\">\n\t\t\t\t\t\t\t\t\t<p>Jokainen tapahtuma on ainutlaatuinen, ja siksi Wanhassa Satamassa tarjotaan r\u00e4\u00e4t\u00e4l\u00f6ityj\u00e4 ratkaisuja eri tilaisuuksiin. Tapahtuman tyyli, teema ja k\u00e4yt\u00e4nn\u00f6n j\u00e4rjestelyt muokataan aina asiakkaan toiveiden ja tavoitteiden mukaan. Wanhan Sataman tilat ovat joustavia ja monik\u00e4ytt\u00f6isi\u00e4, ja ne voidaan somistaa vastaamaan juuri sinun tapahtumasi tunnelmaa. Graafisen suunnittelun ja markkinointiviestinn\u00e4n ammattilaisemme auttavat sinua my\u00f6s tapahtuman visuaalisen ilmeen suunnittelussa ja markkinoinnissa sek\u00e4 oikeissa kanavaratkaisuissa, jotta tapahtumasi houkuttelee oikean yleis\u00f6n ja j\u00e4tt\u00e4\u00e4 pysyv\u00e4n vaikutuksen. Catering-palvelumme tarjoavat herkullisia ruokailu- ja juomatarjoiluvaihtoehtoja, jotka pit\u00e4v\u00e4t energiatason korkealla koko tapahtumanne ajan.<\/p>\t\t\t\t\t\t\t\t<\/div>\n\t\t\t\t<\/div>\n\t\t\t\t\t<\/div>\n\t\t\t\t<\/div>\n\t\t<div class=\"elementor-element elementor-element-d5cb19b e-flex e-con-boxed e-con e-parent\" data-id=\"d5cb19b\" data-element_type=\"container\" data-e-type=\"container\">\n\t\t\t\t\t<div class=\"e-con-inner\">\n\t\t<div class=\"elementor-element elementor-element-c9608f8 e-con-full e-flex e-con e-child\" data-id=\"c9608f8\" data-element_type=\"container\" data-e-type=\"container\">\n\t\t\t\t<div class=\"elementor-element elementor-element-b3e2775 elementor-widget elementor-widget-heading\" data-id=\"b3e2775\" data-element_type=\"widget\" data-e-type=\"widget\" data-widget_type=\"heading.default\">\n\t\t\t\t\t<h2 class=\"elementor-heading-title elementor-size-default\">Kokeneet tapahtumasuunnittelijat apunasi<\/h2>\t\t\t\t<\/div>\n\t\t\t\t<div class=\"elementor-element elementor-element-354e8a9 elementor-widget elementor-widget-text-editor\" data-id=\"354e8a9\" data-element_type=\"widget\" data-e-type=\"widget\" data-widget_type=\"text-editor.default\">\n\t\t\t\t\t\t\t\t\t<p>Wanhan Sataman ammattitaitoinen ja kokenut tapahtumasuunnittelutiimi on jokaisen asiakkaan tukena koko prosessin ajan. Henkil\u00f6st\u00f6\u00f6mme kuuluvat markkinoinnin moniottelijat ja oman alansa erikoisosaajat auttavat mielell\u00e4\u00e4n tapahtumakonseptien kehitt\u00e4misess\u00e4 ja niiden viestimisess\u00e4 oikeisiin kanaviin. Heid\u00e4n asiantuntemuksensa varmistaa, ett\u00e4 tapahtumasi ilme ja markkinointi tukevat yrityksesi br\u00e4ndi\u00e4 ja saavuttavat toivotut tavoitteet. Suunnittelemme yhdess\u00e4 tilaisuuden, joka j\u00e4\u00e4 osallistujien mieleen ja josta puhutaan viel\u00e4 pitk\u00e4\u00e4n.<\/p>\t\t\t\t\t\t\t\t<\/div>\n\t\t\t\t<\/div>\n\t\t<div class=\"elementor-element elementor-element-309be96 e-con-full e-flex e-con e-child\" data-id=\"309be96\" data-element_type=\"container\" data-e-type=\"container\" data-settings=\"{&quot;background_background&quot;:&quot;classic&quot;}\">\n\t\t\t\t<\/div>\n\t\t\t\t\t<\/div>\n\t\t\t\t<\/div>\n\t\t\t\t<\/div>","protected":false},"excerpt":{"rendered":"<p>Ammattitaitoinen tapahtumasuunnittelu Wanhassa Satamassa Wanha Satama on tunnettu ainutlaatuisista puitteistaan ja laadukkaasta palvelustaan, mutta yksi suurimmista vahvuuksista on sen ammattitaitoinen tapahtumasuunnittelu. Olipa kyseess\u00e4 yritysjuhla, konferenssi, yleis\u00f6tapahtuma, h\u00e4\u00e4juhlat tai messut, Wanhan Sataman kokenut tiimi auttaa luomaan unohtumattomia tilaisuuksia alusta loppuun. Tapahtumasi on turvallisissa k\u00e4siss\u00e4, sill\u00e4 tarjoamme kattavat palvelut ja r\u00e4\u00e4t\u00e4l\u00f6idyt ratkaisut kaikkiin tarpeisiisi. Kokonaisvaltainen tapahtumasuunnittelu avaimet [&hellip;]<\/p>\n","protected":false},"author":14,"featured_media":0,"parent":0,"menu_order":0,"comment_status":"closed","ping_status":"closed","template":"","meta":{"_improvement_type_select":"improve_an_existing","_thumb_yes_seoaic":false,"_frame_yes_seoaic":false,"seoaic_generate_description":"","seoaic_improve_instructions_prompt":"","seoaic_rollback_content_improvement":"","seoaic_idea_thumbnail_generator":"","thumbnail_generated":false,"thumbnail_generate_prompt":"","seoaic_article_description":"","site-sidebar-layout":"no-sidebar","site-content-layout":"page-builder","ast-site-content-layout":"default","site-content-style":"default","site-sidebar-style":"default","ast-global-header-display":"","ast-banner-title-visibility":"","ast-main-header-display":"","ast-hfb-above-header-display":"","ast-hfb-below-header-display":"","ast-hfb-mobile-header-display":"","site-post-title":"disabled","ast-breadcrumbs-content":"","ast-featured-img":"disabled","footer-sml-layout":"","ast-disable-related-posts":"","theme-transparent-header-meta":"enabled","adv-header-id-meta":"","stick-header-meta":"","header-above-stick-meta":"","header-main-stick-meta":"","header-below-stick-meta":"","astra-migrate-meta-layouts":"default","ast-page-background-enabled":"default","ast-page-background-meta":{"desktop":{"background-color":"","background-image":"","background-repeat":"repeat","background-position":"center center","background-size":"auto","background-attachment":"scroll","background-type":"","background-media":"","overlay-type":"","overlay-color":"","overlay-opacity":"","overlay-gradient":""},"tablet":{"background-color":"","background-image":"","background-repeat":"repeat","background-position":"center center","background-size":"auto","background-attachment":"scroll","background-type":"","background-media":"","overlay-type":"","overlay-color":"","overlay-opacity":"","overlay-gradient":""},"mobile":{"background-color":"","background-image":"","background-repeat":"repeat","background-position":"center center","background-size":"auto","background-attachment":"scroll","background-type":"","background-media":"","overlay-type":"","overlay-color":"","overlay-opacity":"","overlay-gradient":""}},"ast-content-background-meta":{"desktop":{"background-color":"var(--ast-global-color-5)","background-image":"","background-repeat":"repeat","background-position":"center center","background-size":"auto","background-attachment":"scroll","background-type":"","background-media":"","overlay-type":"","overlay-color":"","overlay-opacity":"","overlay-gradient":""},"tablet":{"background-color":"var(--ast-global-color-5)","background-image":"","background-repeat":"repeat","background-position":"center center","background-size":"auto","background-attachment":"scroll","background-type":"","background-media":"","overlay-type":"","overlay-color":"","overlay-opacity":"","overlay-gradient":""},"mobile":{"background-color":"var(--ast-global-color-5)","background-image":"","background-repeat":"repeat","background-position":"center center","background-size":"auto","background-attachment":"scroll","background-type":"","background-media":"","overlay-type":"","overlay-color":"","overlay-opacity":"","overlay-gradient":""}},"footnotes":""},"class_list":["post-5130","page","type-page","status-publish","hentry"],"yoast_head":"<!-- This site is optimized with the Yoast SEO plugin v27.5 - https:\/\/yoast.com\/product\/yoast-seo-wordpress\/ -->\n<title>Tapahtumasuunnittelu - El\u00e4mysten Wanha Satama<\/title>\n<meta name=\"description\" content=\"Wanhan Satama auttaa sinua koko tapahtuman j\u00e4rjest\u00e4misen ajan.\" \/>\n<meta name=\"robots\" content=\"index, follow, max-snippet:-1, max-image-preview:large, max-video-preview:-1\" \/>\n<link rel=\"canonical\" href=\"https:\/\/www.wanhasatama.fi\/en\/tapahtumasuunnittelu\/\" \/>\n<meta property=\"og:locale\" content=\"en_US\" \/>\n<meta property=\"og:type\" content=\"article\" \/>\n<meta property=\"og:title\" content=\"Tapahtumasuunnittelu - El\u00e4mysten Wanha Satama\" \/>\n<meta property=\"og:description\" content=\"Wanhan Satama auttaa sinua koko tapahtuman j\u00e4rjest\u00e4misen ajan.\" \/>\n<meta property=\"og:url\" content=\"https:\/\/www.wanhasatama.fi\/en\/tapahtumasuunnittelu\/\" \/>\n<meta property=\"og:site_name\" content=\"El\u00e4mysten Wanha Satama\" \/>\n<meta property=\"article:modified_time\" content=\"2024-11-07T16:38:56+00:00\" \/>\n<meta name=\"twitter:card\" content=\"summary_large_image\" \/>\n<meta name=\"twitter:label1\" content=\"Est. reading time\" \/>\n\t<meta name=\"twitter:data1\" content=\"2 minutes\" \/>\n<script type=\"application\/ld+json\" class=\"yoast-schema-graph\">{\"@context\":\"https:\\\/\\\/schema.org\",\"@graph\":[{\"@type\":\"WebPage\",\"@id\":\"https:\\\/\\\/www.wanhasatama.fi\\\/tapahtumasuunnittelu\\\/\",\"url\":\"https:\\\/\\\/www.wanhasatama.fi\\\/tapahtumasuunnittelu\\\/\",\"name\":\"Tapahtumasuunnittelu - El\u00e4mysten Wanha Satama\",\"isPartOf\":{\"@id\":\"https:\\\/\\\/www.wanhasatama.fi\\\/#website\"},\"datePublished\":\"2024-11-07T16:33:54+00:00\",\"dateModified\":\"2024-11-07T16:38:56+00:00\",\"description\":\"Wanhan Satama auttaa sinua koko tapahtuman j\u00e4rjest\u00e4misen ajan.\",\"breadcrumb\":{\"@id\":\"https:\\\/\\\/www.wanhasatama.fi\\\/tapahtumasuunnittelu\\\/#breadcrumb\"},\"inLanguage\":\"en-US\",\"potentialAction\":[{\"@type\":\"ReadAction\",\"target\":[\"https:\\\/\\\/www.wanhasatama.fi\\\/tapahtumasuunnittelu\\\/\"]}]},{\"@type\":\"BreadcrumbList\",\"@id\":\"https:\\\/\\\/www.wanhasatama.fi\\\/tapahtumasuunnittelu\\\/#breadcrumb\",\"itemListElement\":[{\"@type\":\"ListItem\",\"position\":1,\"name\":\"Home\",\"item\":\"https:\\\/\\\/www.wanhasatama.fi\\\/\"},{\"@type\":\"ListItem\",\"position\":2,\"name\":\"Tapahtumasuunnittelu\"}]},{\"@type\":\"WebSite\",\"@id\":\"https:\\\/\\\/www.wanhasatama.fi\\\/#website\",\"url\":\"https:\\\/\\\/www.wanhasatama.fi\\\/\",\"name\":\"El\u00e4mysten Wanha Satama\",\"description\":\"\",\"publisher\":{\"@id\":\"https:\\\/\\\/www.wanhasatama.fi\\\/#organization\"},\"potentialAction\":[{\"@type\":\"SearchAction\",\"target\":{\"@type\":\"EntryPoint\",\"urlTemplate\":\"https:\\\/\\\/www.wanhasatama.fi\\\/?s={search_term_string}\"},\"query-input\":{\"@type\":\"PropertyValueSpecification\",\"valueRequired\":true,\"valueName\":\"search_term_string\"}}],\"inLanguage\":\"en-US\"},{\"@type\":\"Organization\",\"@id\":\"https:\\\/\\\/www.wanhasatama.fi\\\/#organization\",\"name\":\"El\u00e4mysten Wanha Satama\",\"url\":\"https:\\\/\\\/www.wanhasatama.fi\\\/\",\"logo\":{\"@type\":\"ImageObject\",\"inLanguage\":\"en-US\",\"@id\":\"https:\\\/\\\/www.wanhasatama.fi\\\/#\\\/schema\\\/logo\\\/image\\\/\",\"url\":\"https:\\\/\\\/www.wanhasatama.fi\\\/wp-content\\\/uploads\\\/2021\\\/08\\\/logo200x200.png\",\"contentUrl\":\"https:\\\/\\\/www.wanhasatama.fi\\\/wp-content\\\/uploads\\\/2021\\\/08\\\/logo200x200.png\",\"width\":200,\"height\":200,\"caption\":\"El\u00e4mysten Wanha Satama\"},\"image\":{\"@id\":\"https:\\\/\\\/www.wanhasatama.fi\\\/#\\\/schema\\\/logo\\\/image\\\/\"}}]}<\/script>\n<!-- \/ Yoast SEO plugin. -->","yoast_head_json":{"title":"Tapahtumasuunnittelu - El\u00e4mysten Wanha Satama","description":"Wanha Satama will help you throughout the duration of the event.","robots":{"index":"index","follow":"follow","max-snippet":"max-snippet:-1","max-image-preview":"max-image-preview:large","max-video-preview":"max-video-preview:-1"},"canonical":"https:\/\/www.wanhasatama.fi\/en\/tapahtumasuunnittelu\/","og_locale":"en_US","og_type":"article","og_title":"Tapahtumasuunnittelu - El\u00e4mysten Wanha Satama","og_description":"Wanhan Satama auttaa sinua koko tapahtuman j\u00e4rjest\u00e4misen ajan.","og_url":"https:\/\/www.wanhasatama.fi\/en\/tapahtumasuunnittelu\/","og_site_name":"El\u00e4mysten Wanha Satama","article_modified_time":"2024-11-07T16:38:56+00:00","twitter_card":"summary_large_image","twitter_misc":{"Est. reading time":"2 minutes"},"schema":{"@context":"https:\/\/schema.org","@graph":[{"@type":"WebPage","@id":"https:\/\/www.wanhasatama.fi\/tapahtumasuunnittelu\/","url":"https:\/\/www.wanhasatama.fi\/tapahtumasuunnittelu\/","name":"Tapahtumasuunnittelu - El\u00e4mysten Wanha Satama","isPartOf":{"@id":"https:\/\/www.wanhasatama.fi\/#website"},"datePublished":"2024-11-07T16:33:54+00:00","dateModified":"2024-11-07T16:38:56+00:00","description":"Wanha Satama will help you throughout the duration of the event.","breadcrumb":{"@id":"https:\/\/www.wanhasatama.fi\/tapahtumasuunnittelu\/#breadcrumb"},"inLanguage":"en-US","potentialAction":[{"@type":"ReadAction","target":["https:\/\/www.wanhasatama.fi\/tapahtumasuunnittelu\/"]}]},{"@type":"BreadcrumbList","@id":"https:\/\/www.wanhasatama.fi\/tapahtumasuunnittelu\/#breadcrumb","itemListElement":[{"@type":"ListItem","position":1,"name":"Home","item":"https:\/\/www.wanhasatama.fi\/"},{"@type":"ListItem","position":2,"name":"Tapahtumasuunnittelu"}]},{"@type":"WebSite","@id":"https:\/\/www.wanhasatama.fi\/#website","url":"https:\/\/www.wanhasatama.fi\/","name":"Experience Wanha Satama","description":"","publisher":{"@id":"https:\/\/www.wanhasatama.fi\/#organization"},"potentialAction":[{"@type":"SearchAction","target":{"@type":"EntryPoint","urlTemplate":"https:\/\/www.wanhasatama.fi\/?s={search_term_string}"},"query-input":{"@type":"PropertyValueSpecification","valueRequired":true,"valueName":"search_term_string"}}],"inLanguage":"en-US"},{"@type":"Organization","@id":"https:\/\/www.wanhasatama.fi\/#organization","name":"Experience Wanha Satama","url":"https:\/\/www.wanhasatama.fi\/","logo":{"@type":"ImageObject","inLanguage":"en-US","@id":"https:\/\/www.wanhasatama.fi\/#\/schema\/logo\/image\/","url":"https:\/\/www.wanhasatama.fi\/wp-content\/uploads\/2021\/08\/logo200x200.png","contentUrl":"https:\/\/www.wanhasatama.fi\/wp-content\/uploads\/2021\/08\/logo200x200.png","width":200,"height":200,"caption":"El\u00e4mysten Wanha Satama"},"image":{"@id":"https:\/\/www.wanhasatama.fi\/#\/schema\/logo\/image\/"}}]}},"_links":{"self":[{"href":"https:\/\/www.wanhasatama.fi\/en\/wp-json\/wp\/v2\/pages\/5130","targetHints":{"allow":["GET"]}}],"collection":[{"href":"https:\/\/www.wanhasatama.fi\/en\/wp-json\/wp\/v2\/pages"}],"about":[{"href":"https:\/\/www.wanhasatama.fi\/en\/wp-json\/wp\/v2\/types\/page"}],"author":[{"embeddable":true,"href":"https:\/\/www.wanhasatama.fi\/en\/wp-json\/wp\/v2\/users\/14"}],"replies":[{"embeddable":true,"href":"https:\/\/www.wanhasatama.fi\/en\/wp-json\/wp\/v2\/comments?post=5130"}],"version-history":[{"count":5,"href":"https:\/\/www.wanhasatama.fi\/en\/wp-json\/wp\/v2\/pages\/5130\/revisions"}],"predecessor-version":[{"id":5136,"href":"https:\/\/www.wanhasatama.fi\/en\/wp-json\/wp\/v2\/pages\/5130\/revisions\/5136"}],"wp:attachment":[{"href":"https:\/\/www.wanhasatama.fi\/en\/wp-json\/wp\/v2\/media?parent=5130"}],"curies":[{"name":"wp","href":"https:\/\/api.w.org\/{rel}","templated":true}]}}