{"id":4696,"date":"2024-11-04T09:27:39","date_gmt":"2024-11-04T09:27:39","guid":{"rendered":"https:\/\/www.wanhasatama.fi\/?page_id=4696"},"modified":"2024-11-06T06:43:41","modified_gmt":"2024-11-06T06:43:41","slug":"pikkujoulutilat-helsingin-keskustassa","status":"publish","type":"page","link":"https:\/\/www.wanhasatama.fi\/en\/pikkujoulutilat-helsingin-keskustassa\/","title":{"rendered":"Pikkujoulutilat Helsingin keskustassa"},"content":{"rendered":"<div data-elementor-type=\"wp-post\" data-elementor-id=\"4696\" class=\"elementor elementor-4696\" data-elementor-post-type=\"page\">\n\t\t\t\t<div class=\"elementor-element elementor-element-6a7abc8 e-flex e-con-boxed e-con e-parent\" data-id=\"6a7abc8\" data-element_type=\"container\" data-e-type=\"container\" data-settings=\"{&quot;background_background&quot;:&quot;classic&quot;}\">\n\t\t\t\t\t<div class=\"e-con-inner\">\n\t\t<div class=\"elementor-element elementor-element-bd01f65 e-con-full e-flex e-con e-child\" data-id=\"bd01f65\" data-element_type=\"container\" data-e-type=\"container\">\n\t\t\t\t<div class=\"elementor-element elementor-element-e0df186 elementor-widget elementor-widget-heading\" data-id=\"e0df186\" data-element_type=\"widget\" data-e-type=\"widget\" data-widget_type=\"heading.default\">\n\t\t\t\t\t<h1 class=\"elementor-heading-title elementor-size-default\">Tunnelmalliset pikkujoulutilat Helsingin keskustassa<\/h1>\t\t\t\t<\/div>\n\t\t\t\t<\/div>\n\t\t\t\t\t<\/div>\n\t\t\t\t<\/div>\n\t\t<div class=\"elementor-element elementor-element-de5b2ba e-flex e-con-boxed e-con e-parent\" data-id=\"de5b2ba\" data-element_type=\"container\" data-e-type=\"container\">\n\t\t\t\t\t<div class=\"e-con-inner\">\n\t\t\t\t<div class=\"elementor-element elementor-element-389756b elementor-widget elementor-widget-text-editor\" data-id=\"389756b\" data-element_type=\"widget\" data-e-type=\"widget\" data-widget_type=\"text-editor.default\">\n\t\t\t\t\t\t\t\t\t<p>Wanha Satama tarjoaa unohtumattomat puitteet yrityksen tai yhteis\u00f6n pikkujouluihin Helsingin syd\u00e4mess\u00e4. Historiallinen ja tunnelmallinen juhlatila yhdistettyn\u00e4 ammattitaitoiseen palveluun ja moderniin tapahtumatekniikkaan luo t\u00e4ydellisen ymp\u00e4rist\u00f6n rentouttaville ja hauskoille pikkujouluille. Olipa kyseess\u00e4 pieni tiimitapahtuma tai suuri yrityksen juhla, Wanha Satama on paikka, jossa juhlat muuttuvat el\u00e4myksiksi.<\/p>\t\t\t\t\t\t\t\t<\/div>\n\t\t\t\t\t<\/div>\n\t\t\t\t<\/div>\n\t\t<div class=\"elementor-element elementor-element-839898a e-flex e-con-boxed e-con e-parent\" data-id=\"839898a\" data-element_type=\"container\" data-e-type=\"container\">\n\t\t\t\t\t<div class=\"e-con-inner\">\n\t\t<div class=\"elementor-element elementor-element-4bc5a78 e-con-full e-flex e-con e-child\" data-id=\"4bc5a78\" data-element_type=\"container\" data-e-type=\"container\">\n\t\t\t\t<div class=\"elementor-element elementor-element-725f2f6 elementor-widget elementor-widget-heading\" data-id=\"725f2f6\" data-element_type=\"widget\" data-e-type=\"widget\" data-widget_type=\"heading.default\">\n\t\t\t\t\t<h2 class=\"elementor-heading-title elementor-size-default\">Ainutlaatuiset puitteet yrityksen pikkujouluihin<\/h2>\t\t\t\t<\/div>\n\t\t\t\t<div class=\"elementor-element elementor-element-c4c29e4 elementor-widget elementor-widget-text-editor\" data-id=\"c4c29e4\" data-element_type=\"widget\" data-e-type=\"widget\" data-widget_type=\"text-editor.default\">\n\t\t\t\t\t\t\t\t\t<p>Wanhan Sataman historiallinen milj\u00f6\u00f6 on vertaansa vailla, ja se tarjoaa n\u00e4ytt\u00e4v\u00e4t puitteet yrityksen pikkujouluille. Tilan korkeat katot, kaari-ikkunat ja kauniit tiilisein\u00e4t luovat ainutlaatuisen juhlatunnelman, jossa yhdistyv\u00e4t menneen ajan charmikkuus ja moderni mukavuus. Tilat voidaan muokata juuri yrityksesi tarpeisiin sopiviksi, ja ne soveltuvat kaiken kokoisiin tilaisuuksiin, tarjoten juhlaasi l\u00e4mpim\u00e4n ja juhlavan ilmapiirin.<\/p>\t\t\t\t\t\t\t\t<\/div>\n\t\t\t\t<\/div>\n\t\t<div class=\"elementor-element elementor-element-00b5973 e-con-full e-flex e-con e-child\" data-id=\"00b5973\" data-element_type=\"container\" data-e-type=\"container\" data-settings=\"{&quot;background_background&quot;:&quot;classic&quot;}\">\n\t\t\t\t<\/div>\n\t\t\t\t\t<\/div>\n\t\t\t\t<\/div>\n\t\t<div class=\"elementor-element elementor-element-31bfcd0 e-flex e-con-boxed e-con e-parent\" data-id=\"31bfcd0\" data-element_type=\"container\" data-e-type=\"container\" data-settings=\"{&quot;background_background&quot;:&quot;classic&quot;}\">\n\t\t\t\t\t<div class=\"e-con-inner\">\n\t\t<div class=\"elementor-element elementor-element-826765e e-con-full e-flex e-con e-child\" data-id=\"826765e\" data-element_type=\"container\" data-e-type=\"container\" data-settings=\"{&quot;background_background&quot;:&quot;classic&quot;}\">\n\t\t\t\t<\/div>\n\t\t<div class=\"elementor-element elementor-element-36eff6e e-con-full e-flex e-con e-child\" data-id=\"36eff6e\" data-element_type=\"container\" data-e-type=\"container\">\n\t\t\t\t<div class=\"elementor-element elementor-element-de4501b elementor-widget elementor-widget-heading\" data-id=\"de4501b\" data-element_type=\"widget\" data-e-type=\"widget\" data-widget_type=\"heading.default\">\n\t\t\t\t\t<h2 class=\"elementor-heading-title elementor-size-default\">R\u00e4\u00e4t\u00e4l\u00f6idyt pikkujoulupaketit ja ohjelmat<\/h2>\t\t\t\t<\/div>\n\t\t\t\t<div class=\"elementor-element elementor-element-af5e068 elementor-widget elementor-widget-text-editor\" data-id=\"af5e068\" data-element_type=\"widget\" data-e-type=\"widget\" data-widget_type=\"text-editor.default\">\n\t\t\t\t\t\t\t\t\t<p>Wanha Satama tarjoaa r\u00e4\u00e4t\u00e4l\u00f6ityj\u00e4 pikkujoulupaketteja, jotka voidaan suunnitella juuri yrityksesi toiveiden mukaan. Ohjelmavaihtoehdot vaihtelevat viihdytt\u00e4vist\u00e4 esiintyjist\u00e4 rentoihin yhdess\u00e4olon hetkiin, ja voit valita juuri teille sopivan kokonaisuuden. Pikkujoulujen teema ja sis\u00e4lt\u00f6 voidaan suunnitella yhdess\u00e4 ammattitaitoisen tiimimme kanssa, jolloin tilaisuus vastaa t\u00e4ydellisesti toiveitanne ja tuo iloa kaikille osallistujille.<\/p><p>Jos tarvitsette apua juhlienne tiedottamisessa esimerkiksi organisaationne sis\u00e4isiss\u00e4 kanavissa, kokeneet graafiset suunnittelijamme ja sis\u00e4ll\u00f6ntuottajamme auttavat mielell\u00e4\u00e4n oikean juhlatunnelman luomisessa jo etuk\u00e4teen.<\/p>\t\t\t\t\t\t\t\t<\/div>\n\t\t\t\t<\/div>\n\t\t\t\t\t<\/div>\n\t\t\t\t<\/div>\n\t\t<div class=\"elementor-element elementor-element-cf00293 e-flex e-con-boxed e-con e-parent\" data-id=\"cf00293\" data-element_type=\"container\" data-e-type=\"container\">\n\t\t\t\t\t<div class=\"e-con-inner\">\n\t\t<div class=\"elementor-element elementor-element-bdc4a9a e-con-full e-flex e-con e-child\" data-id=\"bdc4a9a\" data-element_type=\"container\" data-e-type=\"container\">\n\t\t\t\t<div class=\"elementor-element elementor-element-901ee7c elementor-widget elementor-widget-heading\" data-id=\"901ee7c\" data-element_type=\"widget\" data-e-type=\"widget\" data-widget_type=\"heading.default\">\n\t\t\t\t\t<h2 class=\"elementor-heading-title elementor-size-default\">Herkullinen joulumenu ja juomatarjoilut<\/h2>\t\t\t\t<\/div>\n\t\t\t\t<div class=\"elementor-element elementor-element-65733c9 elementor-widget elementor-widget-text-editor\" data-id=\"65733c9\" data-element_type=\"widget\" data-e-type=\"widget\" data-widget_type=\"text-editor.default\">\n\t\t\t\t\t\t\t\t\t<p>Wanhan Sataman keitti\u00f6 tarjoaa herkullisen ja monipuolisen joulumenun, joka kruunaa pikkujoulutunnelman. Voit valita useista eri menuvaihtoehdoista, jotka sis\u00e4lt\u00e4v\u00e4t sek\u00e4 perinteisi\u00e4 joulun makuja ett\u00e4 moderneja vaihtoehtoja. Tarjoilu r\u00e4\u00e4t\u00e4l\u00f6id\u00e4\u00e4n tarpeidesi mukaan, ja juomatarjoiluista huolehditaan kattavasti, olipa kyseess\u00e4 l\u00e4mmin gl\u00f6gi, kuohuviini tai valikoima muita juomia. N\u00e4in varmistetaan, ett\u00e4 vieraat nauttivat juhlaillasta kaikilla aisteillaan.<\/p>\t\t\t\t\t\t\t\t<\/div>\n\t\t\t\t<\/div>\n\t\t<div class=\"elementor-element elementor-element-bb9a829 e-con-full e-flex e-con e-child\" data-id=\"bb9a829\" data-element_type=\"container\" data-e-type=\"container\" data-settings=\"{&quot;background_background&quot;:&quot;classic&quot;}\">\n\t\t\t\t<\/div>\n\t\t\t\t\t<\/div>\n\t\t\t\t<\/div>\n\t\t\t\t<\/div>","protected":false},"excerpt":{"rendered":"<p>Tunnelmalliset pikkujoulutilat Helsingin keskustassa Wanha Satama tarjoaa unohtumattomat puitteet yrityksen tai yhteis\u00f6n pikkujouluihin Helsingin syd\u00e4mess\u00e4. Historiallinen ja tunnelmallinen juhlatila yhdistettyn\u00e4 ammattitaitoiseen palveluun ja moderniin tapahtumatekniikkaan luo t\u00e4ydellisen ymp\u00e4rist\u00f6n rentouttaville ja hauskoille pikkujouluille. Olipa kyseess\u00e4 pieni tiimitapahtuma tai suuri yrityksen juhla, Wanha Satama on paikka, jossa juhlat muuttuvat el\u00e4myksiksi. Ainutlaatuiset puitteet yrityksen pikkujouluihin Wanhan Sataman historiallinen [&hellip;]<\/p>\n","protected":false},"author":14,"featured_media":0,"parent":0,"menu_order":0,"comment_status":"closed","ping_status":"closed","template":"","meta":{"_improvement_type_select":"improve_an_existing","_thumb_yes_seoaic":false,"_frame_yes_seoaic":false,"seoaic_generate_description":"","seoaic_improve_instructions_prompt":"","seoaic_rollback_content_improvement":"","seoaic_idea_thumbnail_generator":"","thumbnail_generated":false,"thumbnail_generate_prompt":"","seoaic_article_description":"","site-sidebar-layout":"no-sidebar","site-content-layout":"page-builder","ast-site-content-layout":"default","site-content-style":"default","site-sidebar-style":"default","ast-global-header-display":"","ast-banner-title-visibility":"","ast-main-header-display":"","ast-hfb-above-header-display":"","ast-hfb-below-header-display":"","ast-hfb-mobile-header-display":"","site-post-title":"disabled","ast-breadcrumbs-content":"","ast-featured-img":"disabled","footer-sml-layout":"","ast-disable-related-posts":"","theme-transparent-header-meta":"enabled","adv-header-id-meta":"","stick-header-meta":"","header-above-stick-meta":"","header-main-stick-meta":"","header-below-stick-meta":"","astra-migrate-meta-layouts":"default","ast-page-background-enabled":"default","ast-page-background-meta":{"desktop":{"background-color":"","background-image":"","background-repeat":"repeat","background-position":"center center","background-size":"auto","background-attachment":"scroll","background-type":"","background-media":"","overlay-type":"","overlay-color":"","overlay-opacity":"","overlay-gradient":""},"tablet":{"background-color":"","background-image":"","background-repeat":"repeat","background-position":"center center","background-size":"auto","background-attachment":"scroll","background-type":"","background-media":"","overlay-type":"","overlay-color":"","overlay-opacity":"","overlay-gradient":""},"mobile":{"background-color":"","background-image":"","background-repeat":"repeat","background-position":"center center","background-size":"auto","background-attachment":"scroll","background-type":"","background-media":"","overlay-type":"","overlay-color":"","overlay-opacity":"","overlay-gradient":""}},"ast-content-background-meta":{"desktop":{"background-color":"var(--ast-global-color-5)","background-image":"","background-repeat":"repeat","background-position":"center center","background-size":"auto","background-attachment":"scroll","background-type":"","background-media":"","overlay-type":"","overlay-color":"","overlay-opacity":"","overlay-gradient":""},"tablet":{"background-color":"var(--ast-global-color-5)","background-image":"","background-repeat":"repeat","background-position":"center center","background-size":"auto","background-attachment":"scroll","background-type":"","background-media":"","overlay-type":"","overlay-color":"","overlay-opacity":"","overlay-gradient":""},"mobile":{"background-color":"var(--ast-global-color-5)","background-image":"","background-repeat":"repeat","background-position":"center center","background-size":"auto","background-attachment":"scroll","background-type":"","background-media":"","overlay-type":"","overlay-color":"","overlay-opacity":"","overlay-gradient":""}},"footnotes":""},"class_list":["post-4696","page","type-page","status-publish","hentry"],"yoast_head":"<!-- This site is optimized with the Yoast SEO plugin v27.5 - https:\/\/yoast.com\/product\/yoast-seo-wordpress\/ -->\n<title>Pikkujoulutilat Helsingin keskustassa - El\u00e4mysten Wanha Satama<\/title>\n<meta name=\"description\" content=\"Wanhan Sataman tapahtumissa catering palveluita tarjoaa Pro Ravintolat, joka vastaa samassa talossa sijaitsevan Soima Ravintolan toiminnasta.\" \/>\n<meta name=\"robots\" content=\"index, follow, max-snippet:-1, max-image-preview:large, max-video-preview:-1\" \/>\n<link rel=\"canonical\" href=\"https:\/\/www.wanhasatama.fi\/en\/pikkujoulutilat-helsingin-keskustassa\/\" \/>\n<meta property=\"og:locale\" content=\"en_US\" \/>\n<meta property=\"og:type\" content=\"article\" \/>\n<meta property=\"og:title\" content=\"Pikkujoulutilat Helsingin keskustassa - El\u00e4mysten Wanha Satama\" \/>\n<meta property=\"og:description\" content=\"Wanhan Sataman tapahtumissa catering palveluita tarjoaa Pro Ravintolat, joka vastaa samassa talossa sijaitsevan Soima Ravintolan toiminnasta.\" \/>\n<meta property=\"og:url\" content=\"https:\/\/www.wanhasatama.fi\/en\/pikkujoulutilat-helsingin-keskustassa\/\" \/>\n<meta property=\"og:site_name\" content=\"El\u00e4mysten Wanha Satama\" \/>\n<meta property=\"article:modified_time\" content=\"2024-11-06T06:43:41+00:00\" \/>\n<meta name=\"twitter:card\" content=\"summary_large_image\" \/>\n<meta name=\"twitter:label1\" content=\"Est. reading time\" \/>\n\t<meta name=\"twitter:data1\" content=\"1 minute\" \/>\n<script type=\"application\/ld+json\" class=\"yoast-schema-graph\">{\"@context\":\"https:\\\/\\\/schema.org\",\"@graph\":[{\"@type\":\"WebPage\",\"@id\":\"https:\\\/\\\/www.wanhasatama.fi\\\/pikkujoulutilat-helsingin-keskustassa\\\/\",\"url\":\"https:\\\/\\\/www.wanhasatama.fi\\\/pikkujoulutilat-helsingin-keskustassa\\\/\",\"name\":\"Pikkujoulutilat Helsingin keskustassa - El\u00e4mysten Wanha Satama\",\"isPartOf\":{\"@id\":\"https:\\\/\\\/www.wanhasatama.fi\\\/#website\"},\"datePublished\":\"2024-11-04T09:27:39+00:00\",\"dateModified\":\"2024-11-06T06:43:41+00:00\",\"description\":\"Wanhan Sataman tapahtumissa catering palveluita tarjoaa Pro Ravintolat, joka vastaa samassa talossa sijaitsevan Soima Ravintolan toiminnasta.\",\"breadcrumb\":{\"@id\":\"https:\\\/\\\/www.wanhasatama.fi\\\/pikkujoulutilat-helsingin-keskustassa\\\/#breadcrumb\"},\"inLanguage\":\"en-US\",\"potentialAction\":[{\"@type\":\"ReadAction\",\"target\":[\"https:\\\/\\\/www.wanhasatama.fi\\\/pikkujoulutilat-helsingin-keskustassa\\\/\"]}]},{\"@type\":\"BreadcrumbList\",\"@id\":\"https:\\\/\\\/www.wanhasatama.fi\\\/pikkujoulutilat-helsingin-keskustassa\\\/#breadcrumb\",\"itemListElement\":[{\"@type\":\"ListItem\",\"position\":1,\"name\":\"Home\",\"item\":\"https:\\\/\\\/www.wanhasatama.fi\\\/\"},{\"@type\":\"ListItem\",\"position\":2,\"name\":\"Pikkujoulutilat Helsingin keskustassa\"}]},{\"@type\":\"WebSite\",\"@id\":\"https:\\\/\\\/www.wanhasatama.fi\\\/#website\",\"url\":\"https:\\\/\\\/www.wanhasatama.fi\\\/\",\"name\":\"El\u00e4mysten Wanha Satama\",\"description\":\"\",\"publisher\":{\"@id\":\"https:\\\/\\\/www.wanhasatama.fi\\\/#organization\"},\"potentialAction\":[{\"@type\":\"SearchAction\",\"target\":{\"@type\":\"EntryPoint\",\"urlTemplate\":\"https:\\\/\\\/www.wanhasatama.fi\\\/?s={search_term_string}\"},\"query-input\":{\"@type\":\"PropertyValueSpecification\",\"valueRequired\":true,\"valueName\":\"search_term_string\"}}],\"inLanguage\":\"en-US\"},{\"@type\":\"Organization\",\"@id\":\"https:\\\/\\\/www.wanhasatama.fi\\\/#organization\",\"name\":\"El\u00e4mysten Wanha Satama\",\"url\":\"https:\\\/\\\/www.wanhasatama.fi\\\/\",\"logo\":{\"@type\":\"ImageObject\",\"inLanguage\":\"en-US\",\"@id\":\"https:\\\/\\\/www.wanhasatama.fi\\\/#\\\/schema\\\/logo\\\/image\\\/\",\"url\":\"https:\\\/\\\/www.wanhasatama.fi\\\/wp-content\\\/uploads\\\/2021\\\/08\\\/logo200x200.png\",\"contentUrl\":\"https:\\\/\\\/www.wanhasatama.fi\\\/wp-content\\\/uploads\\\/2021\\\/08\\\/logo200x200.png\",\"width\":200,\"height\":200,\"caption\":\"El\u00e4mysten Wanha Satama\"},\"image\":{\"@id\":\"https:\\\/\\\/www.wanhasatama.fi\\\/#\\\/schema\\\/logo\\\/image\\\/\"}}]}<\/script>\n<!-- \/ Yoast SEO plugin. -->","yoast_head_json":{"title":"Pikkujoulutilat Helsingin keskustassa - El\u00e4mysten Wanha Satama","description":"Wanhan Sataman tapahtumissa catering palveluita tarjoaa Pro Ravintolat, joka vastaa samassa talossa sijaitsevan Soima Ravintolan toiminnasta.","robots":{"index":"index","follow":"follow","max-snippet":"max-snippet:-1","max-image-preview":"max-image-preview:large","max-video-preview":"max-video-preview:-1"},"canonical":"https:\/\/www.wanhasatama.fi\/en\/pikkujoulutilat-helsingin-keskustassa\/","og_locale":"en_US","og_type":"article","og_title":"Pikkujoulutilat Helsingin keskustassa - El\u00e4mysten Wanha Satama","og_description":"Wanhan Sataman tapahtumissa catering palveluita tarjoaa Pro Ravintolat, joka vastaa samassa talossa sijaitsevan Soima Ravintolan toiminnasta.","og_url":"https:\/\/www.wanhasatama.fi\/en\/pikkujoulutilat-helsingin-keskustassa\/","og_site_name":"El\u00e4mysten Wanha Satama","article_modified_time":"2024-11-06T06:43:41+00:00","twitter_card":"summary_large_image","twitter_misc":{"Est. reading time":"1 minute"},"schema":{"@context":"https:\/\/schema.org","@graph":[{"@type":"WebPage","@id":"https:\/\/www.wanhasatama.fi\/pikkujoulutilat-helsingin-keskustassa\/","url":"https:\/\/www.wanhasatama.fi\/pikkujoulutilat-helsingin-keskustassa\/","name":"Pikkujoulutilat Helsingin keskustassa - El\u00e4mysten Wanha Satama","isPartOf":{"@id":"https:\/\/www.wanhasatama.fi\/#website"},"datePublished":"2024-11-04T09:27:39+00:00","dateModified":"2024-11-06T06:43:41+00:00","description":"Wanhan Sataman tapahtumissa catering palveluita tarjoaa Pro Ravintolat, joka vastaa samassa talossa sijaitsevan Soima Ravintolan toiminnasta.","breadcrumb":{"@id":"https:\/\/www.wanhasatama.fi\/pikkujoulutilat-helsingin-keskustassa\/#breadcrumb"},"inLanguage":"en-US","potentialAction":[{"@type":"ReadAction","target":["https:\/\/www.wanhasatama.fi\/pikkujoulutilat-helsingin-keskustassa\/"]}]},{"@type":"BreadcrumbList","@id":"https:\/\/www.wanhasatama.fi\/pikkujoulutilat-helsingin-keskustassa\/#breadcrumb","itemListElement":[{"@type":"ListItem","position":1,"name":"Home","item":"https:\/\/www.wanhasatama.fi\/"},{"@type":"ListItem","position":2,"name":"Pikkujoulutilat Helsingin keskustassa"}]},{"@type":"WebSite","@id":"https:\/\/www.wanhasatama.fi\/#website","url":"https:\/\/www.wanhasatama.fi\/","name":"Experience Wanha Satama","description":"","publisher":{"@id":"https:\/\/www.wanhasatama.fi\/#organization"},"potentialAction":[{"@type":"SearchAction","target":{"@type":"EntryPoint","urlTemplate":"https:\/\/www.wanhasatama.fi\/?s={search_term_string}"},"query-input":{"@type":"PropertyValueSpecification","valueRequired":true,"valueName":"search_term_string"}}],"inLanguage":"en-US"},{"@type":"Organization","@id":"https:\/\/www.wanhasatama.fi\/#organization","name":"Experience Wanha Satama","url":"https:\/\/www.wanhasatama.fi\/","logo":{"@type":"ImageObject","inLanguage":"en-US","@id":"https:\/\/www.wanhasatama.fi\/#\/schema\/logo\/image\/","url":"https:\/\/www.wanhasatama.fi\/wp-content\/uploads\/2021\/08\/logo200x200.png","contentUrl":"https:\/\/www.wanhasatama.fi\/wp-content\/uploads\/2021\/08\/logo200x200.png","width":200,"height":200,"caption":"El\u00e4mysten Wanha Satama"},"image":{"@id":"https:\/\/www.wanhasatama.fi\/#\/schema\/logo\/image\/"}}]}},"_links":{"self":[{"href":"https:\/\/www.wanhasatama.fi\/en\/wp-json\/wp\/v2\/pages\/4696","targetHints":{"allow":["GET"]}}],"collection":[{"href":"https:\/\/www.wanhasatama.fi\/en\/wp-json\/wp\/v2\/pages"}],"about":[{"href":"https:\/\/www.wanhasatama.fi\/en\/wp-json\/wp\/v2\/types\/page"}],"author":[{"embeddable":true,"href":"https:\/\/www.wanhasatama.fi\/en\/wp-json\/wp\/v2\/users\/14"}],"replies":[{"embeddable":true,"href":"https:\/\/www.wanhasatama.fi\/en\/wp-json\/wp\/v2\/comments?post=4696"}],"version-history":[{"count":5,"href":"https:\/\/www.wanhasatama.fi\/en\/wp-json\/wp\/v2\/pages\/4696\/revisions"}],"predecessor-version":[{"id":4904,"href":"https:\/\/www.wanhasatama.fi\/en\/wp-json\/wp\/v2\/pages\/4696\/revisions\/4904"}],"wp:attachment":[{"href":"https:\/\/www.wanhasatama.fi\/en\/wp-json\/wp\/v2\/media?parent=4696"}],"curies":[{"name":"wp","href":"https:\/\/api.w.org\/{rel}","templated":true}]}}