{"id":4480,"date":"2024-08-20T10:08:16","date_gmt":"2024-08-20T10:08:16","guid":{"rendered":"https:\/\/www.wanhasatama.fi\/?page_id=4480"},"modified":"2025-04-23T10:22:20","modified_gmt":"2025-04-23T10:22:20","slug":"wanha-satama-interactive-ja-zeroten-menivat-yhteen","status":"publish","type":"page","link":"https:\/\/www.wanhasatama.fi\/en\/wanha-satama-interactive-ja-zeroten-menivat-yhteen\/","title":{"rendered":"Wanha Satama Interactive ja Zeroten meniv\u00e4t yhteen"},"content":{"rendered":"<div data-elementor-type=\"wp-post\" data-elementor-id=\"4480\" class=\"elementor elementor-4480\" data-elementor-post-type=\"page\">\n\t\t\t\t\t\t<section class=\"elementor-section elementor-top-section elementor-element elementor-element-33a79095 elementor-section-boxed elementor-section-height-default elementor-section-height-default\" data-id=\"33a79095\" data-element_type=\"section\" data-e-type=\"section\" data-settings=\"{&quot;background_background&quot;:&quot;classic&quot;}\">\n\t\t\t\t\t\t\t<div class=\"elementor-background-overlay\"><\/div>\n\t\t\t\t\t\t\t<div class=\"elementor-container elementor-column-gap-default\">\n\t\t\t\t\t<div class=\"elementor-column elementor-col-33 elementor-top-column elementor-element elementor-element-b7194dc\" data-id=\"b7194dc\" data-element_type=\"column\" data-e-type=\"column\">\n\t\t\t<div class=\"elementor-widget-wrap\">\n\t\t\t\t\t\t\t<\/div>\n\t\t<\/div>\n\t\t\t\t<div class=\"elementor-column elementor-col-33 elementor-top-column elementor-element elementor-element-3706530d\" data-id=\"3706530d\" data-element_type=\"column\" data-e-type=\"column\">\n\t\t\t<div class=\"elementor-widget-wrap elementor-element-populated\">\n\t\t\t\t\t\t<div class=\"elementor-element elementor-element-537de1f elementor-widget elementor-widget-heading\" data-id=\"537de1f\" data-element_type=\"widget\" data-e-type=\"widget\" data-widget_type=\"heading.default\">\n\t\t\t\t\t<h1 class=\"elementor-heading-title elementor-size-default\">Wanha Satama Interactive ja Zeroten meniv\u00e4t yhteen<\/h1>\t\t\t\t<\/div>\n\t\t\t\t\t<\/div>\n\t\t<\/div>\n\t\t\t\t<div class=\"elementor-column elementor-col-33 elementor-top-column elementor-element elementor-element-4788e5dc\" data-id=\"4788e5dc\" data-element_type=\"column\" data-e-type=\"column\">\n\t\t\t<div class=\"elementor-widget-wrap\">\n\t\t\t\t\t\t\t<\/div>\n\t\t<\/div>\n\t\t\t\t\t<\/div>\n\t\t<\/section>\n\t\t\t\t<section class=\"elementor-section elementor-top-section elementor-element elementor-element-2dbed9a elementor-section-boxed elementor-section-height-default elementor-section-height-default\" data-id=\"2dbed9a\" data-element_type=\"section\" data-e-type=\"section\">\n\t\t\t\t\t\t<div class=\"elementor-container elementor-column-gap-default\">\n\t\t\t\t\t<div class=\"elementor-column elementor-col-100 elementor-top-column elementor-element elementor-element-1ca627b\" data-id=\"1ca627b\" data-element_type=\"column\" data-e-type=\"column\">\n\t\t\t<div class=\"elementor-widget-wrap elementor-element-populated\">\n\t\t\t\t\t\t<div class=\"elementor-element elementor-element-8dff22f elementor-widget elementor-widget-text-editor\" data-id=\"8dff22f\" data-element_type=\"widget\" data-e-type=\"widget\" data-widget_type=\"text-editor.default\">\n\t\t\t\t\t\t\t\t\t<h5 class=\"wp-block-heading\">Wanha Satama Interactive Oy sek\u00e4 Zeroten ovat tehneet liiketoimintakaupan, jonka my\u00f6t\u00e4 Wanhan Sataman tapahtumatoiminta on siirtynyt Zerotenille. Yhdistyminen synnytt\u00e4\u00e4 monipuolisen tapahtuma- ja markkinointipalveluja tarjoavan The Sataman, jonka tavoitteena on paitsi kasvattaa osapuolten nykyisi\u00e4 liiketoimintoja, my\u00f6s lanseerata uusia.<\/h5>\t\t\t\t\t\t\t\t<\/div>\n\t\t\t\t\t<\/div>\n\t\t<\/div>\n\t\t\t\t\t<\/div>\n\t\t<\/section>\n\t\t\t\t<section class=\"elementor-section elementor-top-section elementor-element elementor-element-5755511 elementor-section-boxed elementor-section-height-default elementor-section-height-default\" data-id=\"5755511\" data-element_type=\"section\" data-e-type=\"section\">\n\t\t\t\t\t\t<div class=\"elementor-container elementor-column-gap-default\">\n\t\t\t\t\t<div class=\"elementor-column elementor-col-100 elementor-top-column elementor-element elementor-element-1abd224\" data-id=\"1abd224\" data-element_type=\"column\" data-e-type=\"column\">\n\t\t\t<div class=\"elementor-widget-wrap elementor-element-populated\">\n\t\t\t\t\t\t<div class=\"elementor-element elementor-element-beb16c5 elementor-widget elementor-widget-text-editor\" data-id=\"beb16c5\" data-element_type=\"widget\" data-e-type=\"widget\" data-widget_type=\"text-editor.default\">\n\t\t\t\t\t\t\t\t\t<p>Kyseess\u00e4 on kahden hyvinvoivan ja vakiintuneen markkina-aseman saavuttaneen yrityksen strateginen yhteenly\u00f6tt\u00e4ytyminen, johon ovat ohjanneet yhdistymisen synergiaedut sek\u00e4 yhteinen tahtotila kasvuun ja uuden kehitt\u00e4miseen. Tapahtumatuotannon ja markkinoinnin lomittuminen toisiinsa sek\u00e4 osaamisen jakaminen hy\u00f6dytt\u00e4\u00e4 kumpaakin osapuolta mahdollistamalla kokonaisvaltaisemman sek\u00e4 innovatiivisemman palvelutarjonnan.<\/p><p>Wanhan Sataman tapahtumatuotanto tulee The Satama Oy:n toimitusjohtaja <strong>Pasi Miettisen<\/strong> mukaan muutoin pysym\u00e4\u00e4n l\u00e4hell\u00e4 nykyist\u00e4 sill\u00e4 erotuksella, ett\u00e4 jatkossa The Satama voi helpottaa asiakkaidensa arkea tarjoamalla tarvittaessa koko paketin tapahtumien suunnittelusta markkinointiin ja toteutukseen.<\/p><p>\u201dYhdistymisen my\u00f6t\u00e4 voimme tarjota nykyisille ja tuleville asiakkaillemme toteutuksia, joissa emme ole ainoastaan tapahtumatalo tai mainostoimisto, vaan kokonaisvaltainen kumppani kaikessa toteutuksessa. Olemme nyt huomattavasti vahvempia my\u00f6s omien tapahtumiemme toteutuksissa \u2013 haaste kun ei ole niink\u00e4\u00e4n onnistuneen tapahtuman j\u00e4rjest\u00e4minen, vaan ihmisten saaminen liikkeelle\u201d, toteaa Wanhan Sataman toimitusjohtaja\u00a0<strong>Jouni Varpelaide.<\/strong><\/p><p>Zeroten puolestaan hy\u00f6tyy uusista kumppanuuksista kuin my\u00f6s siit\u00e4, ett\u00e4 se pystyy tapahtuma- ja promootiotuotannon my\u00f6t\u00e4 tarjoamaan asiakkailleen entist\u00e4 kattavamman palveluvalikoiman ja uutta osaamista. T\u00e4ysin uudesta aluevaltauksesta ei kuitenkaan ole kyse, sill\u00e4 my\u00f6s Zeroten on jo entuudestaan kokenut tapahtumakokonaisuuksien ja -konseptien toteuttaja.<\/p><p>\u201cPelkk\u00e4 toimintojen yhdist\u00e4minen ei viel\u00e4 takaa hy\u00f6tyj\u00e4, vaan ihmiset toiminnan takana\u201d, toteaa Miettinen. \u201cOlemme tehneet yhteisty\u00f6t\u00e4 jo pitk\u00e4\u00e4n, ja tied\u00e4mme, ett\u00e4 yhteis\u00f6mme tulee rakentumaan yhteisty\u00f6hakuisista superammattilaisista, joilla on palava halu palvella ja tuoda markkinoille jotain uutta. Olemme varmasti yksi monipuolisimmista markkinointiviestint\u00e4palveluja tarjoavista taloista, vaikkemme kokomme puolesta 25 ty\u00f6ntekij\u00e4ll\u00e4 viel\u00e4 suuri olekaan.\u201d<\/p><h3 class=\"wp-block-heading\">Uudistuminen avain menestykseen<\/h3><p>Yhdistyminen tukee Miettisen mukaan paitsi asiakkaiden menestyst\u00e4 ja kasvua, my\u00f6s Zerotenin omaa kasvustrategiaa, jonka toteuttamista ovat haastaneet vaikeat ajat.<\/p><p>\u201cKoko markkinointiala on suurten muutosten \u00e4\u00e4rell\u00e4. Talouden tila heittelee alan yrityksi\u00e4 eri suuntiin, ja teko\u00e4ly tulee ravistelemaan nopealla aikataululla niin ty\u00f6tapoja kuin toiminta-alustojakin\u201d, Miettinen kertoo.<\/p><p>\u201cMy\u00f6s meid\u00e4n on muututtava \u2013 ja mieluiten etukenossa, kuten nyt teemme yhdist\u00e4m\u00e4ll\u00e4 markkinoinnin uudet tuulet el\u00e4myksellisyyteen. Ihmisi\u00e4 yhteen tuovat tapahtumat, tilaisuudet, messut, seminaarit, juhlat, el\u00e4mykset ja kokemukset ovat korvaamattomia ja niiden kysynt\u00e4 vastavetona kaikelle automaatiolle ja kasvottomuudelle on kasvamaan p\u00e4in. Ja koska nyt kyseess\u00e4 on kahden luovuudesta tunnetun yksik\u00f6n yhteenliittym\u00e4, on Wanhassa Satamassa odotettavissa jotain erilaista ja uutta\u201d, Miettinen lupaa. \u201dSanonta yhdess\u00e4 olemme enemm\u00e4n pit\u00e4\u00e4 nyt konkreettisesti paikkansa. Vuodelle 2025 se tarkoittaa meill\u00e4 noin 4M \u20ac liikevaihtoa ja tyytyv\u00e4isi\u00e4 asiakkaita monelta eri alalta.\u201d<\/p><h3 class=\"wp-block-heading\">Taustatietoa<\/h3><p>Vuonna 2018 tapahtumatoiminnan Wanhassa Satamassa aloittanut Wanha Satama Interactive Oy on helsinkil\u00e4inen tapahtumatuottaja, -konseptoija sek\u00e4 tilojen vuokraaja, jonka tapahtumat j\u00e4rjestet\u00e4\u00e4n p\u00e4\u00e4s\u00e4\u00e4nt\u00f6isesti Katajanokan Wanhan Sataman makasiineissa. Yrityksen liikevaihto oli vuonna 2023 noin 2,2M \u20ac. Yrityksen toimitusjohtaja Jouni Varpelaide siirtyy The Satama Oy:n hallituksen puheenjohtajaksi.<\/p><p>Vuonna 2013 perustettu Zeroten Oy on Vantaalta k\u00e4sin toimiva markkinointiviestint\u00e4- ja mainostoimisto, jonka valtteina ovat vahva asiakasymm\u00e4rrys ja liiketoimintakokemus yhdistettyn\u00e4 vankkaan teknologiaosaamiseen. Yrityksen liikevaihto oli vuonna 2023 noin 1M \u20ac. Yrityksen toimitusjohtaja Pasi Miettinen jatkaa nyt muodostetun The Sataman sek\u00e4 sen liiketoimintayksik\u00f6iden toimitusjohtajana.<\/p>\t\t\t\t\t\t\t\t<\/div>\n\t\t\t\t<div class=\"elementor-element elementor-element-29cbc4a elementor-widget elementor-widget-heading\" data-id=\"29cbc4a\" data-element_type=\"widget\" data-e-type=\"widget\" data-widget_type=\"heading.default\">\n\t\t\t\t\t<h3 class=\"elementor-heading-title elementor-size-default\">Yhteyshenkil\u00f6t<\/h3>\t\t\t\t<\/div>\n\t\t\t\t<div class=\"elementor-element elementor-element-9b4c3e1 elementor-position-left elementor-vertical-align-top elementor-widget elementor-widget-image-box\" data-id=\"9b4c3e1\" data-element_type=\"widget\" data-e-type=\"widget\" data-widget_type=\"image-box.default\">\n\t\t\t\t\t<div class=\"elementor-image-box-wrapper\"><figure class=\"elementor-image-box-img\"><img fetchpriority=\"high\" decoding=\"async\" width=\"1365\" height=\"2048\" src=\"https:\/\/www.wanhasatama.fi\/wp-content\/uploads\/2024\/08\/Pasi-Miettinen-CEO.jpg\" class=\"attachment-full size-full wp-image-4491\" alt=\"\" srcset=\"https:\/\/www.wanhasatama.fi\/wp-content\/uploads\/2024\/08\/Pasi-Miettinen-CEO.jpg 1365w, https:\/\/www.wanhasatama.fi\/wp-content\/uploads\/2024\/08\/Pasi-Miettinen-CEO-200x300.jpg 200w, https:\/\/www.wanhasatama.fi\/wp-content\/uploads\/2024\/08\/Pasi-Miettinen-CEO-683x1024.jpg 683w, https:\/\/www.wanhasatama.fi\/wp-content\/uploads\/2024\/08\/Pasi-Miettinen-CEO-768x1152.jpg 768w, https:\/\/www.wanhasatama.fi\/wp-content\/uploads\/2024\/08\/Pasi-Miettinen-CEO-1024x1536.jpg 1024w, https:\/\/www.wanhasatama.fi\/wp-content\/uploads\/2024\/08\/Pasi-Miettinen-CEO-8x12.jpg 8w\" sizes=\"(max-width: 1365px) 100vw, 1365px\" \/><\/figure><div class=\"elementor-image-box-content\"><h3 class=\"elementor-image-box-title\">Pasi Miettinen<\/h3><p class=\"elementor-image-box-description\">Toimitusjohtaja<br>\nThe Satama Oy<br>\nPuh:  +358 40 519 8451<br>\npasi.miettinen@thesatama.fi<\/p><\/div><\/div>\t\t\t\t<\/div>\n\t\t\t\t<div class=\"elementor-element elementor-element-024b33f elementor-position-left elementor-vertical-align-top elementor-widget elementor-widget-image-box\" data-id=\"024b33f\" data-element_type=\"widget\" data-e-type=\"widget\" data-widget_type=\"image-box.default\">\n\t\t\t\t\t<div class=\"elementor-image-box-wrapper\"><figure class=\"elementor-image-box-img\"><img decoding=\"async\" width=\"1365\" height=\"2048\" src=\"https:\/\/www.wanhasatama.fi\/wp-content\/uploads\/2024\/08\/Jouni-Varpelaide-Operative-Partner.jpg\" class=\"attachment-full size-full wp-image-4495\" alt=\"\" srcset=\"https:\/\/www.wanhasatama.fi\/wp-content\/uploads\/2024\/08\/Jouni-Varpelaide-Operative-Partner.jpg 1365w, https:\/\/www.wanhasatama.fi\/wp-content\/uploads\/2024\/08\/Jouni-Varpelaide-Operative-Partner-200x300.jpg 200w, https:\/\/www.wanhasatama.fi\/wp-content\/uploads\/2024\/08\/Jouni-Varpelaide-Operative-Partner-683x1024.jpg 683w, https:\/\/www.wanhasatama.fi\/wp-content\/uploads\/2024\/08\/Jouni-Varpelaide-Operative-Partner-768x1152.jpg 768w, https:\/\/www.wanhasatama.fi\/wp-content\/uploads\/2024\/08\/Jouni-Varpelaide-Operative-Partner-1024x1536.jpg 1024w, https:\/\/www.wanhasatama.fi\/wp-content\/uploads\/2024\/08\/Jouni-Varpelaide-Operative-Partner-8x12.jpg 8w\" sizes=\"(max-width: 1365px) 100vw, 1365px\" \/><\/figure><div class=\"elementor-image-box-content\"><h3 class=\"elementor-image-box-title\">Jouni Varpelaide<\/h3><p class=\"elementor-image-box-description\">Operative Partner<br>\nThe Satama Oy<br>\nPuh: +358 40 043 7874<br>\njouni.varpelaide@thesatama.fi<\/p><\/div><\/div>\t\t\t\t<\/div>\n\t\t\t\t\t<\/div>\n\t\t<\/div>\n\t\t\t\t\t<\/div>\n\t\t<\/section>\n\t\t\t\t<\/div>","protected":false},"excerpt":{"rendered":"<p>Wanha Satama Interactive ja Zeroten meniv\u00e4t yhteen Wanha Satama Interactive Oy sek\u00e4 Zeroten ovat tehneet liiketoimintakaupan, jonka my\u00f6t\u00e4 Wanhan Sataman tapahtumatoiminta on siirtynyt Zerotenille. Yhdistyminen synnytt\u00e4\u00e4 monipuolisen tapahtuma- ja markkinointipalveluja tarjoavan The Sataman, jonka tavoitteena on paitsi kasvattaa osapuolten nykyisi\u00e4 liiketoimintoja, my\u00f6s lanseerata uusia. Kyseess\u00e4 on kahden hyvinvoivan ja vakiintuneen markkina-aseman saavuttaneen yrityksen strateginen yhteenly\u00f6tt\u00e4ytyminen, [&hellip;]<\/p>\n","protected":false},"author":2,"featured_media":0,"parent":0,"menu_order":0,"comment_status":"closed","ping_status":"closed","template":"","meta":{"_improvement_type_select":"improve_an_existing","_thumb_yes_seoaic":false,"_frame_yes_seoaic":false,"seoaic_generate_description":"","seoaic_improve_instructions_prompt":"","seoaic_rollback_content_improvement":"","seoaic_idea_thumbnail_generator":"","thumbnail_generated":false,"thumbnail_generate_prompt":"","seoaic_article_description":"","site-sidebar-layout":"no-sidebar","site-content-layout":"page-builder","ast-site-content-layout":"full-width-container","site-content-style":"unboxed","site-sidebar-style":"unboxed","ast-global-header-display":"","ast-banner-title-visibility":"","ast-main-header-display":"","ast-hfb-above-header-display":"","ast-hfb-below-header-display":"","ast-hfb-mobile-header-display":"","site-post-title":"disabled","ast-breadcrumbs-content":"","ast-featured-img":"disabled","footer-sml-layout":"","ast-disable-related-posts":"","theme-transparent-header-meta":"enabled","adv-header-id-meta":"","stick-header-meta":"","header-above-stick-meta":"","header-main-stick-meta":"","header-below-stick-meta":"","astra-migrate-meta-layouts":"set","ast-page-background-enabled":"default","ast-page-background-meta":{"desktop":{"background-color":"","background-image":"","background-repeat":"repeat","background-position":"center center","background-size":"auto","background-attachment":"scroll","background-type":"","background-media":"","overlay-type":"","overlay-color":"","overlay-opacity":"","overlay-gradient":""},"tablet":{"background-color":"","background-image":"","background-repeat":"repeat","background-position":"center center","background-size":"auto","background-attachment":"scroll","background-type":"","background-media":"","overlay-type":"","overlay-color":"","overlay-opacity":"","overlay-gradient":""},"mobile":{"background-color":"","background-image":"","background-repeat":"repeat","background-position":"center center","background-size":"auto","background-attachment":"scroll","background-type":"","background-media":"","overlay-type":"","overlay-color":"","overlay-opacity":"","overlay-gradient":""}},"ast-content-background-meta":{"desktop":{"background-color":"var(--ast-global-color-5)","background-image":"","background-repeat":"repeat","background-position":"center center","background-size":"auto","background-attachment":"scroll","background-type":"","background-media":"","overlay-type":"","overlay-color":"","overlay-opacity":"","overlay-gradient":""},"tablet":{"background-color":"var(--ast-global-color-5)","background-image":"","background-repeat":"repeat","background-position":"center center","background-size":"auto","background-attachment":"scroll","background-type":"","background-media":"","overlay-type":"","overlay-color":"","overlay-opacity":"","overlay-gradient":""},"mobile":{"background-color":"var(--ast-global-color-5)","background-image":"","background-repeat":"repeat","background-position":"center center","background-size":"auto","background-attachment":"scroll","background-type":"","background-media":"","overlay-type":"","overlay-color":"","overlay-opacity":"","overlay-gradient":""}},"footnotes":""},"class_list":["post-4480","page","type-page","status-publish","hentry"],"yoast_head":"<!-- This site is optimized with the Yoast SEO plugin v27.4 - https:\/\/yoast.com\/product\/yoast-seo-wordpress\/ -->\n<title>Wanha Satama Interactive ja Zeroten meniv\u00e4t yhteen - El\u00e4mysten Wanha Satama<\/title>\n<meta name=\"description\" content=\"Target palvelee Wanhan Sataman asiakkaita ketter\u00e4sti mainonnan kaikilla osa-alueilla. T\u00e4ht\u00e4imess\u00e4 palvelu.\" \/>\n<meta name=\"robots\" content=\"index, follow, max-snippet:-1, max-image-preview:large, max-video-preview:-1\" \/>\n<link rel=\"canonical\" href=\"https:\/\/www.wanhasatama.fi\/en\/wanha-satama-interactive-ja-zeroten-menivat-yhteen\/\" \/>\n<meta property=\"og:locale\" content=\"en_US\" \/>\n<meta property=\"og:type\" content=\"article\" \/>\n<meta property=\"og:title\" content=\"Wanha Satama Interactive ja Zeroten meniv\u00e4t yhteen - El\u00e4mysten Wanha Satama\" \/>\n<meta property=\"og:description\" content=\"Target palvelee Wanhan Sataman asiakkaita ketter\u00e4sti mainonnan kaikilla osa-alueilla. T\u00e4ht\u00e4imess\u00e4 palvelu.\" \/>\n<meta property=\"og:url\" content=\"https:\/\/www.wanhasatama.fi\/en\/wanha-satama-interactive-ja-zeroten-menivat-yhteen\/\" \/>\n<meta property=\"og:site_name\" content=\"El\u00e4mysten Wanha Satama\" \/>\n<meta property=\"article:modified_time\" content=\"2025-04-23T10:22:20+00:00\" \/>\n<meta property=\"og:image\" content=\"https:\/\/www.wanhasatama.fi\/wp-content\/uploads\/2024\/08\/Pasi-Miettinen-CEO.jpg\" \/>\n\t<meta property=\"og:image:width\" content=\"1365\" \/>\n\t<meta property=\"og:image:height\" content=\"2048\" \/>\n\t<meta property=\"og:image:type\" content=\"image\/jpeg\" \/>\n<meta name=\"twitter:card\" content=\"summary_large_image\" \/>\n<meta name=\"twitter:label1\" content=\"Est. reading time\" \/>\n\t<meta name=\"twitter:data1\" content=\"3 minutes\" \/>\n<script type=\"application\/ld+json\" class=\"yoast-schema-graph\">{\"@context\":\"https:\\\/\\\/schema.org\",\"@graph\":[{\"@type\":\"WebPage\",\"@id\":\"https:\\\/\\\/www.wanhasatama.fi\\\/wanha-satama-interactive-ja-zeroten-menivat-yhteen\\\/\",\"url\":\"https:\\\/\\\/www.wanhasatama.fi\\\/wanha-satama-interactive-ja-zeroten-menivat-yhteen\\\/\",\"name\":\"Wanha Satama Interactive ja Zeroten meniv\u00e4t yhteen - El\u00e4mysten Wanha Satama\",\"isPartOf\":{\"@id\":\"https:\\\/\\\/www.wanhasatama.fi\\\/#website\"},\"primaryImageOfPage\":{\"@id\":\"https:\\\/\\\/www.wanhasatama.fi\\\/wanha-satama-interactive-ja-zeroten-menivat-yhteen\\\/#primaryimage\"},\"image\":{\"@id\":\"https:\\\/\\\/www.wanhasatama.fi\\\/wanha-satama-interactive-ja-zeroten-menivat-yhteen\\\/#primaryimage\"},\"thumbnailUrl\":\"https:\\\/\\\/www.wanhasatama.fi\\\/wp-content\\\/uploads\\\/2024\\\/08\\\/Pasi-Miettinen-CEO.jpg\",\"datePublished\":\"2024-08-20T10:08:16+00:00\",\"dateModified\":\"2025-04-23T10:22:20+00:00\",\"description\":\"Target palvelee Wanhan Sataman asiakkaita ketter\u00e4sti mainonnan kaikilla osa-alueilla. T\u00e4ht\u00e4imess\u00e4 palvelu.\",\"breadcrumb\":{\"@id\":\"https:\\\/\\\/www.wanhasatama.fi\\\/wanha-satama-interactive-ja-zeroten-menivat-yhteen\\\/#breadcrumb\"},\"inLanguage\":\"en-US\",\"potentialAction\":[{\"@type\":\"ReadAction\",\"target\":[\"https:\\\/\\\/www.wanhasatama.fi\\\/wanha-satama-interactive-ja-zeroten-menivat-yhteen\\\/\"]}]},{\"@type\":\"ImageObject\",\"inLanguage\":\"en-US\",\"@id\":\"https:\\\/\\\/www.wanhasatama.fi\\\/wanha-satama-interactive-ja-zeroten-menivat-yhteen\\\/#primaryimage\",\"url\":\"https:\\\/\\\/www.wanhasatama.fi\\\/wp-content\\\/uploads\\\/2024\\\/08\\\/Pasi-Miettinen-CEO.jpg\",\"contentUrl\":\"https:\\\/\\\/www.wanhasatama.fi\\\/wp-content\\\/uploads\\\/2024\\\/08\\\/Pasi-Miettinen-CEO.jpg\"},{\"@type\":\"BreadcrumbList\",\"@id\":\"https:\\\/\\\/www.wanhasatama.fi\\\/wanha-satama-interactive-ja-zeroten-menivat-yhteen\\\/#breadcrumb\",\"itemListElement\":[{\"@type\":\"ListItem\",\"position\":1,\"name\":\"Home\",\"item\":\"https:\\\/\\\/www.wanhasatama.fi\\\/\"},{\"@type\":\"ListItem\",\"position\":2,\"name\":\"Wanha Satama Interactive ja Zeroten meniv\u00e4t yhteen\"}]},{\"@type\":\"WebSite\",\"@id\":\"https:\\\/\\\/www.wanhasatama.fi\\\/#website\",\"url\":\"https:\\\/\\\/www.wanhasatama.fi\\\/\",\"name\":\"El\u00e4mysten Wanha Satama\",\"description\":\"\",\"publisher\":{\"@id\":\"https:\\\/\\\/www.wanhasatama.fi\\\/#organization\"},\"potentialAction\":[{\"@type\":\"SearchAction\",\"target\":{\"@type\":\"EntryPoint\",\"urlTemplate\":\"https:\\\/\\\/www.wanhasatama.fi\\\/?s={search_term_string}\"},\"query-input\":{\"@type\":\"PropertyValueSpecification\",\"valueRequired\":true,\"valueName\":\"search_term_string\"}}],\"inLanguage\":\"en-US\"},{\"@type\":\"Organization\",\"@id\":\"https:\\\/\\\/www.wanhasatama.fi\\\/#organization\",\"name\":\"El\u00e4mysten Wanha Satama\",\"url\":\"https:\\\/\\\/www.wanhasatama.fi\\\/\",\"logo\":{\"@type\":\"ImageObject\",\"inLanguage\":\"en-US\",\"@id\":\"https:\\\/\\\/www.wanhasatama.fi\\\/#\\\/schema\\\/logo\\\/image\\\/\",\"url\":\"https:\\\/\\\/www.wanhasatama.fi\\\/wp-content\\\/uploads\\\/2021\\\/08\\\/logo200x200.png\",\"contentUrl\":\"https:\\\/\\\/www.wanhasatama.fi\\\/wp-content\\\/uploads\\\/2021\\\/08\\\/logo200x200.png\",\"width\":200,\"height\":200,\"caption\":\"El\u00e4mysten Wanha Satama\"},\"image\":{\"@id\":\"https:\\\/\\\/www.wanhasatama.fi\\\/#\\\/schema\\\/logo\\\/image\\\/\"}}]}<\/script>\n<!-- \/ Yoast SEO plugin. -->","yoast_head_json":{"title":"Wanha Satama Interactive ja Zeroten meniv\u00e4t yhteen - El\u00e4mysten Wanha Satama","description":"Target palvelee Wanhan Sataman asiakkaita ketter\u00e4sti mainonnan kaikilla osa-alueilla. T\u00e4ht\u00e4imess\u00e4 palvelu.","robots":{"index":"index","follow":"follow","max-snippet":"max-snippet:-1","max-image-preview":"max-image-preview:large","max-video-preview":"max-video-preview:-1"},"canonical":"https:\/\/www.wanhasatama.fi\/en\/wanha-satama-interactive-ja-zeroten-menivat-yhteen\/","og_locale":"en_US","og_type":"article","og_title":"Wanha Satama Interactive ja Zeroten meniv\u00e4t yhteen - El\u00e4mysten Wanha Satama","og_description":"Target palvelee Wanhan Sataman asiakkaita ketter\u00e4sti mainonnan kaikilla osa-alueilla. T\u00e4ht\u00e4imess\u00e4 palvelu.","og_url":"https:\/\/www.wanhasatama.fi\/en\/wanha-satama-interactive-ja-zeroten-menivat-yhteen\/","og_site_name":"El\u00e4mysten Wanha Satama","article_modified_time":"2025-04-23T10:22:20+00:00","og_image":[{"width":1365,"height":2048,"url":"https:\/\/www.wanhasatama.fi\/wp-content\/uploads\/2024\/08\/Pasi-Miettinen-CEO.jpg","type":"image\/jpeg"}],"twitter_card":"summary_large_image","twitter_misc":{"Est. reading time":"3 minutes"},"schema":{"@context":"https:\/\/schema.org","@graph":[{"@type":"WebPage","@id":"https:\/\/www.wanhasatama.fi\/wanha-satama-interactive-ja-zeroten-menivat-yhteen\/","url":"https:\/\/www.wanhasatama.fi\/wanha-satama-interactive-ja-zeroten-menivat-yhteen\/","name":"Wanha Satama Interactive ja Zeroten meniv\u00e4t yhteen - El\u00e4mysten Wanha Satama","isPartOf":{"@id":"https:\/\/www.wanhasatama.fi\/#website"},"primaryImageOfPage":{"@id":"https:\/\/www.wanhasatama.fi\/wanha-satama-interactive-ja-zeroten-menivat-yhteen\/#primaryimage"},"image":{"@id":"https:\/\/www.wanhasatama.fi\/wanha-satama-interactive-ja-zeroten-menivat-yhteen\/#primaryimage"},"thumbnailUrl":"https:\/\/www.wanhasatama.fi\/wp-content\/uploads\/2024\/08\/Pasi-Miettinen-CEO.jpg","datePublished":"2024-08-20T10:08:16+00:00","dateModified":"2025-04-23T10:22:20+00:00","description":"Target palvelee Wanhan Sataman asiakkaita ketter\u00e4sti mainonnan kaikilla osa-alueilla. T\u00e4ht\u00e4imess\u00e4 palvelu.","breadcrumb":{"@id":"https:\/\/www.wanhasatama.fi\/wanha-satama-interactive-ja-zeroten-menivat-yhteen\/#breadcrumb"},"inLanguage":"en-US","potentialAction":[{"@type":"ReadAction","target":["https:\/\/www.wanhasatama.fi\/wanha-satama-interactive-ja-zeroten-menivat-yhteen\/"]}]},{"@type":"ImageObject","inLanguage":"en-US","@id":"https:\/\/www.wanhasatama.fi\/wanha-satama-interactive-ja-zeroten-menivat-yhteen\/#primaryimage","url":"https:\/\/www.wanhasatama.fi\/wp-content\/uploads\/2024\/08\/Pasi-Miettinen-CEO.jpg","contentUrl":"https:\/\/www.wanhasatama.fi\/wp-content\/uploads\/2024\/08\/Pasi-Miettinen-CEO.jpg"},{"@type":"BreadcrumbList","@id":"https:\/\/www.wanhasatama.fi\/wanha-satama-interactive-ja-zeroten-menivat-yhteen\/#breadcrumb","itemListElement":[{"@type":"ListItem","position":1,"name":"Home","item":"https:\/\/www.wanhasatama.fi\/"},{"@type":"ListItem","position":2,"name":"Wanha Satama Interactive ja Zeroten meniv\u00e4t yhteen"}]},{"@type":"WebSite","@id":"https:\/\/www.wanhasatama.fi\/#website","url":"https:\/\/www.wanhasatama.fi\/","name":"Experience Wanha Satama","description":"","publisher":{"@id":"https:\/\/www.wanhasatama.fi\/#organization"},"potentialAction":[{"@type":"SearchAction","target":{"@type":"EntryPoint","urlTemplate":"https:\/\/www.wanhasatama.fi\/?s={search_term_string}"},"query-input":{"@type":"PropertyValueSpecification","valueRequired":true,"valueName":"search_term_string"}}],"inLanguage":"en-US"},{"@type":"Organization","@id":"https:\/\/www.wanhasatama.fi\/#organization","name":"Experience Wanha Satama","url":"https:\/\/www.wanhasatama.fi\/","logo":{"@type":"ImageObject","inLanguage":"en-US","@id":"https:\/\/www.wanhasatama.fi\/#\/schema\/logo\/image\/","url":"https:\/\/www.wanhasatama.fi\/wp-content\/uploads\/2021\/08\/logo200x200.png","contentUrl":"https:\/\/www.wanhasatama.fi\/wp-content\/uploads\/2021\/08\/logo200x200.png","width":200,"height":200,"caption":"El\u00e4mysten Wanha Satama"},"image":{"@id":"https:\/\/www.wanhasatama.fi\/#\/schema\/logo\/image\/"}}]}},"_links":{"self":[{"href":"https:\/\/www.wanhasatama.fi\/en\/wp-json\/wp\/v2\/pages\/4480","targetHints":{"allow":["GET"]}}],"collection":[{"href":"https:\/\/www.wanhasatama.fi\/en\/wp-json\/wp\/v2\/pages"}],"about":[{"href":"https:\/\/www.wanhasatama.fi\/en\/wp-json\/wp\/v2\/types\/page"}],"author":[{"embeddable":true,"href":"https:\/\/www.wanhasatama.fi\/en\/wp-json\/wp\/v2\/users\/2"}],"replies":[{"embeddable":true,"href":"https:\/\/www.wanhasatama.fi\/en\/wp-json\/wp\/v2\/comments?post=4480"}],"version-history":[{"count":5,"href":"https:\/\/www.wanhasatama.fi\/en\/wp-json\/wp\/v2\/pages\/4480\/revisions"}],"predecessor-version":[{"id":5271,"href":"https:\/\/www.wanhasatama.fi\/en\/wp-json\/wp\/v2\/pages\/4480\/revisions\/5271"}],"wp:attachment":[{"href":"https:\/\/www.wanhasatama.fi\/en\/wp-json\/wp\/v2\/media?parent=4480"}],"curies":[{"name":"wp","href":"https:\/\/api.w.org\/{rel}","templated":true}]}}