{"id":3645,"date":"2023-09-20T12:16:50","date_gmt":"2023-09-20T12:16:50","guid":{"rendered":"https:\/\/www.wanhasatama.fi\/?page_id=3645"},"modified":"2023-09-20T12:21:43","modified_gmt":"2023-09-20T12:21:43","slug":"arvonnan-saannot","status":"publish","type":"page","link":"https:\/\/www.wanhasatama.fi\/en\/arvonnan-saannot\/","title":{"rendered":"Arvonnan s\u00e4\u00e4nn\u00f6t"},"content":{"rendered":"<div data-elementor-type=\"wp-post\" data-elementor-id=\"3645\" class=\"elementor elementor-3645\" data-elementor-post-type=\"page\">\n\t\t\t\t\t\t<section class=\"elementor-section elementor-top-section elementor-element elementor-element-33a79095 elementor-section-boxed elementor-section-height-default elementor-section-height-default\" data-id=\"33a79095\" data-element_type=\"section\" data-e-type=\"section\" data-settings=\"{&quot;background_background&quot;:&quot;classic&quot;}\">\n\t\t\t\t\t\t\t<div class=\"elementor-background-overlay\"><\/div>\n\t\t\t\t\t\t\t<div class=\"elementor-container elementor-column-gap-default\">\n\t\t\t\t\t<div class=\"elementor-column elementor-col-33 elementor-top-column elementor-element elementor-element-b7194dc\" data-id=\"b7194dc\" data-element_type=\"column\" data-e-type=\"column\">\n\t\t\t<div class=\"elementor-widget-wrap\">\n\t\t\t\t\t\t\t<\/div>\n\t\t<\/div>\n\t\t\t\t<div class=\"elementor-column elementor-col-33 elementor-top-column elementor-element elementor-element-3706530d\" data-id=\"3706530d\" data-element_type=\"column\" data-e-type=\"column\">\n\t\t\t<div class=\"elementor-widget-wrap elementor-element-populated\">\n\t\t\t\t\t\t<div class=\"elementor-element elementor-element-537de1f elementor-widget elementor-widget-heading\" data-id=\"537de1f\" data-element_type=\"widget\" data-e-type=\"widget\" data-widget_type=\"heading.default\">\n\t\t\t\t\t<h1 class=\"elementor-heading-title elementor-size-default\">Arvonnan s\u00e4\u00e4nn\u00f6t<\/h1>\t\t\t\t<\/div>\n\t\t\t\t\t<\/div>\n\t\t<\/div>\n\t\t\t\t<div class=\"elementor-column elementor-col-33 elementor-top-column elementor-element elementor-element-4788e5dc\" data-id=\"4788e5dc\" data-element_type=\"column\" data-e-type=\"column\">\n\t\t\t<div class=\"elementor-widget-wrap\">\n\t\t\t\t\t\t\t<\/div>\n\t\t<\/div>\n\t\t\t\t\t<\/div>\n\t\t<\/section>\n\t\t\t\t<section class=\"elementor-section elementor-top-section elementor-element elementor-element-2dbed9a elementor-section-boxed elementor-section-height-default elementor-section-height-default\" data-id=\"2dbed9a\" data-element_type=\"section\" data-e-type=\"section\">\n\t\t\t\t\t\t<div class=\"elementor-container elementor-column-gap-default\">\n\t\t\t\t\t<div class=\"elementor-column elementor-col-33 elementor-top-column elementor-element elementor-element-c54645a\" data-id=\"c54645a\" data-element_type=\"column\" data-e-type=\"column\">\n\t\t\t<div class=\"elementor-widget-wrap\">\n\t\t\t\t\t\t\t<\/div>\n\t\t<\/div>\n\t\t\t\t<div class=\"elementor-column elementor-col-33 elementor-top-column elementor-element elementor-element-1ca627b\" data-id=\"1ca627b\" data-element_type=\"column\" data-e-type=\"column\">\n\t\t\t<div class=\"elementor-widget-wrap elementor-element-populated\">\n\t\t\t\t\t\t<div class=\"elementor-element elementor-element-42fd904 elementor-widget elementor-widget-heading\" data-id=\"42fd904\" data-element_type=\"widget\" data-e-type=\"widget\" data-widget_type=\"heading.default\">\n\t\t\t\t\t<h2 class=\"elementor-heading-title elementor-size-default\">ARVONNAN S\u00c4\u00c4NN\u00d6T<\/h2>\t\t\t\t<\/div>\n\t\t\t\t<div class=\"elementor-element elementor-element-432499d elementor-widget-divider--view-line elementor-widget elementor-widget-divider\" data-id=\"432499d\" data-element_type=\"widget\" data-e-type=\"widget\" data-widget_type=\"divider.default\">\n\t\t\t\t\t\t\t<div class=\"elementor-divider\">\n\t\t\t<span class=\"elementor-divider-separator\">\n\t\t\t\t\t\t<\/span>\n\t\t<\/div>\n\t\t\t\t\t\t<\/div>\n\t\t\t\t\t<\/div>\n\t\t<\/div>\n\t\t\t\t<div class=\"elementor-column elementor-col-33 elementor-top-column elementor-element elementor-element-92a5c23\" data-id=\"92a5c23\" data-element_type=\"column\" data-e-type=\"column\">\n\t\t\t<div class=\"elementor-widget-wrap\">\n\t\t\t\t\t\t\t<\/div>\n\t\t<\/div>\n\t\t\t\t\t<\/div>\n\t\t<\/section>\n\t\t\t\t<section class=\"elementor-section elementor-inner-section elementor-element elementor-element-d6c60ea elementor-section-boxed elementor-section-height-default elementor-section-height-default\" data-id=\"d6c60ea\" data-element_type=\"section\" data-e-type=\"section\">\n\t\t\t\t\t\t<div class=\"elementor-container elementor-column-gap-default\">\n\t\t\t\t\t<div class=\"elementor-column elementor-col-100 elementor-inner-column elementor-element elementor-element-97ec33d\" data-id=\"97ec33d\" data-element_type=\"column\" data-e-type=\"column\">\n\t\t\t<div class=\"elementor-widget-wrap elementor-element-populated\">\n\t\t\t\t\t\t<div class=\"elementor-element elementor-element-c601554 elementor-widget elementor-widget-text-editor\" data-id=\"c601554\" data-element_type=\"widget\" data-e-type=\"widget\" data-widget_type=\"text-editor.default\">\n\t\t\t\t\t\t\t\t\t<p><strong> 1. J\u00e4rjest\u00e4j\u00e4<\/strong><br \/>El\u00e4mysten tapahtumatalon Wanhan Sataman toimintaan liittyv\u00e4n markkinoinnin yhteydess\u00e4 toteutettavien arvontojen j\u00e4rjest\u00e4j\u00e4n\u00e4 toimii Wanha Satama Interactive Oy (WSI), Pikku Satamakatu 3-5, 00160 Helsinki. Y-tunnus: 2066071-9, kotipaikka Helsinki.<br \/><br \/><strong> 2. Arvonnan tai kilpailun alkamis- ja p\u00e4\u00e4ttymisaika<\/strong><strong>.<\/strong><br \/>Arvontaan voi osallistua arvonnan julkaisussa ilmoitettavana osallistumisaikana ja arvonta suoritetaan arvonnan julkaisuilmoituksessa mainittuna ajankohtana.<br \/><br \/><\/p><p><strong> 3. Osallistumisoikeus<\/strong><br \/>Palkintojen arvontaan voivat osallistua kaikki Suomessa asuvat luonnolliset henkil\u00f6t, jotka ovat t\u00e4ytt\u00e4neet 18 vuotta ja sit\u00e4 nuoremmat, mik\u00e4li osallistujalla on huoltajan lupa. Niill\u00e4 j\u00e4rjest\u00e4j\u00e4n ty\u00f6ntekij\u00f6ill\u00e4, jotka ovat osallistuneet kilpailun tai sen osien valmisteluun tai toteuttamiseen, ei ole osallistumisoikeutta.<\/p><p><em>Facebook-arvontaan osallistumisen ehdot:<br \/><\/em>Tykk\u00e4\u00e4 Wanhan Sataman Facebook-sivusta (facebook.com\/wanhasatamafi) ja kommentoi arvonnan julkaisua.<\/p><p><em>Instagram-arvontaan osallistumisen ehdot:<br \/><\/em>Tykk\u00e4\u00e4 Wanhan Sataman Instagram-sivusta (instagram.com\/wanha_satama) ja kommentoi arvonnan julkaisua.<\/p><p>J\u00e4rjest\u00e4j\u00e4ll\u00e4 on oikeus j\u00e4tt\u00e4\u00e4 noteeraamatta sellaiset arvontaan osallistumiset, joita ei ole tehty n\u00e4iden ehtojen mukaisesti.<\/p><p><strong> 4. Palkinnot<\/strong><br \/>Osallistuneiden kesken arvotaan kulloinkin arvonnassa ilmoitetut palkinnot.<br \/><br \/><\/p><p><strong> 5. Voittajien valinta ja julkistus<\/strong><br \/>Voittaja arvotaan satunnaisesti osallistuneiden joukosta ja siit\u00e4 ilmoitetaan samoissa kanavissa, joissa arvonta on julkaistu, Facebookissa tai Instagramissa arvontapostauksen kommenttiosiossa.<\/p><p>Lis\u00e4ksi voitosta ilmoitetaan voittajille henkil\u00f6kohtaisesti yksityisviestill\u00e4 Facebookissa tai Instagramissa. T\u00e4ss\u00e4 yhteydess\u00e4 voittajan tulee toimittaa j\u00e4rjest\u00e4j\u00e4lle osoitteensa ja puhelinnumeronsa palkinnon l\u00e4hett\u00e4mist\u00e4 varten. Mik\u00e4li j\u00e4rjest\u00e4j\u00e4 ei tavoita voittajaa tai voittaja ei toimita yhteystietojaan 8 p\u00e4iv\u00e4n sis\u00e4ll\u00e4 yhteydenotosta, voittajan tilalle arvotaan uusi voittaja.<\/p><p><strong> 6. Rekisteritiedot<\/strong><br \/>Osallistujan antamia nimi- ja yhteystietoja k\u00e4ytet\u00e4\u00e4n ainoastaan arvonnan voittajan valintaan, siit\u00e4 tiedottamiseen ja palkinnon toimittamiseen. Katso tarkemmin WSI:n tietosuojak\u00e4yt\u00e4nt\u00f6. Osallistujan antamia tietoja ei k\u00e4ytet\u00e4 eik\u00e4 luovuteta suoramarkkinointitarkoituksiin ilman osallistujan antamaa erillist\u00e4 suostumusta.<br \/><br \/><\/p><p><strong> 7. Instagramin ja Facebookin tai muun median vastuuvapaus<\/strong><br \/>Arvonta ei ole mill\u00e4\u00e4n tavoin Instagramin, Facebookin tai vastaavan median sponsoroima, suosittelema tai hallinnoima. Osallistujat sitoutuvat vapauttamaan Instagramin ja Facebookin kaikista arvontaan liittyvist\u00e4 vastuista ja vaatimuksista. Osallistuja antaa tietonsa ainoastaan arvonnan j\u00e4rjest\u00e4j\u00e4n WSI:n k\u00e4ytt\u00f6\u00f6n, ei Instagramin, Facebookin tai vastaavan median k\u00e4ytt\u00f6\u00f6n.<br \/><br \/><\/p><p><strong> 8. Muut ehdot<br \/><\/strong>Arvontaan voi osallistuja osallistua vain yhden kerran kutakin arvontaa ja julkaisukanavaa kohden.<\/p><p>Osallistumalla arvontaan osallistujat sitoutuvat noudattamaan n\u00e4it\u00e4 s\u00e4\u00e4nt\u00f6j\u00e4 ja WSI:n niiden tulkinnasta mahdollisesti antamia p\u00e4\u00e4t\u00f6ksi\u00e4. WSI pid\u00e4tt\u00e4\u00e4 itsell\u00e4\u00e4n oikeuden s\u00e4\u00e4nt\u00f6muutoksiin. Osallistuja sitoutuu noudattamaan my\u00f6s osallistumiskanavien k\u00e4ytt\u00f6ehtoja. WSI voi hyl\u00e4t\u00e4 mink\u00e4 tahansa osallistujan omalla p\u00e4\u00e4t\u00f6ksell\u00e4\u00e4n, kun siihen on perusteltu syy.<\/p><p><strong> 9. Arvontojen verotus<br \/><\/strong>Arvonnan j\u00e4rjest\u00e4j\u00e4 maksaa arvonnan palkinnon arvosta 30 prosenttia veroa, mik\u00e4li arvottavien palkintojen kokonaisarvo ylitt\u00e4\u00e4 kuukaudessa 166,66 euroa.<\/p>\t\t\t\t\t\t\t\t<\/div>\n\t\t\t\t\t<\/div>\n\t\t<\/div>\n\t\t\t\t\t<\/div>\n\t\t<\/section>\n\t\t\t\t<\/div>","protected":false},"excerpt":{"rendered":"<p>Arvonnan s\u00e4\u00e4nn\u00f6t ARVONNAN S\u00c4\u00c4NN\u00d6T 1. J\u00e4rjest\u00e4j\u00e4El\u00e4mysten tapahtumatalon Wanhan Sataman toimintaan liittyv\u00e4n markkinoinnin yhteydess\u00e4 toteutettavien arvontojen j\u00e4rjest\u00e4j\u00e4n\u00e4 toimii Wanha Satama Interactive Oy (WSI), Pikku Satamakatu 3-5, 00160 Helsinki. Y-tunnus: 2066071-9, kotipaikka Helsinki. 2. Arvonnan tai kilpailun alkamis- ja p\u00e4\u00e4ttymisaika.Arvontaan voi osallistua arvonnan julkaisussa ilmoitettavana osallistumisaikana ja arvonta suoritetaan arvonnan julkaisuilmoituksessa mainittuna ajankohtana. 3. OsallistumisoikeusPalkintojen arvontaan voivat [&hellip;]<\/p>\n","protected":false},"author":2,"featured_media":0,"parent":0,"menu_order":0,"comment_status":"closed","ping_status":"closed","template":"","meta":{"_improvement_type_select":"improve_an_existing","_thumb_yes_seoaic":false,"_frame_yes_seoaic":false,"seoaic_generate_description":"","seoaic_improve_instructions_prompt":"","seoaic_rollback_content_improvement":"","seoaic_idea_thumbnail_generator":"","thumbnail_generated":false,"thumbnail_generate_prompt":"","seoaic_article_description":"","site-sidebar-layout":"no-sidebar","site-content-layout":"page-builder","ast-site-content-layout":"default","site-content-style":"default","site-sidebar-style":"default","ast-global-header-display":"","ast-banner-title-visibility":"","ast-main-header-display":"","ast-hfb-above-header-display":"","ast-hfb-below-header-display":"","ast-hfb-mobile-header-display":"","site-post-title":"disabled","ast-breadcrumbs-content":"","ast-featured-img":"disabled","footer-sml-layout":"","ast-disable-related-posts":"","theme-transparent-header-meta":"enabled","adv-header-id-meta":"","stick-header-meta":"","header-above-stick-meta":"","header-main-stick-meta":"","header-below-stick-meta":"","astra-migrate-meta-layouts":"default","ast-page-background-enabled":"default","ast-page-background-meta":{"desktop":{"background-color":"","background-image":"","background-repeat":"repeat","background-position":"center center","background-size":"auto","background-attachment":"scroll","background-type":"","background-media":"","overlay-type":"","overlay-color":"","overlay-opacity":"","overlay-gradient":""},"tablet":{"background-color":"","background-image":"","background-repeat":"repeat","background-position":"center center","background-size":"auto","background-attachment":"scroll","background-type":"","background-media":"","overlay-type":"","overlay-color":"","overlay-opacity":"","overlay-gradient":""},"mobile":{"background-color":"","background-image":"","background-repeat":"repeat","background-position":"center center","background-size":"auto","background-attachment":"scroll","background-type":"","background-media":"","overlay-type":"","overlay-color":"","overlay-opacity":"","overlay-gradient":""}},"ast-content-background-meta":{"desktop":{"background-color":"var(--ast-global-color-5)","background-image":"","background-repeat":"repeat","background-position":"center center","background-size":"auto","background-attachment":"scroll","background-type":"","background-media":"","overlay-type":"","overlay-color":"","overlay-opacity":"","overlay-gradient":""},"tablet":{"background-color":"var(--ast-global-color-5)","background-image":"","background-repeat":"repeat","background-position":"center center","background-size":"auto","background-attachment":"scroll","background-type":"","background-media":"","overlay-type":"","overlay-color":"","overlay-opacity":"","overlay-gradient":""},"mobile":{"background-color":"var(--ast-global-color-5)","background-image":"","background-repeat":"repeat","background-position":"center center","background-size":"auto","background-attachment":"scroll","background-type":"","background-media":"","overlay-type":"","overlay-color":"","overlay-opacity":"","overlay-gradient":""}},"footnotes":""},"class_list":["post-3645","page","type-page","status-publish","hentry"],"yoast_head":"<!-- This site is optimized with the Yoast SEO plugin v27.5 - https:\/\/yoast.com\/product\/yoast-seo-wordpress\/ -->\n<title>Arvonnan s\u00e4\u00e4nn\u00f6t - El\u00e4mysten Wanha Satama<\/title>\n<meta name=\"description\" content=\"Tilavuokrauksen yleiset ehdot\" \/>\n<meta name=\"robots\" content=\"index, follow, max-snippet:-1, max-image-preview:large, max-video-preview:-1\" \/>\n<link rel=\"canonical\" href=\"https:\/\/www.wanhasatama.fi\/en\/arvonnan-saannot\/\" \/>\n<meta property=\"og:locale\" content=\"en_US\" \/>\n<meta property=\"og:type\" content=\"article\" \/>\n<meta property=\"og:title\" content=\"Arvonnan s\u00e4\u00e4nn\u00f6t - El\u00e4mysten Wanha Satama\" \/>\n<meta property=\"og:description\" content=\"Tilavuokrauksen yleiset ehdot\" \/>\n<meta property=\"og:url\" content=\"https:\/\/www.wanhasatama.fi\/en\/arvonnan-saannot\/\" \/>\n<meta property=\"og:site_name\" content=\"El\u00e4mysten Wanha Satama\" \/>\n<meta property=\"article:modified_time\" content=\"2023-09-20T12:21:43+00:00\" \/>\n<meta name=\"twitter:card\" content=\"summary_large_image\" \/>\n<meta name=\"twitter:label1\" content=\"Est. reading time\" \/>\n\t<meta name=\"twitter:data1\" content=\"2 minutes\" \/>\n<script type=\"application\/ld+json\" class=\"yoast-schema-graph\">{\"@context\":\"https:\\\/\\\/schema.org\",\"@graph\":[{\"@type\":\"WebPage\",\"@id\":\"https:\\\/\\\/www.wanhasatama.fi\\\/arvonnan-saannot\\\/\",\"url\":\"https:\\\/\\\/www.wanhasatama.fi\\\/arvonnan-saannot\\\/\",\"name\":\"Arvonnan s\u00e4\u00e4nn\u00f6t - El\u00e4mysten Wanha Satama\",\"isPartOf\":{\"@id\":\"https:\\\/\\\/www.wanhasatama.fi\\\/#website\"},\"datePublished\":\"2023-09-20T12:16:50+00:00\",\"dateModified\":\"2023-09-20T12:21:43+00:00\",\"description\":\"Tilavuokrauksen yleiset ehdot\",\"breadcrumb\":{\"@id\":\"https:\\\/\\\/www.wanhasatama.fi\\\/arvonnan-saannot\\\/#breadcrumb\"},\"inLanguage\":\"en-US\",\"potentialAction\":[{\"@type\":\"ReadAction\",\"target\":[\"https:\\\/\\\/www.wanhasatama.fi\\\/arvonnan-saannot\\\/\"]}]},{\"@type\":\"BreadcrumbList\",\"@id\":\"https:\\\/\\\/www.wanhasatama.fi\\\/arvonnan-saannot\\\/#breadcrumb\",\"itemListElement\":[{\"@type\":\"ListItem\",\"position\":1,\"name\":\"Home\",\"item\":\"https:\\\/\\\/www.wanhasatama.fi\\\/\"},{\"@type\":\"ListItem\",\"position\":2,\"name\":\"Arvonnan s\u00e4\u00e4nn\u00f6t\"}]},{\"@type\":\"WebSite\",\"@id\":\"https:\\\/\\\/www.wanhasatama.fi\\\/#website\",\"url\":\"https:\\\/\\\/www.wanhasatama.fi\\\/\",\"name\":\"El\u00e4mysten Wanha Satama\",\"description\":\"\",\"publisher\":{\"@id\":\"https:\\\/\\\/www.wanhasatama.fi\\\/#organization\"},\"potentialAction\":[{\"@type\":\"SearchAction\",\"target\":{\"@type\":\"EntryPoint\",\"urlTemplate\":\"https:\\\/\\\/www.wanhasatama.fi\\\/?s={search_term_string}\"},\"query-input\":{\"@type\":\"PropertyValueSpecification\",\"valueRequired\":true,\"valueName\":\"search_term_string\"}}],\"inLanguage\":\"en-US\"},{\"@type\":\"Organization\",\"@id\":\"https:\\\/\\\/www.wanhasatama.fi\\\/#organization\",\"name\":\"El\u00e4mysten Wanha Satama\",\"url\":\"https:\\\/\\\/www.wanhasatama.fi\\\/\",\"logo\":{\"@type\":\"ImageObject\",\"inLanguage\":\"en-US\",\"@id\":\"https:\\\/\\\/www.wanhasatama.fi\\\/#\\\/schema\\\/logo\\\/image\\\/\",\"url\":\"https:\\\/\\\/www.wanhasatama.fi\\\/wp-content\\\/uploads\\\/2021\\\/08\\\/logo200x200.png\",\"contentUrl\":\"https:\\\/\\\/www.wanhasatama.fi\\\/wp-content\\\/uploads\\\/2021\\\/08\\\/logo200x200.png\",\"width\":200,\"height\":200,\"caption\":\"El\u00e4mysten Wanha Satama\"},\"image\":{\"@id\":\"https:\\\/\\\/www.wanhasatama.fi\\\/#\\\/schema\\\/logo\\\/image\\\/\"}}]}<\/script>\n<!-- \/ Yoast SEO plugin. -->","yoast_head_json":{"title":"Arvonnan s\u00e4\u00e4nn\u00f6t - El\u00e4mysten Wanha Satama","description":"Tilavuokrauksen yleiset ehdot","robots":{"index":"index","follow":"follow","max-snippet":"max-snippet:-1","max-image-preview":"max-image-preview:large","max-video-preview":"max-video-preview:-1"},"canonical":"https:\/\/www.wanhasatama.fi\/en\/arvonnan-saannot\/","og_locale":"en_US","og_type":"article","og_title":"Arvonnan s\u00e4\u00e4nn\u00f6t - El\u00e4mysten Wanha Satama","og_description":"Tilavuokrauksen yleiset ehdot","og_url":"https:\/\/www.wanhasatama.fi\/en\/arvonnan-saannot\/","og_site_name":"El\u00e4mysten Wanha Satama","article_modified_time":"2023-09-20T12:21:43+00:00","twitter_card":"summary_large_image","twitter_misc":{"Est. reading time":"2 minutes"},"schema":{"@context":"https:\/\/schema.org","@graph":[{"@type":"WebPage","@id":"https:\/\/www.wanhasatama.fi\/arvonnan-saannot\/","url":"https:\/\/www.wanhasatama.fi\/arvonnan-saannot\/","name":"Arvonnan s\u00e4\u00e4nn\u00f6t - El\u00e4mysten Wanha Satama","isPartOf":{"@id":"https:\/\/www.wanhasatama.fi\/#website"},"datePublished":"2023-09-20T12:16:50+00:00","dateModified":"2023-09-20T12:21:43+00:00","description":"Tilavuokrauksen yleiset ehdot","breadcrumb":{"@id":"https:\/\/www.wanhasatama.fi\/arvonnan-saannot\/#breadcrumb"},"inLanguage":"en-US","potentialAction":[{"@type":"ReadAction","target":["https:\/\/www.wanhasatama.fi\/arvonnan-saannot\/"]}]},{"@type":"BreadcrumbList","@id":"https:\/\/www.wanhasatama.fi\/arvonnan-saannot\/#breadcrumb","itemListElement":[{"@type":"ListItem","position":1,"name":"Home","item":"https:\/\/www.wanhasatama.fi\/"},{"@type":"ListItem","position":2,"name":"Arvonnan s\u00e4\u00e4nn\u00f6t"}]},{"@type":"WebSite","@id":"https:\/\/www.wanhasatama.fi\/#website","url":"https:\/\/www.wanhasatama.fi\/","name":"Experience Wanha Satama","description":"","publisher":{"@id":"https:\/\/www.wanhasatama.fi\/#organization"},"potentialAction":[{"@type":"SearchAction","target":{"@type":"EntryPoint","urlTemplate":"https:\/\/www.wanhasatama.fi\/?s={search_term_string}"},"query-input":{"@type":"PropertyValueSpecification","valueRequired":true,"valueName":"search_term_string"}}],"inLanguage":"en-US"},{"@type":"Organization","@id":"https:\/\/www.wanhasatama.fi\/#organization","name":"Experience Wanha Satama","url":"https:\/\/www.wanhasatama.fi\/","logo":{"@type":"ImageObject","inLanguage":"en-US","@id":"https:\/\/www.wanhasatama.fi\/#\/schema\/logo\/image\/","url":"https:\/\/www.wanhasatama.fi\/wp-content\/uploads\/2021\/08\/logo200x200.png","contentUrl":"https:\/\/www.wanhasatama.fi\/wp-content\/uploads\/2021\/08\/logo200x200.png","width":200,"height":200,"caption":"El\u00e4mysten Wanha Satama"},"image":{"@id":"https:\/\/www.wanhasatama.fi\/#\/schema\/logo\/image\/"}}]}},"_links":{"self":[{"href":"https:\/\/www.wanhasatama.fi\/en\/wp-json\/wp\/v2\/pages\/3645","targetHints":{"allow":["GET"]}}],"collection":[{"href":"https:\/\/www.wanhasatama.fi\/en\/wp-json\/wp\/v2\/pages"}],"about":[{"href":"https:\/\/www.wanhasatama.fi\/en\/wp-json\/wp\/v2\/types\/page"}],"author":[{"embeddable":true,"href":"https:\/\/www.wanhasatama.fi\/en\/wp-json\/wp\/v2\/users\/2"}],"replies":[{"embeddable":true,"href":"https:\/\/www.wanhasatama.fi\/en\/wp-json\/wp\/v2\/comments?post=3645"}],"version-history":[{"count":4,"href":"https:\/\/www.wanhasatama.fi\/en\/wp-json\/wp\/v2\/pages\/3645\/revisions"}],"predecessor-version":[{"id":3649,"href":"https:\/\/www.wanhasatama.fi\/en\/wp-json\/wp\/v2\/pages\/3645\/revisions\/3649"}],"wp:attachment":[{"href":"https:\/\/www.wanhasatama.fi\/en\/wp-json\/wp\/v2\/media?parent=3645"}],"curies":[{"name":"wp","href":"https:\/\/api.w.org\/{rel}","templated":true}]}}