{"id":3095,"date":"2023-06-01T08:44:39","date_gmt":"2023-06-01T08:44:39","guid":{"rendered":"https:\/\/www.wanhasatama.fi\/?page_id=3095"},"modified":"2026-03-19T08:58:38","modified_gmt":"2026-03-19T08:58:38","slug":"tietosuojaseloste","status":"publish","type":"page","link":"https:\/\/www.wanhasatama.fi\/en\/tietosuojaseloste\/","title":{"rendered":"Tietosuojaseloste"},"content":{"rendered":"<div data-elementor-type=\"wp-post\" data-elementor-id=\"3095\" class=\"elementor elementor-3095\" data-elementor-post-type=\"page\">\n\t\t\t\t<div class=\"elementor-element elementor-element-97925db e-flex e-con-boxed e-con e-parent\" data-id=\"97925db\" data-element_type=\"container\" data-e-type=\"container\" data-settings=\"{&quot;background_background&quot;:&quot;classic&quot;}\">\n\t\t\t\t\t<div class=\"e-con-inner\">\n\t\t\t\t<div class=\"elementor-element elementor-element-5158a1f elementor-widget elementor-widget-heading\" data-id=\"5158a1f\" data-element_type=\"widget\" data-e-type=\"widget\" data-widget_type=\"heading.default\">\n\t\t\t\t\t<h1 class=\"elementor-heading-title elementor-size-default\">Tietosuojaseloste<\/h1>\t\t\t\t<\/div>\n\t\t\t\t\t<\/div>\n\t\t\t\t<\/div>\n\t\t<div class=\"elementor-element elementor-element-aa07471 e-flex e-con-boxed e-con e-parent\" data-id=\"aa07471\" data-element_type=\"container\" data-e-type=\"container\">\n\t\t\t\t\t<div class=\"e-con-inner\">\n\t\t<div class=\"elementor-element elementor-element-2998abf e-con-full e-flex e-con e-child\" data-id=\"2998abf\" data-element_type=\"container\" data-e-type=\"container\">\n\t\t\t\t<div class=\"elementor-element elementor-element-551bc9a elementor-widget elementor-widget-text-editor\" data-id=\"551bc9a\" data-element_type=\"widget\" data-e-type=\"widget\" data-widget_type=\"text-editor.default\">\n\t\t\t\t\t\t\t\t\t<h4>Rekisterinpit\u00e4j\u00e4<\/h4><p>The Satama Oy (Y-tunnus: 2531517-2)<\/p><p>Jaakonkatu 2<br \/>Martintalo<br \/>01620 Vantaa<\/p><p>Pikku Satamakatu 3\u20135<br \/>Wanha Satama<br \/>00160 Helsinki<\/p><h4>Rekisteriasioita hoitava henkil\u00f6<\/h4><p><strong>Pasi Miettinen<\/strong><br \/>+358 40 519 8451<br \/>pasi.miettinen@thesatama.fi<\/p><h4>Rekisterin nimi<\/h4><p>The Satama Oy:n asiakasrekisteri<\/p><h4>Rekisterin pit\u00e4misen peruste<\/h4><p>Rekister\u00f6idyn suostumus ja\/tai henkil\u00f6tietolain 19 \u00a7:n 1 momentin 3 kohta<\/p><h4>Rekisterin k\u00e4ytt\u00f6tarkoitus<\/h4><p>Rekisterin sis\u00e4lt\u00e4mi\u00e4 tietoja voidaan k\u00e4ytt\u00e4\u00e4 rekister\u00f6idyn ty\u00f6teht\u00e4viin liittyv\u00e4\u00e4n The Satama Oy:n ja sen kanssa samaan konserniin kuuluvien yhti\u00f6iden (j\u00e4ljemp\u00e4n\u00e4 yhdess\u00e4 The Satama Oy) suoramainontaan, et\u00e4myyntiin tai muuhun suoramarkkinointiin, mielipide- tai markkinatutkimukseen, tai muihin n\u00e4ihin rinnastettaviin osoitteellisiin l\u00e4hetyksiin ja niiden kohdentamiseen lains\u00e4\u00e4d\u00e4nn\u00f6n sallimissa rajoissa. Markkinointi voi koskea my\u00f6s The Satama Oy:n kumppaneiden tuotteita tai palveluita. Rekister\u00f6idyll\u00e4 on oikeus kielt\u00e4\u00e4 h\u00e4nt\u00e4 koskeva suoramarkkinointi.<\/p><h4>Rekisterin sis\u00e4lt\u00e4m\u00e4t tiedot<\/h4><p>Rekisteri voi sis\u00e4lt\u00e4\u00e4 seuraavia tietoja The Satama Oy:n yritysasiakasprospekteista:<\/p><ul><li>Yrityksen yhteyshenkil\u00f6n tiedot (nimi, osoite, puhelinnumero, s\u00e4hk\u00f6postiosoite sek\u00e4 teht\u00e4v\u00e4 ja asema yrityksess\u00e4)<\/li><li>Mahdollista asiakas- tai asiointihistoriaa koskevat tiedot, kuten yhteydenotot, tarjous-, tilaus- ja sopimustiedot<\/li><li>Rekister\u00f6idyn itsens\u00e4 antamat tai muutoin rekister\u00f6idyn suostumuksella ker\u00e4tyt lis\u00e4tiedot (esim. rekister\u00f6idyn ammatilliset kiinnostuksen kohteet)<\/li><li>Rekisterin sis\u00e4lt\u00e4mist\u00e4 tiedoista koostetut rekisterin k\u00e4ytt\u00f6tarkoituksen kannalta relevantit rekister\u00f6ity\u00e4 koskevat tiedot<\/li><li>Suoramarkkinointiluvat ja -kiellot<\/li><\/ul><h4>Rekisteritietojen tietol\u00e4hde<\/h4><p>Henkil\u00f6tietoja voidaan ker\u00e4t\u00e4 ja p\u00e4ivitt\u00e4\u00e4 julkisista l\u00e4hteist\u00e4, kuten yritysten verkkosivuilta, The Satama Oy:n muista rekistereist\u00e4, kaupparekisterist\u00e4, sek\u00e4 muista kolmansien osapuolten rekistereist\u00e4. Henkil\u00f6tietoja voidaan ker\u00e4t\u00e4 my\u00f6s suoraan rekister\u00f6idylt\u00e4 esimerkiksi The Satama Oy:n palveluihin rekister\u00f6idytt\u00e4ess\u00e4 tai muutoin rekister\u00f6idyn suostumuksella (esim. ev\u00e4steit\u00e4 k\u00e4ytt\u00e4m\u00e4ll\u00e4).<\/p><h4>Tietojen luovutus<\/h4><p>The Satama Oy voi luovuttaa rekisterin sis\u00e4lt\u00e4mi\u00e4 voimassaolevan lains\u00e4\u00e4d\u00e4nn\u00f6n sallimissa ja velvoittavissa rajoissa. Tietojen k\u00e4sittelyn teknisen tai operatiivisen toteuttamisen johdosta osa tiedoista voi sijaita The Satama Oy:n alihankkijoilla tai tietoja saatetaan muuten k\u00e4sitell\u00e4 teknisen k\u00e4ytt\u00f6yhteyden avulla. The Satama Oy voi my\u00f6s k\u00e4ytt\u00e4\u00e4 alihankkijoita tietojen k\u00e4sittelyss\u00e4. Tietoja voidaan siirt\u00e4\u00e4 Euroopan unionin tai Euroopan talousalueen ulkopuolelle. T\u00e4ll\u00f6inkin The Satama Oy huolehtii riitt\u00e4v\u00e4st\u00e4 tietosuojan tasosta lains\u00e4\u00e4d\u00e4nn\u00f6n edellytt\u00e4m\u00e4ll\u00e4 tavalla.<\/p><h4>Rekisterin luottamuksellisuus<\/h4><p>Koko The Satama Oy:n henkil\u00f6st\u00f6ll\u00e4 ja sen lukuun toimivilla ulkopuolisilla henkil\u00f6ill\u00e4 on vaitiolovelvollisuus liittyen kaikkiin rekisterin sis\u00e4lt\u00e4miin henkil\u00f6tietoihin. Rekisterin k\u00e4ytt\u00f6 on suojattu k\u00e4ytt\u00e4j\u00e4kohtaisin tunnuksin, salasanoin ja k\u00e4ytt\u00f6oikeuksin.<\/p><h4>Tarkastusoikeus<\/h4><p>Rekister\u00f6idyll\u00e4 on henkil\u00f6tietolain 26 \u00a7:n mukaisesti oikeus tarkistaa, mit\u00e4 h\u00e4nt\u00e4 koskevia tietoja on henkil\u00f6-rekisteriin tallennettu. Tarkastuspyynt\u00f6 tulee l\u00e4hett\u00e4\u00e4 kirjallisesti ja allekirjoitettuna osoitteeseen:<\/p><p>The Satama Oy<br \/>Jaakonkatu 2, Martintalo<br \/>01620 Vantaa<\/p><p>Tarkastuspyynn\u00f6ss\u00e4 tulee olla maininta, ett\u00e4 pyynt\u00f6 koskee The Satama Oy yritysasiakkaiden markkinointirekisterin rekisteritietoja.<\/p>\t\t\t\t\t\t\t\t<\/div>\n\t\t\t\t<\/div>\n\t\t\t\t\t<\/div>\n\t\t\t\t<\/div>\n\t\t\t\t<\/div>","protected":false},"excerpt":{"rendered":"<p>Tietosuojaseloste Rekisterinpit\u00e4j\u00e4 The Satama Oy (Y-tunnus: 2531517-2) Jaakonkatu 2Martintalo01620 Vantaa Pikku Satamakatu 3\u20135Wanha Satama00160 Helsinki Rekisteriasioita hoitava henkil\u00f6 Pasi Miettinen+358 40 519 8451pasi.miettinen@thesatama.fi Rekisterin nimi The Satama Oy:n asiakasrekisteri Rekisterin pit\u00e4misen peruste Rekister\u00f6idyn suostumus ja\/tai henkil\u00f6tietolain 19 \u00a7:n 1 momentin 3 kohta Rekisterin k\u00e4ytt\u00f6tarkoitus Rekisterin sis\u00e4lt\u00e4mi\u00e4 tietoja voidaan k\u00e4ytt\u00e4\u00e4 rekister\u00f6idyn ty\u00f6teht\u00e4viin liittyv\u00e4\u00e4n The Satama Oy:n [&hellip;]<\/p>\n","protected":false},"author":2,"featured_media":0,"parent":0,"menu_order":0,"comment_status":"closed","ping_status":"closed","template":"","meta":{"_improvement_type_select":"improve_an_existing","_thumb_yes_seoaic":false,"_frame_yes_seoaic":false,"seoaic_generate_description":"","seoaic_improve_instructions_prompt":"","seoaic_rollback_content_improvement":"","seoaic_idea_thumbnail_generator":"","thumbnail_generated":false,"thumbnail_generate_prompt":"","seoaic_article_description":"","site-sidebar-layout":"no-sidebar","site-content-layout":"page-builder","ast-site-content-layout":"default","site-content-style":"default","site-sidebar-style":"default","ast-global-header-display":"","ast-banner-title-visibility":"","ast-main-header-display":"","ast-hfb-above-header-display":"","ast-hfb-below-header-display":"","ast-hfb-mobile-header-display":"","site-post-title":"disabled","ast-breadcrumbs-content":"","ast-featured-img":"disabled","footer-sml-layout":"","ast-disable-related-posts":"","theme-transparent-header-meta":"enabled","adv-header-id-meta":"","stick-header-meta":"","header-above-stick-meta":"","header-main-stick-meta":"","header-below-stick-meta":"","astra-migrate-meta-layouts":"default","ast-page-background-enabled":"default","ast-page-background-meta":{"desktop":{"background-color":"","background-image":"","background-repeat":"repeat","background-position":"center center","background-size":"auto","background-attachment":"scroll","background-type":"","background-media":"","overlay-type":"","overlay-color":"","overlay-opacity":"","overlay-gradient":""},"tablet":{"background-color":"","background-image":"","background-repeat":"repeat","background-position":"center center","background-size":"auto","background-attachment":"scroll","background-type":"","background-media":"","overlay-type":"","overlay-color":"","overlay-opacity":"","overlay-gradient":""},"mobile":{"background-color":"","background-image":"","background-repeat":"repeat","background-position":"center center","background-size":"auto","background-attachment":"scroll","background-type":"","background-media":"","overlay-type":"","overlay-color":"","overlay-opacity":"","overlay-gradient":""}},"ast-content-background-meta":{"desktop":{"background-color":"var(--ast-global-color-5)","background-image":"","background-repeat":"repeat","background-position":"center center","background-size":"auto","background-attachment":"scroll","background-type":"","background-media":"","overlay-type":"","overlay-color":"","overlay-opacity":"","overlay-gradient":""},"tablet":{"background-color":"var(--ast-global-color-5)","background-image":"","background-repeat":"repeat","background-position":"center center","background-size":"auto","background-attachment":"scroll","background-type":"","background-media":"","overlay-type":"","overlay-color":"","overlay-opacity":"","overlay-gradient":""},"mobile":{"background-color":"var(--ast-global-color-5)","background-image":"","background-repeat":"repeat","background-position":"center center","background-size":"auto","background-attachment":"scroll","background-type":"","background-media":"","overlay-type":"","overlay-color":"","overlay-opacity":"","overlay-gradient":""}},"footnotes":""},"class_list":["post-3095","page","type-page","status-publish","hentry"],"yoast_head":"<!-- This site is optimized with the Yoast SEO plugin v27.5 - https:\/\/yoast.com\/product\/yoast-seo-wordpress\/ -->\n<title>Tietosuojaseloste - El\u00e4mysten Wanha Satama<\/title>\n<meta name=\"description\" content=\"Tilavuokrauksen yleiset ehdot\" \/>\n<meta name=\"robots\" content=\"index, follow, max-snippet:-1, max-image-preview:large, max-video-preview:-1\" \/>\n<link rel=\"canonical\" href=\"https:\/\/www.wanhasatama.fi\/en\/tietosuojaseloste\/\" \/>\n<meta property=\"og:locale\" content=\"en_US\" \/>\n<meta property=\"og:type\" content=\"article\" \/>\n<meta property=\"og:title\" content=\"Tietosuojaseloste - El\u00e4mysten Wanha Satama\" \/>\n<meta property=\"og:description\" content=\"Tilavuokrauksen yleiset ehdot\" \/>\n<meta property=\"og:url\" content=\"https:\/\/www.wanhasatama.fi\/en\/tietosuojaseloste\/\" \/>\n<meta property=\"og:site_name\" content=\"El\u00e4mysten Wanha Satama\" \/>\n<meta property=\"article:modified_time\" content=\"2026-03-19T08:58:38+00:00\" \/>\n<meta name=\"twitter:card\" content=\"summary_large_image\" \/>\n<meta name=\"twitter:label1\" content=\"Est. reading time\" \/>\n\t<meta name=\"twitter:data1\" content=\"2 minutes\" \/>\n<script type=\"application\/ld+json\" class=\"yoast-schema-graph\">{\"@context\":\"https:\\\/\\\/schema.org\",\"@graph\":[{\"@type\":\"WebPage\",\"@id\":\"https:\\\/\\\/www.wanhasatama.fi\\\/tietosuojaseloste\\\/\",\"url\":\"https:\\\/\\\/www.wanhasatama.fi\\\/tietosuojaseloste\\\/\",\"name\":\"Tietosuojaseloste - El\u00e4mysten Wanha Satama\",\"isPartOf\":{\"@id\":\"https:\\\/\\\/www.wanhasatama.fi\\\/#website\"},\"datePublished\":\"2023-06-01T08:44:39+00:00\",\"dateModified\":\"2026-03-19T08:58:38+00:00\",\"description\":\"Tilavuokrauksen yleiset ehdot\",\"breadcrumb\":{\"@id\":\"https:\\\/\\\/www.wanhasatama.fi\\\/tietosuojaseloste\\\/#breadcrumb\"},\"inLanguage\":\"en-US\",\"potentialAction\":[{\"@type\":\"ReadAction\",\"target\":[\"https:\\\/\\\/www.wanhasatama.fi\\\/tietosuojaseloste\\\/\"]}]},{\"@type\":\"BreadcrumbList\",\"@id\":\"https:\\\/\\\/www.wanhasatama.fi\\\/tietosuojaseloste\\\/#breadcrumb\",\"itemListElement\":[{\"@type\":\"ListItem\",\"position\":1,\"name\":\"Home\",\"item\":\"https:\\\/\\\/www.wanhasatama.fi\\\/\"},{\"@type\":\"ListItem\",\"position\":2,\"name\":\"Tietosuojaseloste\"}]},{\"@type\":\"WebSite\",\"@id\":\"https:\\\/\\\/www.wanhasatama.fi\\\/#website\",\"url\":\"https:\\\/\\\/www.wanhasatama.fi\\\/\",\"name\":\"El\u00e4mysten Wanha Satama\",\"description\":\"\",\"publisher\":{\"@id\":\"https:\\\/\\\/www.wanhasatama.fi\\\/#organization\"},\"potentialAction\":[{\"@type\":\"SearchAction\",\"target\":{\"@type\":\"EntryPoint\",\"urlTemplate\":\"https:\\\/\\\/www.wanhasatama.fi\\\/?s={search_term_string}\"},\"query-input\":{\"@type\":\"PropertyValueSpecification\",\"valueRequired\":true,\"valueName\":\"search_term_string\"}}],\"inLanguage\":\"en-US\"},{\"@type\":\"Organization\",\"@id\":\"https:\\\/\\\/www.wanhasatama.fi\\\/#organization\",\"name\":\"El\u00e4mysten Wanha Satama\",\"url\":\"https:\\\/\\\/www.wanhasatama.fi\\\/\",\"logo\":{\"@type\":\"ImageObject\",\"inLanguage\":\"en-US\",\"@id\":\"https:\\\/\\\/www.wanhasatama.fi\\\/#\\\/schema\\\/logo\\\/image\\\/\",\"url\":\"https:\\\/\\\/www.wanhasatama.fi\\\/wp-content\\\/uploads\\\/2021\\\/08\\\/logo200x200.png\",\"contentUrl\":\"https:\\\/\\\/www.wanhasatama.fi\\\/wp-content\\\/uploads\\\/2021\\\/08\\\/logo200x200.png\",\"width\":200,\"height\":200,\"caption\":\"El\u00e4mysten Wanha Satama\"},\"image\":{\"@id\":\"https:\\\/\\\/www.wanhasatama.fi\\\/#\\\/schema\\\/logo\\\/image\\\/\"}}]}<\/script>\n<!-- \/ Yoast SEO plugin. -->","yoast_head_json":{"title":"Tietosuojaseloste - El\u00e4mysten Wanha Satama","description":"Tilavuokrauksen yleiset ehdot","robots":{"index":"index","follow":"follow","max-snippet":"max-snippet:-1","max-image-preview":"max-image-preview:large","max-video-preview":"max-video-preview:-1"},"canonical":"https:\/\/www.wanhasatama.fi\/en\/tietosuojaseloste\/","og_locale":"en_US","og_type":"article","og_title":"Tietosuojaseloste - El\u00e4mysten Wanha Satama","og_description":"Tilavuokrauksen yleiset ehdot","og_url":"https:\/\/www.wanhasatama.fi\/en\/tietosuojaseloste\/","og_site_name":"El\u00e4mysten Wanha Satama","article_modified_time":"2026-03-19T08:58:38+00:00","twitter_card":"summary_large_image","twitter_misc":{"Est. reading time":"2 minutes"},"schema":{"@context":"https:\/\/schema.org","@graph":[{"@type":"WebPage","@id":"https:\/\/www.wanhasatama.fi\/tietosuojaseloste\/","url":"https:\/\/www.wanhasatama.fi\/tietosuojaseloste\/","name":"Tietosuojaseloste - El\u00e4mysten Wanha Satama","isPartOf":{"@id":"https:\/\/www.wanhasatama.fi\/#website"},"datePublished":"2023-06-01T08:44:39+00:00","dateModified":"2026-03-19T08:58:38+00:00","description":"Tilavuokrauksen yleiset ehdot","breadcrumb":{"@id":"https:\/\/www.wanhasatama.fi\/tietosuojaseloste\/#breadcrumb"},"inLanguage":"en-US","potentialAction":[{"@type":"ReadAction","target":["https:\/\/www.wanhasatama.fi\/tietosuojaseloste\/"]}]},{"@type":"BreadcrumbList","@id":"https:\/\/www.wanhasatama.fi\/tietosuojaseloste\/#breadcrumb","itemListElement":[{"@type":"ListItem","position":1,"name":"Home","item":"https:\/\/www.wanhasatama.fi\/"},{"@type":"ListItem","position":2,"name":"Tietosuojaseloste"}]},{"@type":"WebSite","@id":"https:\/\/www.wanhasatama.fi\/#website","url":"https:\/\/www.wanhasatama.fi\/","name":"Experience Wanha Satama","description":"","publisher":{"@id":"https:\/\/www.wanhasatama.fi\/#organization"},"potentialAction":[{"@type":"SearchAction","target":{"@type":"EntryPoint","urlTemplate":"https:\/\/www.wanhasatama.fi\/?s={search_term_string}"},"query-input":{"@type":"PropertyValueSpecification","valueRequired":true,"valueName":"search_term_string"}}],"inLanguage":"en-US"},{"@type":"Organization","@id":"https:\/\/www.wanhasatama.fi\/#organization","name":"Experience Wanha Satama","url":"https:\/\/www.wanhasatama.fi\/","logo":{"@type":"ImageObject","inLanguage":"en-US","@id":"https:\/\/www.wanhasatama.fi\/#\/schema\/logo\/image\/","url":"https:\/\/www.wanhasatama.fi\/wp-content\/uploads\/2021\/08\/logo200x200.png","contentUrl":"https:\/\/www.wanhasatama.fi\/wp-content\/uploads\/2021\/08\/logo200x200.png","width":200,"height":200,"caption":"El\u00e4mysten Wanha Satama"},"image":{"@id":"https:\/\/www.wanhasatama.fi\/#\/schema\/logo\/image\/"}}]}},"_links":{"self":[{"href":"https:\/\/www.wanhasatama.fi\/en\/wp-json\/wp\/v2\/pages\/3095","targetHints":{"allow":["GET"]}}],"collection":[{"href":"https:\/\/www.wanhasatama.fi\/en\/wp-json\/wp\/v2\/pages"}],"about":[{"href":"https:\/\/www.wanhasatama.fi\/en\/wp-json\/wp\/v2\/types\/page"}],"author":[{"embeddable":true,"href":"https:\/\/www.wanhasatama.fi\/en\/wp-json\/wp\/v2\/users\/2"}],"replies":[{"embeddable":true,"href":"https:\/\/www.wanhasatama.fi\/en\/wp-json\/wp\/v2\/comments?post=3095"}],"version-history":[{"count":12,"href":"https:\/\/www.wanhasatama.fi\/en\/wp-json\/wp\/v2\/pages\/3095\/revisions"}],"predecessor-version":[{"id":7705,"href":"https:\/\/www.wanhasatama.fi\/en\/wp-json\/wp\/v2\/pages\/3095\/revisions\/7705"}],"wp:attachment":[{"href":"https:\/\/www.wanhasatama.fi\/en\/wp-json\/wp\/v2\/media?parent=3095"}],"curies":[{"name":"wp","href":"https:\/\/api.w.org\/{rel}","templated":true}]}}